{"id":517,"date":"2023-02-09T17:28:44","date_gmt":"2023-02-09T17:28:44","guid":{"rendered":"https:\/\/stupi.ro\/it\/?page_id=517"},"modified":"2023-04-02T18:18:51","modified_gmt":"2023-04-02T18:18:51","slug":"casettina-portasciami","status":"publish","type":"page","link":"https:\/\/stupi.ro\/it\/casettina-portasciami\/","title":{"rendered":"Casettina portasciami"},"content":{"rendered":"\t\t<div data-elementor-type=\"wp-page\" data-elementor-id=\"517\" class=\"elementor elementor-517\">\n\t\t\t\t\t\t<section class=\"elementor-section elementor-top-section elementor-element elementor-element-1277f0cc elementor-section-boxed elementor-section-gap-beside-yes elementor-section-height-default elementor-section-height-default elementor-section-content-align-center elementor-section-column-vertical-align-stretch\" data-id=\"1277f0cc\" data-element_type=\"section\" data-e-type=\"section\">\n\t\t\t\t\t\t<div class=\"elementor-container elementor-column-gap-extended\">\n\t\t\t\t\t<div class=\"elementor-column elementor-col-100 elementor-top-column elementor-element elementor-element-658eb714\" data-id=\"658eb714\" data-element_type=\"column\" data-e-type=\"column\">\n\t\t\t<div class=\"elementor-widget-wrap elementor-element-populated\">\n\t\t\t\t\t\t<div class=\"elementor-element elementor-element-157b7f4c elementor-widget elementor-widget-text-editor\" data-id=\"157b7f4c\" data-element_type=\"widget\" data-e-type=\"widget\" data-widget_type=\"text-editor.default\">\n\t\t\t\t<div class=\"elementor-widget-container\">\n\t\t\t\t\t\t\t\t\t<p>FAROSTUP<\/p>\t\t\t\t\t\t\t\t<\/div>\n\t\t\t\t<\/div>\n\t\t\t\t<div class=\"elementor-element elementor-element-65ac0292 elementor-widget elementor-widget-text-editor\" data-id=\"65ac0292\" data-element_type=\"widget\" data-e-type=\"widget\" data-widget_type=\"text-editor.default\">\n\t\t\t\t<div class=\"elementor-widget-container\">\n\t\t\t\t\t\t\t\t\t<p>Casettina portasciami<\/p>\t\t\t\t\t\t\t\t<\/div>\n\t\t\t\t<\/div>\n\t\t\t\t<div class=\"elementor-element elementor-element-78eb8cb elementor-widget elementor-widget-text-editor\" data-id=\"78eb8cb\" data-element_type=\"widget\" data-e-type=\"widget\" data-widget_type=\"text-editor.default\">\n\t\t\t\t<div class=\"elementor-widget-container\">\n\t\t\t\t\t\t\t\t\t<p>3 DIMENSIONI: 1\/1 3\/4 SI 1\/2<\/p>\t\t\t\t\t\t\t\t<\/div>\n\t\t\t\t<\/div>\n\t\t\t\t<section class=\"elementor-section elementor-inner-section elementor-element elementor-element-c91285b elementor-section-boxed elementor-section-gap-beside-yes elementor-section-height-default elementor-section-height-default elementor-section-content-align-center elementor-section-column-vertical-align-stretch\" data-id=\"c91285b\" data-element_type=\"section\" data-e-type=\"section\">\n\t\t\t\t\t\t<div class=\"elementor-container elementor-column-gap-extended\">\n\t\t\t\t\t<div class=\"elementor-column elementor-col-100 elementor-inner-column elementor-element elementor-element-aefc0fd\" data-id=\"aefc0fd\" data-element_type=\"column\" data-e-type=\"column\">\n\t\t\t<div class=\"elementor-widget-wrap elementor-element-populated\">\n\t\t\t\t\t\t<div class=\"elementor-element elementor-element-ef196dc elementor-widget elementor-widget-text-editor\" data-id=\"ef196dc\" data-element_type=\"widget\" data-e-type=\"widget\" data-widget_type=\"text-editor.default\">\n\t\t\t\t<div class=\"elementor-widget-container\">\n\t\t\t\t\t\t\t\t\t<p>Casettina portasciami V6 (3+3) \u00e8 realizzata in PUR, con uno spessore della parete di 20 mm. L\u2019alveare portatile \u00e8 progettata per ospitare una famiglia di api su 6 telai o 2 famiglie su ciascuno dei 3 telai. La separazione dell\u2019alveare portatile in due recinti viene effettuata con un diaframma mobile. Ogni recinto ha un ingresso con una plancia di volo. I componenti dell\u2019alveare portatile sono: zoccolo anti-varroa con vassoio e due ingressi; pareti laterali; diaframma; nutritore con due scomparti; coperchio con staffa di fissaggio. I piedini del zoccolo e del coperchio permettono la sovrapposizione degli alveari portatili. I componenti sono assemblati con cacciavite. La consegna viene effettuata sotto forma di kit; L&#8217;assemblaggio \u00e8 fatto dall&#8217;apicoltore.<\/p>\t\t\t\t\t\t\t\t<\/div>\n\t\t\t\t<\/div>\n\t\t\t\t\t<\/div>\n\t\t<\/div>\n\t\t\t\t\t<\/div>\n\t\t<\/section>\n\t\t\t\t<section class=\"elementor-section elementor-inner-section elementor-element elementor-element-5c89b10 elementor-section-boxed elementor-section-gap-beside-yes elementor-section-height-default elementor-section-height-default elementor-section-content-align-center elementor-section-column-vertical-align-stretch\" data-id=\"5c89b10\" data-element_type=\"section\" data-e-type=\"section\">\n\t\t\t\t\t\t<div class=\"elementor-container elementor-column-gap-extended\">\n\t\t\t\t\t<div class=\"elementor-column elementor-col-33 elementor-inner-column elementor-element elementor-element-109c733\" data-id=\"109c733\" data-element_type=\"column\" data-e-type=\"column\">\n\t\t\t<div class=\"elementor-widget-wrap elementor-element-populated\">\n\t\t\t\t\t\t<div class=\"elementor-element elementor-element-8a10755 elementor-widget elementor-widget-image\" data-id=\"8a10755\" data-element_type=\"widget\" data-e-type=\"widget\" data-widget_type=\"image.default\">\n\t\t\t\t<div class=\"elementor-widget-container\">\n\t\t\t\t\t\t\t\t\t\t\t\t\t\t\t<img fetchpriority=\"high\" decoding=\"async\" width=\"640\" height=\"960\" src=\"https:\/\/stupi.ro\/it\/wp-content\/uploads\/2023\/02\/IMG_5400-min-683x1024.png\" class=\"attachment-large size-large wp-image-526\" alt=\"\" srcset=\"https:\/\/stupi.ro\/it\/wp-content\/uploads\/2023\/02\/IMG_5400-min-683x1024.png 683w, https:\/\/stupi.ro\/it\/wp-content\/uploads\/2023\/02\/IMG_5400-min-200x300.png 200w, https:\/\/stupi.ro\/it\/wp-content\/uploads\/2023\/02\/IMG_5400-min-768x1152.png 768w, https:\/\/stupi.ro\/it\/wp-content\/uploads\/2023\/02\/IMG_5400-min-1024x1536.png 1024w, https:\/\/stupi.ro\/it\/wp-content\/uploads\/2023\/02\/IMG_5400-min-1365x2048.png 1365w, https:\/\/stupi.ro\/it\/wp-content\/uploads\/2023\/02\/IMG_5400-min-300x450.png 300w, https:\/\/stupi.ro\/it\/wp-content\/uploads\/2023\/02\/IMG_5400-min-600x900.png 600w\" sizes=\"(max-width: 640px) 100vw, 640px\" \/>\t\t\t\t\t\t\t\t\t\t\t\t\t\t\t<\/div>\n\t\t\t\t<\/div>\n\t\t\t\t\t<\/div>\n\t\t<\/div>\n\t\t\t\t<div class=\"elementor-column elementor-col-33 elementor-inner-column elementor-element elementor-element-dc566b9\" data-id=\"dc566b9\" data-element_type=\"column\" data-e-type=\"column\">\n\t\t\t<div class=\"elementor-widget-wrap elementor-element-populated\">\n\t\t\t\t\t\t<div class=\"elementor-element elementor-element-fb9ef97 elementor-widget elementor-widget-image\" data-id=\"fb9ef97\" data-element_type=\"widget\" data-e-type=\"widget\" data-widget_type=\"image.default\">\n\t\t\t\t<div class=\"elementor-widget-container\">\n\t\t\t\t\t\t\t\t\t\t\t\t\t\t\t<img decoding=\"async\" width=\"640\" height=\"960\" src=\"https:\/\/stupi.ro\/it\/wp-content\/uploads\/2023\/02\/IMG_5401-min-683x1024.png\" class=\"attachment-large size-large wp-image-527\" alt=\"\" srcset=\"https:\/\/stupi.ro\/it\/wp-content\/uploads\/2023\/02\/IMG_5401-min-683x1024.png 683w, https:\/\/stupi.ro\/it\/wp-content\/uploads\/2023\/02\/IMG_5401-min-200x300.png 200w, https:\/\/stupi.ro\/it\/wp-content\/uploads\/2023\/02\/IMG_5401-min-768x1152.png 768w, https:\/\/stupi.ro\/it\/wp-content\/uploads\/2023\/02\/IMG_5401-min-1024x1536.png 1024w, https:\/\/stupi.ro\/it\/wp-content\/uploads\/2023\/02\/IMG_5401-min-1365x2048.png 1365w, https:\/\/stupi.ro\/it\/wp-content\/uploads\/2023\/02\/IMG_5401-min-300x450.png 300w, https:\/\/stupi.ro\/it\/wp-content\/uploads\/2023\/02\/IMG_5401-min-600x900.png 600w\" sizes=\"(max-width: 640px) 100vw, 640px\" \/>\t\t\t\t\t\t\t\t\t\t\t\t\t\t\t<\/div>\n\t\t\t\t<\/div>\n\t\t\t\t\t<\/div>\n\t\t<\/div>\n\t\t\t\t<div class=\"elementor-column elementor-col-33 elementor-inner-column elementor-element elementor-element-306936b\" data-id=\"306936b\" data-element_type=\"column\" data-e-type=\"column\">\n\t\t\t<div class=\"elementor-widget-wrap elementor-element-populated\">\n\t\t\t\t\t\t<div class=\"elementor-element elementor-element-43eaefc elementor-widget elementor-widget-image\" data-id=\"43eaefc\" data-element_type=\"widget\" data-e-type=\"widget\" data-widget_type=\"image.default\">\n\t\t\t\t<div class=\"elementor-widget-container\">\n\t\t\t\t\t\t\t\t\t\t\t\t\t\t\t<img decoding=\"async\" width=\"640\" height=\"960\" src=\"https:\/\/stupi.ro\/it\/wp-content\/uploads\/2023\/02\/IMG_5402-min-683x1024.png\" class=\"attachment-large size-large wp-image-528\" alt=\"\" srcset=\"https:\/\/stupi.ro\/it\/wp-content\/uploads\/2023\/02\/IMG_5402-min-683x1024.png 683w, https:\/\/stupi.ro\/it\/wp-content\/uploads\/2023\/02\/IMG_5402-min-200x300.png 200w, https:\/\/stupi.ro\/it\/wp-content\/uploads\/2023\/02\/IMG_5402-min-768x1152.png 768w, https:\/\/stupi.ro\/it\/wp-content\/uploads\/2023\/02\/IMG_5402-min-1024x1536.png 1024w, https:\/\/stupi.ro\/it\/wp-content\/uploads\/2023\/02\/IMG_5402-min-1365x2048.png 1365w, https:\/\/stupi.ro\/it\/wp-content\/uploads\/2023\/02\/IMG_5402-min-300x450.png 300w, https:\/\/stupi.ro\/it\/wp-content\/uploads\/2023\/02\/IMG_5402-min-600x900.png 600w\" sizes=\"(max-width: 640px) 100vw, 640px\" \/>\t\t\t\t\t\t\t\t\t\t\t\t\t\t\t<\/div>\n\t\t\t\t<\/div>\n\t\t\t\t\t<\/div>\n\t\t<\/div>\n\t\t\t\t\t<\/div>\n\t\t<\/section>\n\t\t\t\t<div class=\"elementor-element elementor-element-9b39360 elementor-widget elementor-widget-text-editor\" data-id=\"9b39360\" data-element_type=\"widget\" data-e-type=\"widget\" data-widget_type=\"text-editor.default\">\n\t\t\t\t<div class=\"elementor-widget-container\">\n\t\t\t\t\t\t\t\t\t<p>Casettina portasciami V6 (3 + 3) \u00e8 realizzato in PUR con uno spessore della parete di 20 mm. La casettina \u00e8 progettato per ospitare una famiglia di api su 6 telai o 2 famiglie su 3 telai ciascuna. La separazione del portasciami in due ambienti avviene con un diaframma mobile. Ogni scomparto ha la sua entrata con il suo predellino di volo . I componenti della casettina portasciami sono: base antivarroa con due porticine di volo, pareti laterali, diaframma, il nutritore a due scomparti e coperchio con arco di fissaggio. I piedini sulla base e sul coperchio consentono la sovrapposizione delle casettine. I componenti sono assemblati con le viti. Vedi schizzo. La consegna viene effettuata in formato kit di montaggio ed il montaggio \u00e8 a cura dell\u2019apicoltore.<br \/>Il portasciami \u00e8 prodotto in 3 varianti dimensionale: V6 \u2013 1\/1 per il telaino da 300 mm, V6 \u2013 3\/4 per il telaino da 230 mm e V6 \u2013 1\/2 per il telaino da 162 mm.<\/p>\t\t\t\t\t\t\t\t<\/div>\n\t\t\t\t<\/div>\n\t\t\t\t<section class=\"elementor-section elementor-inner-section elementor-element elementor-element-cf829d5 elementor-section-content-middle elementor-section-boxed elementor-section-gap-beside-yes elementor-section-height-default elementor-section-height-default elementor-section-content-align-center elementor-section-column-vertical-align-stretch\" data-id=\"cf829d5\" data-element_type=\"section\" data-e-type=\"section\">\n\t\t\t\t\t\t<div class=\"elementor-container elementor-column-gap-extended\">\n\t\t\t\t\t<div class=\"elementor-column elementor-col-50 elementor-inner-column elementor-element elementor-element-7caecb0\" data-id=\"7caecb0\" data-element_type=\"column\" data-e-type=\"column\">\n\t\t\t<div class=\"elementor-widget-wrap elementor-element-populated\">\n\t\t\t\t\t\t<div class=\"elementor-element elementor-element-d978f1c elementor-widget elementor-widget-image\" data-id=\"d978f1c\" data-element_type=\"widget\" data-e-type=\"widget\" data-widget_type=\"image.default\">\n\t\t\t\t<div class=\"elementor-widget-container\">\n\t\t\t\t\t\t\t\t\t\t\t\t\t\t\t<img loading=\"lazy\" decoding=\"async\" width=\"640\" height=\"443\" src=\"https:\/\/stupi.ro\/it\/wp-content\/uploads\/2023\/02\/Schita_De_Montaj.jpg\" class=\"attachment-large size-large wp-image-529\" alt=\"\" srcset=\"https:\/\/stupi.ro\/it\/wp-content\/uploads\/2023\/02\/Schita_De_Montaj.jpg 866w, https:\/\/stupi.ro\/it\/wp-content\/uploads\/2023\/02\/Schita_De_Montaj-300x208.jpg 300w, https:\/\/stupi.ro\/it\/wp-content\/uploads\/2023\/02\/Schita_De_Montaj-768x531.jpg 768w, https:\/\/stupi.ro\/it\/wp-content\/uploads\/2023\/02\/Schita_De_Montaj-600x415.jpg 600w\" sizes=\"(max-width: 640px) 100vw, 640px\" \/>\t\t\t\t\t\t\t\t\t\t\t\t\t\t\t<\/div>\n\t\t\t\t<\/div>\n\t\t\t\t\t<\/div>\n\t\t<\/div>\n\t\t\t\t<div class=\"elementor-column elementor-col-50 elementor-inner-column elementor-element elementor-element-3f70feb\" data-id=\"3f70feb\" data-element_type=\"column\" data-e-type=\"column\" data-settings=\"{&quot;background_background&quot;:&quot;classic&quot;}\">\n\t\t\t<div class=\"elementor-widget-wrap elementor-element-populated\">\n\t\t\t\t\t\t<div class=\"elementor-element elementor-element-a4dad98 elementor-widget elementor-widget-text-editor\" data-id=\"a4dad98\" data-element_type=\"widget\" data-e-type=\"widget\" data-widget_type=\"text-editor.default\">\n\t\t\t\t<div class=\"elementor-widget-container\">\n\t\t\t\t\t\t\t\t\t<p><strong>Casettina portasciami V6 (3 + 3) \u00e8 prodotto in 3 marine:<\/strong> <br \/>V6 \u2013 1\/1 per il telaio da 300mm;<br \/>V6 \u2013 3\/4 per il telaio da 230 mm e <br \/>V6 \u2013 1\/2 per il telaio da 162 mm.<\/p>\t\t\t\t\t\t\t\t<\/div>\n\t\t\t\t<\/div>\n\t\t\t\t<div class=\"elementor-element elementor-element-a883084 elementor-widget elementor-widget-text-editor\" data-id=\"a883084\" data-element_type=\"widget\" data-e-type=\"widget\" data-widget_type=\"text-editor.default\">\n\t\t\t\t<div class=\"elementor-widget-container\">\n\t\t\t\t\t\t\t\t\t<p><strong>I sottoinsiemi da Casettina portasciami V6 (3 + 3):<\/strong><br \/>1. Zoccolo con finestra anti-varroa e vassoio; <br \/>2. Corpo per l&#8217;intero telaio (1\/1); <br \/>3. Nutritore; <br \/>4. Coperchio e staffa di coperchio.<\/p><p>I sottoassiemi dell\u2019alveare portatile sono realizzati in poliuretano rigido; le pareti aventi uno spessore di 20 mm.<\/p>\t\t\t\t\t\t\t\t<\/div>\n\t\t\t\t<\/div>\n\t\t\t\t\t<\/div>\n\t\t<\/div>\n\t\t\t\t\t<\/div>\n\t\t<\/section>\n\t\t\t\t\t<\/div>\n\t\t<\/div>\n\t\t\t\t\t<\/div>\n\t\t<\/section>\n\t\t\t\t<\/div>\n\t\t","protected":false},"excerpt":{"rendered":"<p>FAROSTUP Casettina portasciami 3 DIMENSIONI: 1\/1 3\/4 SI 1\/2 Casettina portasciami V6 (3+3) \u00e8 realizzata in PUR, con uno spessore della parete di 20 mm. L\u2019alveare portatile \u00e8 progettata per ospitare una famiglia di api su 6 telai o 2 famiglie su ciascuno dei 3 telai. La separazione dell\u2019alveare portatile in due recinti viene effettuata con un diaframma mobile. Ogni recinto ha un ingresso con una plancia di volo. I componenti dell\u2019alveare portatile sono: zoccolo anti-varroa con vassoio e due ingressi; pareti laterali; diaframma; nutritore con due scomparti; coperchio con staffa di fissaggio. I piedini del zoccolo e del coperchio permettono la sovrapposizione degli alveari portatili. I componenti sono assemblati con cacciavite. La consegna viene effettuata sotto forma di kit; L&#8217;assemblaggio \u00e8 fatto dall&#8217;apicoltore. Casettina portasciami V6 (3 + 3) \u00e8 realizzato in PUR con uno spessore della parete di 20 mm. La casettina \u00e8 progettato per ospitare una famiglia di api su 6 telai o 2 famiglie su 3 telai ciascuna. La separazione del portasciami in due ambienti avviene con un diaframma mobile. Ogni scomparto ha la sua entrata con il suo predellino di volo . I componenti della casettina portasciami sono: base antivarroa con due porticine di volo, pareti laterali, diaframma, il nutritore a due scomparti e coperchio con arco di fissaggio. I piedini sulla base e sul coperchio consentono la sovrapposizione delle casettine. I componenti sono assemblati con le viti. Vedi schizzo. La consegna viene effettuata in formato kit di montaggio ed il montaggio \u00e8 a cura dell\u2019apicoltore. Il portasciami \u00e8 prodotto in 3 varianti dimensionale: V6 \u2013 1\/1 per il telaino da 300 mm, V6 \u2013 3\/4 per il telaino da 230 mm e V6 \u2013 1\/2 per il telaino da 162 mm. Casettina portasciami V6 (3 + 3) \u00e8 prodotto in 3 marine: V6 \u2013 1\/1 per il telaio da 300mm; V6 \u2013 3\/4 per il telaio da 230 mm e V6 \u2013 1\/2 per il telaio da 162 mm. I sottoinsiemi da Casettina portasciami V6 (3 + 3): 1. Zoccolo con finestra anti-varroa e vassoio; 2. Corpo per l&#8217;intero telaio (1\/1); 3. Nutritore; 4. Coperchio e staffa di coperchio. I sottoassiemi dell\u2019alveare portatile sono realizzati in poliuretano rigido; le pareti aventi uno spessore di 20 mm.<\/p>\n","protected":false},"author":1,"featured_media":0,"parent":0,"menu_order":0,"comment_status":"closed","ping_status":"closed","template":"elementor_header_footer","meta":{"footnotes":""},"class_list":["post-517","page","type-page","status-publish","hentry","post-no-thumbnail"],"_links":{"self":[{"href":"https:\/\/stupi.ro\/it\/wp-json\/wp\/v2\/pages\/517","targetHints":{"allow":["GET"]}}],"collection":[{"href":"https:\/\/stupi.ro\/it\/wp-json\/wp\/v2\/pages"}],"about":[{"href":"https:\/\/stupi.ro\/it\/wp-json\/wp\/v2\/types\/page"}],"author":[{"embeddable":true,"href":"https:\/\/stupi.ro\/it\/wp-json\/wp\/v2\/users\/1"}],"replies":[{"embeddable":true,"href":"https:\/\/stupi.ro\/it\/wp-json\/wp\/v2\/comments?post=517"}],"version-history":[{"count":10,"href":"https:\/\/stupi.ro\/it\/wp-json\/wp\/v2\/pages\/517\/revisions"}],"predecessor-version":[{"id":1437,"href":"https:\/\/stupi.ro\/it\/wp-json\/wp\/v2\/pages\/517\/revisions\/1437"}],"wp:attachment":[{"href":"https:\/\/stupi.ro\/it\/wp-json\/wp\/v2\/media?parent=517"}],"curies":[{"name":"wp","href":"https:\/\/api.w.org\/{rel}","templated":true}]}}