{"id":407,"date":"2023-01-31T07:33:20","date_gmt":"2023-01-31T07:33:20","guid":{"rendered":"https:\/\/stupi.ro\/it\/?page_id=407"},"modified":"2023-03-31T16:04:00","modified_gmt":"2023-03-31T16:04:00","slug":"alveare-in-poliuretano","status":"publish","type":"page","link":"https:\/\/stupi.ro\/it\/alveare-in-poliuretano\/","title":{"rendered":"Alveare in poliuretano"},"content":{"rendered":"\t\t<div data-elementor-type=\"wp-page\" data-elementor-id=\"407\" class=\"elementor elementor-407\">\n\t\t\t\t\t\t<section class=\"elementor-section elementor-top-section elementor-element elementor-element-48736e43 elementor-section-boxed elementor-section-gap-beside-yes elementor-section-height-default elementor-section-height-default elementor-section-content-align-center elementor-section-column-vertical-align-stretch\" data-id=\"48736e43\" data-element_type=\"section\" data-e-type=\"section\">\n\t\t\t\t\t\t<div class=\"elementor-container elementor-column-gap-extended\">\n\t\t\t\t\t<div class=\"elementor-column elementor-col-100 elementor-top-column elementor-element elementor-element-1e3e0ded\" data-id=\"1e3e0ded\" data-element_type=\"column\" data-e-type=\"column\">\n\t\t\t<div class=\"elementor-widget-wrap elementor-element-populated\">\n\t\t\t\t\t\t<div class=\"elementor-element elementor-element-204dddd1 elementor-widget elementor-widget-text-editor\" data-id=\"204dddd1\" data-element_type=\"widget\" data-e-type=\"widget\" data-widget_type=\"text-editor.default\">\n\t\t\t\t<div class=\"elementor-widget-container\">\n\t\t\t\t\t\t\t\t\t<p>FAROSTUP<\/p>\t\t\t\t\t\t\t\t<\/div>\n\t\t\t\t<\/div>\n\t\t\t\t<div class=\"elementor-element elementor-element-64c04ab7 elementor-widget elementor-widget-text-editor\" data-id=\"64c04ab7\" data-element_type=\"widget\" data-e-type=\"widget\" data-widget_type=\"text-editor.default\">\n\t\t\t\t<div class=\"elementor-widget-container\">\n\t\t\t\t\t\t\t\t\tALVEARE IN POLIURETANO\n\t\t\t\t\t\t\t\t<\/div>\n\t\t\t\t<\/div>\n\t\t\t\t<section class=\"elementor-section elementor-inner-section elementor-element elementor-element-31b1461 elementor-section-boxed elementor-section-gap-beside-yes elementor-section-height-default elementor-section-height-default elementor-section-content-align-center elementor-section-column-vertical-align-stretch\" data-id=\"31b1461\" data-element_type=\"section\" data-e-type=\"section\">\n\t\t\t\t\t\t<div class=\"elementor-container elementor-column-gap-extended\">\n\t\t\t\t\t<div class=\"elementor-column elementor-col-100 elementor-inner-column elementor-element elementor-element-1e46bc6d\" data-id=\"1e46bc6d\" data-element_type=\"column\" data-e-type=\"column\">\n\t\t\t<div class=\"elementor-widget-wrap elementor-element-populated\">\n\t\t\t\t\t\t<div class=\"elementor-element elementor-element-a2735b8 elementor-widget elementor-widget-text-editor\" data-id=\"a2735b8\" data-element_type=\"widget\" data-e-type=\"widget\" data-widget_type=\"text-editor.default\">\n\t\t\t\t<div class=\"elementor-widget-container\">\n\t\t\t\t\t\t\t\t\tLA NOSTRA STORIA\n\t\t\t\t\t\t\t\t<\/div>\n\t\t\t\t<\/div>\n\t\t\t\t<div class=\"elementor-element elementor-element-48d53514 elementor-widget elementor-widget-text-editor\" data-id=\"48d53514\" data-element_type=\"widget\" data-e-type=\"widget\" data-widget_type=\"text-editor.default\">\n\t\t\t\t<div class=\"elementor-widget-container\">\n\t\t\t\t\t\t\t\t\t<p>&#8220;Nel 2004, leggendo la stampa, pi\u00f9 precisamente il giornale Adevarul, attira la mia attenzione su un titolo che diceva pi\u00f9 o meno &#8220;\u00c8 stato finanziato a Tecuci un apiario con alveari in poliuretano&#8221;. Deve essere preso in considerazione che noi, come gruppo di aziende FAROGER \/ FAROSTUP, lavoriamo in poliuretano rigido varie parti per l&#8217;industria, sin dal 1994.<\/p><p>Facendo uno studio pi\u00f9 approfondito, ho scoperto che gli apicoltori della Germania e dei paesi scandinavi allevano famiglie di api in alveari di poliuretano. Questo \u00e8 stato il momento di debutto di FAROSTUP e dell&#8217;intero sistema creato finora. Da quel momento, cio\u00e8 dall&#8217;anno 2004 fino ai primi mesi del 2005, abbiamo avuto innumerevoli discussioni con vari apicoltori, che ci hanno portato le prime conoscenze sugli standard utilizzati nell&#8217;apicoltura e sui problemi dell&#8217;apicoltura e soprattutto degli alveari.<\/p><p>\u00c8 stato allora che ho davvero capito che il poliuretano e la tecnologia che noi gi\u00e0 stavamo usando possono essere utilizzati, e possiamo, in collaborazione con apicoltori che ci offrano informazioni di natura apistica, creare un prodotto NUOVO e rivoluzionario. Cos\u00ec, dal 2005, sono apparse le prime versioni di Farostup V10 e l\u2019alveare portatile Farostup V6.<\/p>\t\t\t\t\t\t\t\t<\/div>\n\t\t\t\t<\/div>\n\t\t\t\t<div class=\"elementor-element elementor-element-65ba3cb elementor-widget elementor-widget-text-editor\" data-id=\"65ba3cb\" data-element_type=\"widget\" data-e-type=\"widget\" data-widget_type=\"text-editor.default\">\n\t\t\t\t<div class=\"elementor-widget-container\">\n\t\t\t\t\t\t\t\t\t<p>Lungu Gh. Iuliu<\/p>\t\t\t\t\t\t\t\t<\/div>\n\t\t\t\t<\/div>\n\t\t\t\t\t<\/div>\n\t\t<\/div>\n\t\t\t\t\t<\/div>\n\t\t<\/section>\n\t\t\t\t<section class=\"elementor-section elementor-inner-section elementor-element elementor-element-e45b47d elementor-section-boxed elementor-section-gap-beside-yes elementor-section-height-default elementor-section-height-default elementor-section-content-align-center elementor-section-column-vertical-align-stretch\" data-id=\"e45b47d\" data-element_type=\"section\" data-e-type=\"section\">\n\t\t\t\t\t\t<div class=\"elementor-container elementor-column-gap-extended\">\n\t\t\t\t\t<div class=\"elementor-column elementor-col-100 elementor-inner-column elementor-element elementor-element-2258920\" data-id=\"2258920\" data-element_type=\"column\" data-e-type=\"column\">\n\t\t\t<div class=\"elementor-widget-wrap elementor-element-populated\">\n\t\t\t\t\t\t<div class=\"elementor-element elementor-element-4688a10 elementor-widget elementor-widget-text-editor\" data-id=\"4688a10\" data-element_type=\"widget\" data-e-type=\"widget\" data-widget_type=\"text-editor.default\">\n\t\t\t\t<div class=\"elementor-widget-container\">\n\t\t\t\t\t\t\t\t\t<p>AL MOMENTO ATTUALE<\/p>\t\t\t\t\t\t\t\t<\/div>\n\t\t\t\t<\/div>\n\t\t\t\t<div class=\"elementor-element elementor-element-462fd64 elementor-widget elementor-widget-text-editor\" data-id=\"462fd64\" data-element_type=\"widget\" data-e-type=\"widget\" data-widget_type=\"text-editor.default\">\n\t\t\t\t<div class=\"elementor-widget-container\">\n\t\t\t\t\t\t\t\t\t<p>La nostra azienda, attualmente, presenta la famiglia di alveari verticali V6-V10 e V12, corredata da una serie di accessori. Nella costruzione di questi prodotti, abbiamo combinato le propriet\u00e0 speciali del materiale poliuretanico (PUR) con una serie di soluzioni costruttive che abbiamo brevettato (BREVETTO DI INVENZIONE n. 122242 \/ 2009, nonch\u00e9 un modello di utilit\u00e0, entrambi registrati a livello internazionale presso OSIM); L&#8217;obiettivo \u00e8 quello di risolvere le principali esigenze degli apicoltori.<\/p><p>Lo sviluppo dei prodotti \u00e8 una preoccupazione costante della nostra azienda. A tal fine, siamo aperti a suggerimenti che possono essere inviati a noi attraverso tutti i mezzi di comunicazione visualizzati sul sito.<\/p>\t\t\t\t\t\t\t\t<\/div>\n\t\t\t\t<\/div>\n\t\t\t\t\t<\/div>\n\t\t<\/div>\n\t\t\t\t\t<\/div>\n\t\t<\/section>\n\t\t\t\t\t<\/div>\n\t\t<\/div>\n\t\t\t\t\t<\/div>\n\t\t<\/section>\n\t\t\t\t<\/div>\n\t\t","protected":false},"excerpt":{"rendered":"<p>FAROSTUP ALVEARE IN POLIURETANO LA NOSTRA STORIA &#8220;Nel 2004, leggendo la stampa, pi\u00f9 precisamente il giornale Adevarul, attira la mia attenzione su un titolo che diceva pi\u00f9 o meno &#8220;\u00c8 stato finanziato a Tecuci un apiario con alveari in poliuretano&#8221;. Deve essere preso in considerazione che noi, come gruppo di aziende FAROGER \/ FAROSTUP, lavoriamo in poliuretano rigido varie parti per l&#8217;industria, sin dal 1994. Facendo uno studio pi\u00f9 approfondito, ho scoperto che gli apicoltori della Germania e dei paesi scandinavi allevano famiglie di api in alveari di poliuretano. Questo \u00e8 stato il momento di debutto di FAROSTUP e dell&#8217;intero sistema creato finora. Da quel momento, cio\u00e8 dall&#8217;anno 2004 fino ai primi mesi del 2005, abbiamo avuto innumerevoli discussioni con vari apicoltori, che ci hanno portato le prime conoscenze sugli standard utilizzati nell&#8217;apicoltura e sui problemi dell&#8217;apicoltura e soprattutto degli alveari. \u00c8 stato allora che ho davvero capito che il poliuretano e la tecnologia che noi gi\u00e0 stavamo usando possono essere utilizzati, e possiamo, in collaborazione con apicoltori che ci offrano informazioni di natura apistica, creare un prodotto NUOVO e rivoluzionario. Cos\u00ec, dal 2005, sono apparse le prime versioni di Farostup V10 e l\u2019alveare portatile Farostup V6. Lungu Gh. Iuliu AL MOMENTO ATTUALE La nostra azienda, attualmente, presenta la famiglia di alveari verticali V6-V10 e V12, corredata da una serie di accessori. Nella costruzione di questi prodotti, abbiamo combinato le propriet\u00e0 speciali del materiale poliuretanico (PUR) con una serie di soluzioni costruttive che abbiamo brevettato (BREVETTO DI INVENZIONE n. 122242 \/ 2009, nonch\u00e9 un modello di utilit\u00e0, entrambi registrati a livello internazionale presso OSIM); L&#8217;obiettivo \u00e8 quello di risolvere le principali esigenze degli apicoltori. Lo sviluppo dei prodotti \u00e8 una preoccupazione costante della nostra azienda. A tal fine, siamo aperti a suggerimenti che possono essere inviati a noi attraverso tutti i mezzi di comunicazione visualizzati sul sito.<\/p>\n","protected":false},"author":1,"featured_media":0,"parent":0,"menu_order":0,"comment_status":"closed","ping_status":"closed","template":"elementor_header_footer","meta":{"footnotes":""},"class_list":["post-407","page","type-page","status-publish","hentry","post-no-thumbnail"],"_links":{"self":[{"href":"https:\/\/stupi.ro\/it\/wp-json\/wp\/v2\/pages\/407","targetHints":{"allow":["GET"]}}],"collection":[{"href":"https:\/\/stupi.ro\/it\/wp-json\/wp\/v2\/pages"}],"about":[{"href":"https:\/\/stupi.ro\/it\/wp-json\/wp\/v2\/types\/page"}],"author":[{"embeddable":true,"href":"https:\/\/stupi.ro\/it\/wp-json\/wp\/v2\/users\/1"}],"replies":[{"embeddable":true,"href":"https:\/\/stupi.ro\/it\/wp-json\/wp\/v2\/comments?post=407"}],"version-history":[{"count":4,"href":"https:\/\/stupi.ro\/it\/wp-json\/wp\/v2\/pages\/407\/revisions"}],"predecessor-version":[{"id":1217,"href":"https:\/\/stupi.ro\/it\/wp-json\/wp\/v2\/pages\/407\/revisions\/1217"}],"wp:attachment":[{"href":"https:\/\/stupi.ro\/it\/wp-json\/wp\/v2\/media?parent=407"}],"curies":[{"name":"wp","href":"https:\/\/api.w.org\/{rel}","templated":true}]}}