{"id":373,"date":"2023-01-30T20:31:37","date_gmt":"2023-01-30T20:31:37","guid":{"rendered":"https:\/\/stupi.ro\/it\/?page_id=373"},"modified":"2023-04-02T16:12:23","modified_gmt":"2023-04-02T16:12:23","slug":"manutenzione-e-riparazioni","status":"publish","type":"page","link":"https:\/\/stupi.ro\/it\/manutenzione-e-riparazioni\/","title":{"rendered":"Manutenzione e riparazioni"},"content":{"rendered":"\t\t<div data-elementor-type=\"wp-page\" data-elementor-id=\"373\" class=\"elementor elementor-373\">\n\t\t\t\t\t\t<section class=\"elementor-section elementor-top-section elementor-element elementor-element-10bd15d elementor-section-boxed elementor-section-gap-beside-yes elementor-section-height-default elementor-section-height-default elementor-section-content-align-center elementor-section-column-vertical-align-stretch\" data-id=\"10bd15d\" data-element_type=\"section\" data-e-type=\"section\">\n\t\t\t\t\t\t<div class=\"elementor-container elementor-column-gap-extended\">\n\t\t\t\t\t<div class=\"elementor-column elementor-col-100 elementor-top-column elementor-element elementor-element-2903959b\" data-id=\"2903959b\" data-element_type=\"column\" data-e-type=\"column\">\n\t\t\t<div class=\"elementor-widget-wrap elementor-element-populated\">\n\t\t\t\t\t\t<div class=\"elementor-element elementor-element-d427851 elementor-widget elementor-widget-text-editor\" data-id=\"d427851\" data-element_type=\"widget\" data-e-type=\"widget\" data-widget_type=\"text-editor.default\">\n\t\t\t\t<div class=\"elementor-widget-container\">\n\t\t\t\t\t\t\t\t\t<p>FAROSTUP<\/p>\t\t\t\t\t\t\t\t<\/div>\n\t\t\t\t<\/div>\n\t\t\t\t<div class=\"elementor-element elementor-element-1384e69b elementor-widget elementor-widget-text-editor\" data-id=\"1384e69b\" data-element_type=\"widget\" data-e-type=\"widget\" data-widget_type=\"text-editor.default\">\n\t\t\t\t<div class=\"elementor-widget-container\">\n\t\t\t\t\t\t\t\t\t<p>Manutenzione e riparazioni<br><\/p>\t\t\t\t\t\t\t\t<\/div>\n\t\t\t\t<\/div>\n\t\t\t\t<section class=\"elementor-section elementor-inner-section elementor-element elementor-element-3bdbc3ca elementor-section-boxed elementor-section-gap-beside-yes elementor-section-height-default elementor-section-height-default elementor-section-content-align-center elementor-section-column-vertical-align-stretch\" data-id=\"3bdbc3ca\" data-element_type=\"section\" data-e-type=\"section\">\n\t\t\t\t\t\t<div class=\"elementor-container elementor-column-gap-extended\">\n\t\t\t\t\t<div class=\"elementor-column elementor-col-100 elementor-inner-column elementor-element elementor-element-d95effd\" data-id=\"d95effd\" data-element_type=\"column\" data-e-type=\"column\">\n\t\t\t<div class=\"elementor-widget-wrap elementor-element-populated\">\n\t\t\t\t\t\t<div class=\"elementor-element elementor-element-8eee98f elementor-widget elementor-widget-text-editor\" data-id=\"8eee98f\" data-element_type=\"widget\" data-e-type=\"widget\" data-widget_type=\"text-editor.default\">\n\t\t\t\t<div class=\"elementor-widget-container\">\n\t\t\t\t\t\t\t\t\t<p>Non importa quanta cura venga prestata ad un alveare perch\u00e9 comunque nell\u2019uso compariranno una serie di piccoli incidenti come: impronte lasciate da diversi colpi, scheggiature dei bordi, rotture o perforazioni. Nel caso dell\u2019alveare PUR, questi difetti vengono riparati molto facilmente, il pi\u00f9 delle volte senza dover svuotare l\u2019alveare. Ad esempio: colpi o schegge sulle superfici esterne vengono riparati mediante stuccatura. Per piccole aree si consiglia l\u2019uso di stucchi per legno a base d\u2019acqua; per colpi pi\u00f9 grandi si consiglia l\u2019uso di stucchi poliuretanici. Vanno osservate le istruzioni riportate sulla confezione dei rispettivi stucchi.<br><\/p>\t\t\t\t\t\t\t\t<\/div>\n\t\t\t\t<\/div>\n\t\t\t\t<div class=\"elementor-element elementor-element-c72f6de elementor-widget elementor-widget-text-editor\" data-id=\"c72f6de\" data-element_type=\"widget\" data-e-type=\"widget\" data-widget_type=\"text-editor.default\">\n\t\t\t\t<div class=\"elementor-widget-container\">\n\t\t\t\t\t\t\t\t\t<p>La perforazione&nbsp;<br><\/p>\t\t\t\t\t\t\t\t<\/div>\n\t\t\t\t<\/div>\n\t\t\t\t<div class=\"elementor-element elementor-element-b8afe04 elementor-widget elementor-widget-text-editor\" data-id=\"b8afe04\" data-element_type=\"widget\" data-e-type=\"widget\" data-widget_type=\"text-editor.default\">\n\t\t\t\t<div class=\"elementor-widget-container\">\n\t\t\t\t\t\t\t\t\t<p>La perforazione di una parete o di una copertura viene riparata riempiendo con tappi in materiale poliuretanico. Prima di tutto, mediante smerigliatura si dar\u00e0 al foro una forma il pi\u00f9 regolare possibile poi si realizzer\u00e0 un tassello\/tappo in materiale PUR con forma e dimensioni il pi\u00f9 possibile uguale al foro. In fine il tassello viene incollato nel foro con stucchi poliuretanici o epossidici. Gli stucchi sono reperibili in commercio. Si consiglia di seguire le istruzioni indicate sulla confezione del prodotto. Naturalmente possono presentarsi situazioni in cui la riparazione non \u00e8 fattibile ed in questo caso \u00e8 necessario chiamare FAROSTUP che pu\u00f2 consegnarvi qualsiasi pezzo che compone l\u2019alveare.<br><\/p>\t\t\t\t\t\t\t\t<\/div>\n\t\t\t\t<\/div>\n\t\t\t\t<div class=\"elementor-element elementor-element-f0df637 elementor-widget elementor-widget-text-editor\" data-id=\"f0df637\" data-element_type=\"widget\" data-e-type=\"widget\" data-widget_type=\"text-editor.default\">\n\t\t\t\t<div class=\"elementor-widget-container\">\n\t\t\t\t\t\t\t\t\t<p>Verniciatura<\/p>\t\t\t\t\t\t\t\t<\/div>\n\t\t\t\t<\/div>\n\t\t\t\t<div class=\"elementor-element elementor-element-38051e9 elementor-widget elementor-widget-text-editor\" data-id=\"38051e9\" data-element_type=\"widget\" data-e-type=\"widget\" data-widget_type=\"text-editor.default\">\n\t\t\t\t<div class=\"elementor-widget-container\">\n\t\t\t\t\t\t\t\t\t<p>Verniciatura del nido d\u2019ape in poliuretano: A causa dell\u2019elevata resistenza agli agenti atmosferici del materiale in poliuretano, FAROSTUP sconsiglia la verniciatura del nido d\u2019ape. Per gli apicoltori che vogliono tuttavia verniciare gli alveari in PUR, diamo le seguenti raccomandazioni:<\/p>\n<p>\u2013 La verniciatura deve essere eseguita con vernici ad aqua.<br>\u2013 La verniciatura va eseguita solo dopo che l\u2019alveare \u00e8 stato esposto alle intemperie per circa 1 mese e la sua superficie \u00e8 diventata un po\u2019 ruvida. Se si desidera accorciare questo intervallo si consiglia di passare leggermente le superfici dell\u2019alveare prima della verniciatura con carta vetrata grana 120.<br>\u2013 Durante la verniciatura seguire le istruzioni sulla confezione della vernice.<\/p>\t\t\t\t\t\t\t\t<\/div>\n\t\t\t\t<\/div>\n\t\t\t\t<div class=\"elementor-element elementor-element-11070d5 elementor-widget elementor-widget-text-editor\" data-id=\"11070d5\" data-element_type=\"widget\" data-e-type=\"widget\" data-widget_type=\"text-editor.default\">\n\t\t\t\t<div class=\"elementor-widget-container\">\n\t\t\t\t\t\t\t\t\t<p>La pulizia e la sterilizzazione&nbsp;<br><\/p>\t\t\t\t\t\t\t\t<\/div>\n\t\t\t\t<\/div>\n\t\t\t\t<div class=\"elementor-element elementor-element-513a15b elementor-widget elementor-widget-text-editor\" data-id=\"513a15b\" data-element_type=\"widget\" data-e-type=\"widget\" data-widget_type=\"text-editor.default\">\n\t\t\t\t<div class=\"elementor-widget-container\">\n\t\t\t\t\t\t\t\t\t<p>La pulizia e la sterilizzazione dell\u2019alveare in poliuretano avviene con soluzioni acquose. Consigliamo una soluzione di soda caustica ( idrossido di sodio) che scioglie la propoli e pulisce tutto lo sporco. Possono essere utilizzate anche soluzioni acquose con preparati per lavastoviglie. In entrambi i casi sar\u00e0 rispettata la concentrazione indicata sulla confezione in cui vengono venduti i rispettivi prodotti. Per ottenere un effetto rapido, si consiglia di riscaldare le soluzioni acquose di pulizia ad una temperatura di 50-60 \u00b0 C.<\/p><p>Siccome la durezza della superficie delle parti che compongono l\u2019alveare in poliuretano \u00e8 elevata , per lavare l\u2019alveare possono essere utilizzate idropulitrici essendo per\u00f2 attenti alla pressione d\u2019esercizio.<\/p>\t\t\t\t\t\t\t\t<\/div>\n\t\t\t\t<\/div>\n\t\t\t\t<div class=\"elementor-element elementor-element-e9a77d0 elementor-widget elementor-widget-text-editor\" data-id=\"e9a77d0\" data-element_type=\"widget\" data-e-type=\"widget\" data-widget_type=\"text-editor.default\">\n\t\t\t\t<div class=\"elementor-widget-container\">\n\t\t\t\t\t\t\t\t\t<p><strong>NOTA:<\/strong> Le persone che eseguiranno operazioni di montaggio, pulizia e sterilizzazione, nonch\u00e9 la verniciatura dell&#8217;alveare, devono sapere che, per la propria sicurezza, devono utilizzare dispositivi di protezione appropriati, come: occhiali, guanti, grembiuli, ecc.; e utilizzare solo materiali e attrezzi approvati.<\/p>\t\t\t\t\t\t\t\t<\/div>\n\t\t\t\t<\/div>\n\t\t\t\t\t<\/div>\n\t\t<\/div>\n\t\t\t\t\t<\/div>\n\t\t<\/section>\n\t\t\t\t\t<\/div>\n\t\t<\/div>\n\t\t\t\t\t<\/div>\n\t\t<\/section>\n\t\t\t\t<\/div>\n\t\t","protected":false},"excerpt":{"rendered":"<p>FAROSTUP Manutenzione e riparazioni Non importa quanta cura venga prestata ad un alveare perch\u00e9 comunque nell\u2019uso compariranno una serie di piccoli incidenti come: impronte lasciate da diversi colpi, scheggiature dei bordi, rotture o perforazioni. Nel caso dell\u2019alveare PUR, questi difetti vengono riparati molto facilmente, il pi\u00f9 delle volte senza dover svuotare l\u2019alveare. Ad esempio: colpi o schegge sulle superfici esterne vengono riparati mediante stuccatura. Per piccole aree si consiglia l\u2019uso di stucchi per legno a base d\u2019acqua; per colpi pi\u00f9 grandi si consiglia l\u2019uso di stucchi poliuretanici. Vanno osservate le istruzioni riportate sulla confezione dei rispettivi stucchi. La perforazione&nbsp; La perforazione di una parete o di una copertura viene riparata riempiendo con tappi in materiale poliuretanico. Prima di tutto, mediante smerigliatura si dar\u00e0 al foro una forma il pi\u00f9 regolare possibile poi si realizzer\u00e0 un tassello\/tappo in materiale PUR con forma e dimensioni il pi\u00f9 possibile uguale al foro. In fine il tassello viene incollato nel foro con stucchi poliuretanici o epossidici. Gli stucchi sono reperibili in commercio. Si consiglia di seguire le istruzioni indicate sulla confezione del prodotto. Naturalmente possono presentarsi situazioni in cui la riparazione non \u00e8 fattibile ed in questo caso \u00e8 necessario chiamare FAROSTUP che pu\u00f2 consegnarvi qualsiasi pezzo che compone l\u2019alveare. Verniciatura Verniciatura del nido d\u2019ape in poliuretano: A causa dell\u2019elevata resistenza agli agenti atmosferici del materiale in poliuretano, FAROSTUP sconsiglia la verniciatura del nido d\u2019ape. Per gli apicoltori che vogliono tuttavia verniciare gli alveari in PUR, diamo le seguenti raccomandazioni: \u2013 La verniciatura deve essere eseguita con vernici ad aqua.\u2013 La verniciatura va eseguita solo dopo che l\u2019alveare \u00e8 stato esposto alle intemperie per circa 1 mese e la sua superficie \u00e8 diventata un po\u2019 ruvida. Se si desidera accorciare questo intervallo si consiglia di passare leggermente le superfici dell\u2019alveare prima della verniciatura con carta vetrata grana 120.\u2013 Durante la verniciatura seguire le istruzioni sulla confezione della vernice. La pulizia e la sterilizzazione&nbsp; La pulizia e la sterilizzazione dell\u2019alveare in poliuretano avviene con soluzioni acquose. Consigliamo una soluzione di soda caustica ( idrossido di sodio) che scioglie la propoli e pulisce tutto lo sporco. Possono essere utilizzate anche soluzioni acquose con preparati per lavastoviglie. In entrambi i casi sar\u00e0 rispettata la concentrazione indicata sulla confezione in cui vengono venduti i rispettivi prodotti. Per ottenere un effetto rapido, si consiglia di riscaldare le soluzioni acquose di pulizia ad una temperatura di 50-60 \u00b0 C. Siccome la durezza della superficie delle parti che compongono l\u2019alveare in poliuretano \u00e8 elevata , per lavare l\u2019alveare possono essere utilizzate idropulitrici essendo per\u00f2 attenti alla pressione d\u2019esercizio. NOTA: Le persone che eseguiranno operazioni di montaggio, pulizia e sterilizzazione, nonch\u00e9 la verniciatura dell&#8217;alveare, devono sapere che, per la propria sicurezza, devono utilizzare dispositivi di protezione appropriati, come: occhiali, guanti, grembiuli, ecc.; e utilizzare solo materiali e attrezzi approvati.<\/p>\n","protected":false},"author":1,"featured_media":0,"parent":0,"menu_order":0,"comment_status":"closed","ping_status":"closed","template":"elementor_header_footer","meta":{"footnotes":""},"class_list":["post-373","page","type-page","status-publish","hentry","post-no-thumbnail"],"_links":{"self":[{"href":"https:\/\/stupi.ro\/it\/wp-json\/wp\/v2\/pages\/373","targetHints":{"allow":["GET"]}}],"collection":[{"href":"https:\/\/stupi.ro\/it\/wp-json\/wp\/v2\/pages"}],"about":[{"href":"https:\/\/stupi.ro\/it\/wp-json\/wp\/v2\/types\/page"}],"author":[{"embeddable":true,"href":"https:\/\/stupi.ro\/it\/wp-json\/wp\/v2\/users\/1"}],"replies":[{"embeddable":true,"href":"https:\/\/stupi.ro\/it\/wp-json\/wp\/v2\/comments?post=373"}],"version-history":[{"count":7,"href":"https:\/\/stupi.ro\/it\/wp-json\/wp\/v2\/pages\/373\/revisions"}],"predecessor-version":[{"id":1426,"href":"https:\/\/stupi.ro\/it\/wp-json\/wp\/v2\/pages\/373\/revisions\/1426"}],"wp:attachment":[{"href":"https:\/\/stupi.ro\/it\/wp-json\/wp\/v2\/media?parent=373"}],"curies":[{"name":"wp","href":"https:\/\/api.w.org\/{rel}","templated":true}]}}