{"id":3,"date":"2023-01-17T18:25:38","date_gmt":"2023-01-17T18:25:38","guid":{"rendered":"https:\/\/stupi.ro\/it\/?page_id=3"},"modified":"2023-04-04T09:49:17","modified_gmt":"2023-04-04T09:49:17","slug":"politica-sulla-riservatezza","status":"publish","type":"page","link":"https:\/\/stupi.ro\/it\/politica-sulla-riservatezza\/","title":{"rendered":"Politica sulla riservatezza"},"content":{"rendered":"\t\t<div data-elementor-type=\"wp-page\" data-elementor-id=\"3\" class=\"elementor elementor-3\">\n\t\t\t\t\t\t<section class=\"elementor-section elementor-top-section elementor-element elementor-element-298be380 elementor-section-boxed elementor-section-gap-beside-yes elementor-section-height-default elementor-section-height-default elementor-section-content-align-center elementor-section-column-vertical-align-stretch\" data-id=\"298be380\" data-element_type=\"section\" data-e-type=\"section\">\n\t\t\t\t\t\t<div class=\"elementor-container elementor-column-gap-extended\">\n\t\t\t\t\t<div class=\"elementor-column elementor-col-100 elementor-top-column elementor-element elementor-element-1311caf8\" data-id=\"1311caf8\" data-element_type=\"column\" data-e-type=\"column\">\n\t\t\t<div class=\"elementor-widget-wrap elementor-element-populated\">\n\t\t\t\t\t\t<div class=\"elementor-element elementor-element-5f49a565 elementor-widget elementor-widget-text-editor\" data-id=\"5f49a565\" data-element_type=\"widget\" data-e-type=\"widget\" data-widget_type=\"text-editor.default\">\n\t\t\t\t<div class=\"elementor-widget-container\">\n\t\t\t\t\t\t\t\t\t<p>Politica sulla riservatezza<\/p>\t\t\t\t\t\t\t\t<\/div>\n\t\t\t\t<\/div>\n\t\t\t\t<section class=\"elementor-section elementor-inner-section elementor-element elementor-element-37d27b9d elementor-section-boxed elementor-section-gap-beside-yes elementor-section-height-default elementor-section-height-default elementor-section-content-align-center elementor-section-column-vertical-align-stretch\" data-id=\"37d27b9d\" data-element_type=\"section\" data-e-type=\"section\">\n\t\t\t\t\t\t<div class=\"elementor-container elementor-column-gap-extended\">\n\t\t\t\t\t<div class=\"elementor-column elementor-col-100 elementor-inner-column elementor-element elementor-element-638497e5\" data-id=\"638497e5\" data-element_type=\"column\" data-e-type=\"column\">\n\t\t\t<div class=\"elementor-widget-wrap elementor-element-populated\">\n\t\t\t\t\t\t<div class=\"elementor-element elementor-element-2270adc4 elementor-widget elementor-widget-text-editor\" data-id=\"2270adc4\" data-element_type=\"widget\" data-e-type=\"widget\" data-widget_type=\"text-editor.default\">\n\t\t\t\t<div class=\"elementor-widget-container\">\n\t\t\t\t\t\t\t\t\t<p><strong>\u00a0I. Informazioni generali<\/strong><\/p><p>La riservatezza dei Tuoi dati personali \u00e8 una delle principali preoccupazioni di FAROSTUP SRL, con sede in Loc. Cristesti \u2013 Str. Pasunii 362C Jud. Mures, Reg. Com: J26\/1108\/2015,<\/p><p>CUI: RO35209175, in qualit\u00e0 di titolare del trattamento.<\/p><p>Il presente documento ha lo scopo di informarTi sul trattamento dei Tuoi dati personali, nel contesto dell&#8217;utilizzo del sito web www.stupi.ro.<\/p><p><strong> II. Categorie di dati personali trattati<\/strong><\/p><p><strong>II.1. <\/strong>Se sei un cliente del Sito, FAROSTUP SRL tratter\u00e0 i Tuoi dati personali, quali cognome e nome, telefono, indirizzo e-mail, indirizzo di fatturazione, indirizzo di consegna, dati riguardanti il modo in cui utilizzi il Sito, ad esempio il Tuo comportamento\/ le Tue preferenze\/ abitudini all&#8217;interno di FAROSTUP SRL, nonch\u00e9 eventuali altre categorie di dati che fornisci direttamente nell&#8217;ambito della creazione dell&#8217;account utente, nel contesto dell&#8217;inoltro di un ordine attraverso il Sito o in qualsiasi altro modo derivante dall&#8217;uso del Sito.<\/p><p>Se utilizzi il Tuo account Facebook o Google per creare un account utente sul Sito, FAROSTUP SRL tratter\u00e0 i seguenti dati del profilo pubblico visualizzati dalle rispettive applicazioni: nome utente, indirizzo e-mail.<\/p><p>Se scegli di creare un account utente solo prima di completare l&#8217;ordine di un prodotto disponibile sul Sito, Ti verr\u00e0 richiesto il Tuo indirizzo e-mail in base al quale verr\u00e0 creato automaticamente un account. Se non completi l&#8217;ordine, l&#8217;indirizzo e-mail e gli altri dati forniti non verranno memorizzati da FAROSTUP SRL e l&#8217;account creato verr\u00e0 automaticamente cancellato.<\/p><p><strong>II.2. <\/strong>Se sei un visitatore del Sito, FAROSTUP SRL tratter\u00e0 i Tuoi dati personali che fornisci direttamente nel contesto dell&#8217;utilizzo del Sito, come i dati che fornisci all&#8217;interno della sezione contatti \/ domande \/ reclami, nella misura in cui ci contatti in questo modo.<\/p><p><strong>III. Finalit\u00e0 e motivi del trattamento<\/strong><\/p><p><strong>III.1. <\/strong>Se sei un cliente del Sito, FAROSTUP SRL tratta i Tuoi dati personali come segue:<\/p><ul><li>per l&#8217;esecuzione del rapporto contrattuale tra Te e FAROSTUP SRL, rispettivamente per la presa in carico, la convalida, la spedizione e la fatturazione dell&#8217;ordine effettuato sul Sito, sarai informato sullo stato dell&#8217;ordine, sull\u2019organizzazione del ritorno dei prodotti ordinati, ecc.<\/li><\/ul><p><em>Fondamento: Il trattamento dei Tuoi dati per questa finalit\u00e0 si basa sul contratto concluso tra Te e FAROSTUP SRL, definito nei Termini e Condizioni. Il conferimento dei Tuoi dati personali \u00e8 necessario per l&#8217;esecuzione del presente contratto. Il rifiuto di fornire i dati pu\u00f2 avere come conseguenza l&#8217;impossibilit\u00e0 di dare esecuzione ai rapporti contrattuali tra Te e FAROSTUP SRL.<\/em><\/p><ul><li>per l&#8217;adempimento degli obblighi di legge incombenti su FAROSTUP SRL nell&#8217;ambito dei servizi erogati attraverso il Sito, ivi compresi gli adempimenti in materia fiscale, nonch\u00e9 in materia di archiviazione.<\/li><\/ul><p><em>Fondamento: Il trattamento dei Tuoi dati per questo scopo \u00e8 necessario sulla base di obblighi legali. Il conferimento dei Tuoi dati per questa finalit\u00e0 \u00e8 necessario. Il rifiuto di fornire i dati pu\u00f2 avere come conseguenza l&#8217;impossibilit\u00e0 di FAROSTUP SRL di adempiere agli obblighi di legge ad essa incombenti e quindi nell&#8217;impossibilit\u00e0 di offrirTi i servizi tramite il Sito.<\/em><\/p><ul><li>per attivit\u00e0 di marketing, rispettivamente per la trasmissione, attraverso i mezzi di comunicazione a distanza (e-mail, sms) di comunicazioni commerciali riguardanti i prodotti e servizi offerti da FAROSTUP SRL, attraverso il Sito.<\/li><\/ul><p><em>Motivo: Il trattamento dei Tuoi dati per questa finalit\u00e0 si basa sul Tuo consenso, se scegli di fornirlo.<\/em><\/p><p>Puoi esprimere il Tuo consenso al trattamento dei dati per questa finalit\u00e0 spuntando l&#8217;apposita casella al momento della creazione dell&#8217;account, o dopo aver creato l&#8217;account, nella sezione Informazioni personali sull&#8217;account personale. Per annullare l&#8217;iscrizione alla ricezione di tali comunicazioni commerciali puoi utilizzare l&#8217;opzione presente alla fine di ogni e-mail\/sms contenente comunicazioni commerciali. Inoltre, \u00e8 possibile annullare l&#8217;iscrizione accedendo alla sezione Informazioni sul account personale.<\/p><p><strong>Il conferimento dei Tuoi dati per questa finalit\u00e0 \u00e8 volontario. <\/strong>Il rifiuto di fornire il consenso al trattamento dei Tuoi dati per questa finalit\u00e0 non avr\u00e0 conseguenze negative per Te.<\/p><ul><li>al fine di effettuare varie analisi, report sul funzionamento del Sito, per creare profili delle preferenze dei consumi, principalmente al fine di migliorare l&#8217;esperienza offerta sul Sito.<\/li><\/ul><p><em>Motivo: Il trattamento dei Tuoi dati per questa finalit\u00e0 si basa sul legittimo interesse di FAROSTUP SRL a migliorare in modo permanente l&#8217;esperienza del cliente sul Sito. Il conferimento dei Tuoi dati per questa finalit\u00e0 \u00e8 volontario. Il rifiuto di fornire i dati per questo scopo non avr\u00e0 conseguenze negative per Te. <\/em><\/p><p><strong>III.2. <\/strong>Se sei un visitatore del Sito, FAROSTUP SRL tratta i Tuoi dati personali come segue:<\/p><ul><li>per attivit\u00e0 di marketing, rispettivamente per la trasmissione, attraverso i mezzi di comunicazione a remoto (e-mail, sms), di comunicazioni commerciali riguardanti i prodotti e servizi offerti da FAROSTUP SRL, attraverso il Sito.<\/li><\/ul><p><em>Motivo: Il trattamento dei Tuoi dati per questa finalit\u00e0 si basa sul Tuo consenso, se scegli di fornirlo.<\/em><\/p><p>Puoi esprimere il Tuo consenso al trattamento dei dati per questa finalit\u00e0 compilando e spuntando l&#8217;apposita casella nel modulo di iscrizione alla newsletter disponibile sul Sito. Per annullare l&#8217;iscrizione alla ricezione di tali comunicazioni commerciali \u00e8 possibile utilizzare l&#8217;opzione presente alla fine di ogni e-mail\/sms contenente comunicazioni commerciali.<\/p><p>Il conferimento dei Tuoi dati per questa finalit\u00e0 \u00e8 volontario. Il rifiuto di fornire il consenso al trattamento dei Tuoi dati per questa finalit\u00e0 non avr\u00e0 conseguenze negative per Te.<\/p><ul><li>per risolvere reclami, denunzie e per monitorare il traffico e migliorare la Tua esperienza sul Sito.<\/li><\/ul><p><em>Motivo: Il trattamento dei Tuoi dati per questa finalit\u00e0 si basa sul legittimo interesse di FAROSTUP SRL a garantire il corretto funzionamento del Sito, nonch\u00e9 a migliorare in modo permanente l&#8217;esperienza dei visitatori del sito, anche risolvendo vari commenti, domande o reclami.<\/em><\/p><p>Il conferimento dei Suoi dati per questa finalit\u00e0 \u00e8 volontario. Il rifiuto di fornire i dati per questo scopo non avr\u00e0 conseguenze negative per Te.<\/p><p><strong> IV. La durata del trattamento dei Tuoi dati<\/strong><\/p><p>In linea di principio, FAROSTUP SRL tratter\u00e0 i Tuoi dati personali per tutto il tempo necessario a raggiungere le finalit\u00e0 di trattamento sopra menzionate.<\/p><p>Se sei un cliente, tratteremo i Tuoi dati per tutta la durata dei rapporti contrattuali e successivamente, secondo gli obblighi di legge incombenti su FAROSTUP SRL (ad esempio, nel caso di documenti giustificativi economico-contabili per i quali il periodo di conservazione previsto dalla legge \u00e8 di 10 anni dalla data di chiusura dell&#8217;esercizio finanziario durante il quale sono stati redatti).<\/p><p>Se sei un cliente ed eserciti l&#8217;opzione di cancellazione del Tuo account utente, premendo il pulsante Elimina account nella sezione Informazioni sul account personale, FAROSTUP SRL interpreter\u00e0 questa azione come la Tua opzione di disiscrizione dalla ricezione di comunicazioni commerciali attraverso le quali Ti teniamo informato sui prodotti e servizi offerti attraverso il sito. A questo proposito, se scegli di eliminare il Tuo account utente, non Ti invieremo pi\u00f9 e-mail e\/o sms di questo tipo. Tuttavia, desideriamo informarTi che la cancellazione del Tuo account non avr\u00e0 l&#8217;effetto automatico di cancellare i Tuoi dati personali. Se desideri che i Tuoi dati personali non vengano pi\u00f9 trattati o se desideri cancellare i dati, puoi esercitare i diritti descritti al punto VII di seguito. Se richiedi la cancellazione dell&#8217;account, ma c&#8217;\u00e8 almeno un ordine attivo su quell&#8217;account, la richiesta di cancellazione dell&#8217;account verr\u00e0 registrata solo dopo la consegna dei prodotti e il completamento dell&#8217;ultimo ordine attivo.<\/p><p>Se revochi il Tuo consenso al trattamento dei dati per finalit\u00e0 di marketing, FAROSTUP SRL cesser\u00e0 di trattare i Tuoi dati personali per tale finalit\u00e0, senza effetto comunque sul trattamento effettuato da FAROSTUP SRL sulla base del consenso da Te espresso prima della revoca.<\/p><p><strong> V. Comunicazione dei dati personali<\/strong><\/p><p>Al fine di adempiere alle finalit\u00e0 del trattamento, FAROSTUP SRL potr\u00e0 comunicare i Tuoi dati a partner, a terzi o enti che supportano FAROSTUP SRL nello svolgimento della propria attivit\u00e0 attraverso il Sito (ad esempio, vettori, fornitori di servizi IT), ovvero alle autorit\u00e0 pubbliche centrali\/locali, nei seguenti casi, a titolo esemplificativo elencati:<\/p><ul><li>per l&#8217;amministrazione del Sito;<\/li><li>nelle situazioni in cui tale comunicazione sarebbe necessaria per l&#8217;erogazione di premi o altre agevolazioni agli interessati, ottenuti a seguito della loro partecipazione a varie campagne promozionali organizzate da FAROSTUP SRL attraverso il Sito;<\/li><li>per mantenere, personalizzare e migliorare il Sito e i servizi ivi svolti;<\/li><li>per condurre analisi, test e ricerche sui dati, monitorare le tendenze di utilizzo e attivit\u00e0, sviluppare funzionalit\u00e0 di sicurezza e di autenticazione degli utenti;<\/li><li>per l&#8217;invio di comunicazioni commerciali di marketing, alle condizioni e nei limiti previsti dalla legge;<\/li><li>quando la divulgazione di dati personali \u00e8 richiesta dalla legge, ecc.<\/li><\/ul><p><strong><br \/>VI. Trasferimento dei dati personali<\/strong><br \/>I dati personali forniti a FAROSTUP SRL possono essere trasferiti al di fuori della Romania, ma solo negli stati dell&#8217;Unione Europea.<\/p><p><strong>VII. I Tuoi diritti<\/strong><\/p><p>Alle condizioni previste dalla normativa sul trattamento dei dati personali, in qualit\u00e0 di interessati, godi dei seguenti diritti:<\/p><ul><li>il diritto all&#8217;informazione, rispettivamente il diritto di ricevere i dettagli delle attivit\u00e0 di trattamento svolte da FAROSTUP SRL, come descritto nel presente documento;<\/li><li>il diritto di accesso ai dati, rispettivamente il diritto di ottenere da FAROSTUP SRL la conferma sul trattamento dei dati personali, nonch\u00e9 dettagli sulle attivit\u00e0 di trattamento quali il modo in cui i dati sono trattati, la finalit\u00e0 per la quale viene effettuato il trattamento, i destinatari o le categorie di destinatari dei dati, ecc.;<\/li><li>il diritto di rettifica, rispettivamente il diritto di ottenere la correzione, senza giustificati ritardi, da parte di FAROSTUP SRL, dei dati personali inesatti\/ingiustificati, nonch\u00e9 l&#8217;integrazione dei dati incompleti; La rettifica\/l-integrazione sar\u00e0 comunicata a ciascun destinatario cui sono stati trasmessi i dati, salvo che ci\u00f2 si riveli impossibile o implichi sforzi sproporzionati.<\/li><li>il diritto di cancellare i dati senza ingiustificato ritardo (&#8220;diritto all&#8217;oblio&#8221;), se si applica uno dei seguenti motivi:<ul><li>non sono pi\u00f9 necessari per le finalit\u00e0 per le quali sono stati raccolti o trattati;<\/li><li>se il consenso \u00e8 revocato e non sussiste altra base giuridica per il trattamento;<\/li><li>se l&#8217;interessato si oppone al trattamento e non sussistono motivi legittimi cogenti;<\/li><li>se i dati personali sono stati trattati illecitamente;<\/li><li>laddove i dati personali debbano essere cancellati per adempiere a un obbligo legale;<\/li><li>i dati personali sono stati raccolti in relazione alla fornitura di servizi della societ\u00e0 dell&#8217;informazione, in conformit\u00e0 con il diritto dell&#8217;Unione o nazionale a cui \u00e8 soggetto il responsabile del trattamento.<\/li><\/ul><\/li><\/ul><p>\u00c8 possibile che, a seguito della richiesta di cancellazione dei dati, FAROSTUP SRL renda anonimi tali dati (privandoli cos\u00ec del loro carattere personale) e continui il trattamento a fini statistici alle presenti condizioni;<\/p><ul><li>il diritto di limitare il trattamento nella misura in cui:<ul><li>la persona contesta l&#8217;esattezza dei dati, per un periodo che ci consenta di verificare la correttezza dei dati;<\/li><li>il trattamento \u00e8 illecito e l&#8217;interessato si oppone alla cancellazione dei dati personali, chiedendo invece la limitazione del loro utilizzo;<\/li><li>il titolare del trattamento non ha pi\u00f9 bisogno dei dati personali ai fini del trattamento, ma l&#8217;interessato li richiede per l&#8217;accertamento, l&#8217;esercizio o la difesa di un diritto in sede giudiziaria; o<\/li><li>l&#8217;interessato si \u00e8 opposto al trattamento (diverso dal marketing diretto) per il periodo di tempo durante il quale \u00e8 stato verificato che i diritti legittimi del titolare prevalgano su quelli dell&#8217;interessato.<\/li><\/ul><\/li><li>il diritto alla portabilit\u00e0 dei dati, rispettivamente (i) il diritto di ricevere i dati personali in modo strutturato, di uso comune e in un formato di facile lettura, nonch\u00e9 (ii) il diritto che tali dati siano trasmessi da FAROSTUP SRL a un altro titolare del trattamento, purch\u00e9 siano soddisfatte le condizioni previste dalla legge;<\/li><li>il diritto di opposizione \u2013 relativamente alle attivit\u00e0 di trattamento pu\u00f2 essere esercitato inviando una richiesta come di seguito indicato;<ul><li>in qualsiasi momento, per motivi connessi alla situazione particolare dell&#8217;interessato, che i dati che lo riguardano siano trattati sulla base dell&#8217;interesse legittimo di FAROSTUP SRL o sulla base dell&#8217;interesse pubblico, tranne nei casi in cui FAROSTUP SRL possa dimostrare di avere motivi legittimi e cogenti che giustificano il trattamento e che prevalgono sugli interessi, i diritti e le libert\u00e0 degli interessati o che lo scopo sia quello di accertare, esercitare o difendere un diritto in sede giudiziaria;<\/li><li>in qualsiasi momento, gratuitamente e senza alcuna giustificazione, che i dati che lo riguardano siano trattati per finalit\u00e0 di marketing diretto.<\/li><\/ul><\/li><li>il diritto di non essere sottoposto a una decisione individuale automatica vale a dire il diritto di non essere oggetto di una decisione adottata unicamente sulla base di attivit\u00e0 di trattamento automatizzato, compresa la creazione di profili, che produca effetti giuridici sull&#8217;interessato o lo riguardi in misura significativa in modo analogo;<\/li><li>il diritto di rivolgersi all&#8217;Autorit\u00e0 nazionale di Controllo per il Trattamento dei Dati Personali o ai tribunali competenti, nella misura in cui lo ritieni necessario.<\/li><\/ul><p>Per ulteriori domande sulle modalit\u00e0 di trattamento dei dati personali e per esercitare i diritti di cui sopra, si prega di scrivere all&#8217;indirizzo e-mail: <a href=\"mailto:office@faroger.ro\">office@faroger.ro<\/a>.<\/p><p>Questo sito web utilizza i cookie. Per ulteriori informazioni su come utilizzare questi file, si prega di visitare il seguente link: <a href=\"https:\/\/stupi.ro\/it\/politica-sui-cookie\/\">Politica sui cookie<\/a><\/p>\t\t\t\t\t\t\t\t<\/div>\n\t\t\t\t<\/div>\n\t\t\t\t\t<\/div>\n\t\t<\/div>\n\t\t\t\t\t<\/div>\n\t\t<\/section>\n\t\t\t\t\t<\/div>\n\t\t<\/div>\n\t\t\t\t\t<\/div>\n\t\t<\/section>\n\t\t\t\t<\/div>\n\t\t","protected":false},"excerpt":{"rendered":"<p>Politica sulla riservatezza \u00a0I. Informazioni generali La riservatezza dei Tuoi dati personali \u00e8 una delle principali preoccupazioni di FAROSTUP SRL, con sede in Loc. Cristesti \u2013 Str. Pasunii 362C Jud. Mures, Reg. Com: J26\/1108\/2015, CUI: RO35209175, in qualit\u00e0 di titolare del trattamento. Il presente documento ha lo scopo di informarTi sul trattamento dei Tuoi dati personali, nel contesto dell&#8217;utilizzo del sito web www.stupi.ro. II. Categorie di dati personali trattati II.1. Se sei un cliente del Sito, FAROSTUP SRL tratter\u00e0 i Tuoi dati personali, quali cognome e nome, telefono, indirizzo e-mail, indirizzo di fatturazione, indirizzo di consegna, dati riguardanti il modo in cui utilizzi il Sito, ad esempio il Tuo comportamento\/ le Tue preferenze\/ abitudini all&#8217;interno di FAROSTUP SRL, nonch\u00e9 eventuali altre categorie di dati che fornisci direttamente nell&#8217;ambito della creazione dell&#8217;account utente, nel contesto dell&#8217;inoltro di un ordine attraverso il Sito o in qualsiasi altro modo derivante dall&#8217;uso del Sito. Se utilizzi il Tuo account Facebook o Google per creare un account utente sul Sito, FAROSTUP SRL tratter\u00e0 i seguenti dati del profilo pubblico visualizzati dalle rispettive applicazioni: nome utente, indirizzo e-mail. Se scegli di creare un account utente solo prima di completare l&#8217;ordine di un prodotto disponibile sul Sito, Ti verr\u00e0 richiesto il Tuo indirizzo e-mail in base al quale verr\u00e0 creato automaticamente un account. Se non completi l&#8217;ordine, l&#8217;indirizzo e-mail e gli altri dati forniti non verranno memorizzati da FAROSTUP SRL e l&#8217;account creato verr\u00e0 automaticamente cancellato. II.2. Se sei un visitatore del Sito, FAROSTUP SRL tratter\u00e0 i Tuoi dati personali che fornisci direttamente nel contesto dell&#8217;utilizzo del Sito, come i dati che fornisci all&#8217;interno della sezione contatti \/ domande \/ reclami, nella misura in cui ci contatti in questo modo. III. Finalit\u00e0 e motivi del trattamento III.1. Se sei un cliente del Sito, FAROSTUP SRL tratta i Tuoi dati personali come segue: per l&#8217;esecuzione del rapporto contrattuale tra Te e FAROSTUP SRL, rispettivamente per la presa in carico, la convalida, la spedizione e la fatturazione dell&#8217;ordine effettuato sul Sito, sarai informato sullo stato dell&#8217;ordine, sull\u2019organizzazione del ritorno dei prodotti ordinati, ecc. Fondamento: Il trattamento dei Tuoi dati per questa finalit\u00e0 si basa sul contratto concluso tra Te e FAROSTUP SRL, definito nei Termini e Condizioni. Il conferimento dei Tuoi dati personali \u00e8 necessario per l&#8217;esecuzione del presente contratto. Il rifiuto di fornire i dati pu\u00f2 avere come conseguenza l&#8217;impossibilit\u00e0 di dare esecuzione ai rapporti contrattuali tra Te e FAROSTUP SRL. per l&#8217;adempimento degli obblighi di legge incombenti su FAROSTUP SRL nell&#8217;ambito dei servizi erogati attraverso il Sito, ivi compresi gli adempimenti in materia fiscale, nonch\u00e9 in materia di archiviazione. Fondamento: Il trattamento dei Tuoi dati per questo scopo \u00e8 necessario sulla base di obblighi legali. Il conferimento dei Tuoi dati per questa finalit\u00e0 \u00e8 necessario. Il rifiuto di fornire i dati pu\u00f2 avere come conseguenza l&#8217;impossibilit\u00e0 di FAROSTUP SRL di adempiere agli obblighi di legge ad essa incombenti e quindi nell&#8217;impossibilit\u00e0 di offrirTi i servizi tramite il Sito. per attivit\u00e0 di marketing, rispettivamente per la trasmissione, attraverso i mezzi di comunicazione a distanza (e-mail, sms) di comunicazioni commerciali riguardanti i prodotti e servizi offerti da FAROSTUP SRL, attraverso il Sito. Motivo: Il trattamento dei Tuoi dati per questa finalit\u00e0 si basa sul Tuo consenso, se scegli di fornirlo. Puoi esprimere il Tuo consenso al trattamento dei dati per questa finalit\u00e0 spuntando l&#8217;apposita casella al momento della creazione dell&#8217;account, o dopo aver creato l&#8217;account, nella sezione Informazioni personali sull&#8217;account personale. Per annullare l&#8217;iscrizione alla ricezione di tali comunicazioni commerciali puoi utilizzare l&#8217;opzione presente alla fine di ogni e-mail\/sms contenente comunicazioni commerciali. Inoltre, \u00e8 possibile annullare l&#8217;iscrizione accedendo alla sezione Informazioni sul account personale. Il conferimento dei Tuoi dati per questa finalit\u00e0 \u00e8 volontario. Il rifiuto di fornire il consenso al trattamento dei Tuoi dati per questa finalit\u00e0 non avr\u00e0 conseguenze negative per Te. al fine di effettuare varie analisi, report sul funzionamento del Sito, per creare profili delle preferenze dei consumi, principalmente al fine di migliorare l&#8217;esperienza offerta sul Sito. Motivo: Il trattamento dei Tuoi dati per questa finalit\u00e0 si basa sul legittimo interesse di FAROSTUP SRL a migliorare in modo permanente l&#8217;esperienza del cliente sul Sito. Il conferimento dei Tuoi dati per questa finalit\u00e0 \u00e8 volontario. Il rifiuto di fornire i dati per questo scopo non avr\u00e0 conseguenze negative per Te. III.2. Se sei un visitatore del Sito, FAROSTUP SRL tratta i Tuoi dati personali come segue: per attivit\u00e0 di marketing, rispettivamente per la trasmissione, attraverso i mezzi di comunicazione a remoto (e-mail, sms), di comunicazioni commerciali riguardanti i prodotti e servizi offerti da FAROSTUP SRL, attraverso il Sito. Motivo: Il trattamento dei Tuoi dati per questa finalit\u00e0 si basa sul Tuo consenso, se scegli di fornirlo. Puoi esprimere il Tuo consenso al trattamento dei dati per questa finalit\u00e0 compilando e spuntando l&#8217;apposita casella nel modulo di iscrizione alla newsletter disponibile sul Sito. Per annullare l&#8217;iscrizione alla ricezione di tali comunicazioni commerciali \u00e8 possibile utilizzare l&#8217;opzione presente alla fine di ogni e-mail\/sms contenente comunicazioni commerciali. Il conferimento dei Tuoi dati per questa finalit\u00e0 \u00e8 volontario. Il rifiuto di fornire il consenso al trattamento dei Tuoi dati per questa finalit\u00e0 non avr\u00e0 conseguenze negative per Te. per risolvere reclami, denunzie e per monitorare il traffico e migliorare la Tua esperienza sul Sito. Motivo: Il trattamento dei Tuoi dati per questa finalit\u00e0 si basa sul legittimo interesse di FAROSTUP SRL a garantire il corretto funzionamento del Sito, nonch\u00e9 a migliorare in modo permanente l&#8217;esperienza dei visitatori del sito, anche risolvendo vari commenti, domande o reclami. Il conferimento dei Suoi dati per questa finalit\u00e0 \u00e8 volontario. Il rifiuto di fornire i dati per questo scopo non avr\u00e0 conseguenze negative per Te. IV. La durata del trattamento dei Tuoi dati In linea di principio, FAROSTUP SRL tratter\u00e0 i Tuoi dati personali per tutto il tempo necessario a raggiungere le finalit\u00e0 di trattamento sopra menzionate. Se sei un cliente, tratteremo i Tuoi dati per tutta la durata dei rapporti contrattuali e successivamente, secondo gli obblighi di legge incombenti su FAROSTUP SRL [&hellip;]<\/p>\n","protected":false},"author":1,"featured_media":0,"parent":0,"menu_order":0,"comment_status":"closed","ping_status":"closed","template":"elementor_header_footer","meta":{"footnotes":""},"class_list":["post-3","page","type-page","status-publish","hentry","post-no-thumbnail"],"_links":{"self":[{"href":"https:\/\/stupi.ro\/it\/wp-json\/wp\/v2\/pages\/3","targetHints":{"allow":["GET"]}}],"collection":[{"href":"https:\/\/stupi.ro\/it\/wp-json\/wp\/v2\/pages"}],"about":[{"href":"https:\/\/stupi.ro\/it\/wp-json\/wp\/v2\/types\/page"}],"author":[{"embeddable":true,"href":"https:\/\/stupi.ro\/it\/wp-json\/wp\/v2\/users\/1"}],"replies":[{"embeddable":true,"href":"https:\/\/stupi.ro\/it\/wp-json\/wp\/v2\/comments?post=3"}],"version-history":[{"count":7,"href":"https:\/\/stupi.ro\/it\/wp-json\/wp\/v2\/pages\/3\/revisions"}],"predecessor-version":[{"id":1463,"href":"https:\/\/stupi.ro\/it\/wp-json\/wp\/v2\/pages\/3\/revisions\/1463"}],"wp:attachment":[{"href":"https:\/\/stupi.ro\/it\/wp-json\/wp\/v2\/media?parent=3"}],"curies":[{"name":"wp","href":"https:\/\/api.w.org\/{rel}","templated":true}]}}