{"id":13,"date":"2023-02-21T16:47:31","date_gmt":"2023-02-21T16:47:31","guid":{"rendered":"https:\/\/stupi.ro\/it\/?page_id=13"},"modified":"2023-04-04T09:59:09","modified_gmt":"2023-04-04T09:59:09","slug":"termini-e-condizioni","status":"publish","type":"page","link":"https:\/\/stupi.ro\/it\/termini-e-condizioni\/","title":{"rendered":"Termini e condizioni"},"content":{"rendered":"\t\t<div data-elementor-type=\"wp-page\" data-elementor-id=\"13\" class=\"elementor elementor-13\">\n\t\t\t\t\t\t<section class=\"elementor-section elementor-top-section elementor-element elementor-element-5406a0c elementor-section-boxed elementor-section-gap-beside-yes elementor-section-height-default elementor-section-height-default elementor-section-content-align-center elementor-section-column-vertical-align-stretch\" data-id=\"5406a0c\" data-element_type=\"section\" data-e-type=\"section\">\n\t\t\t\t\t\t<div class=\"elementor-container elementor-column-gap-extended\">\n\t\t\t\t\t<div class=\"elementor-column elementor-col-100 elementor-top-column elementor-element elementor-element-1254aa13\" data-id=\"1254aa13\" data-element_type=\"column\" data-e-type=\"column\">\n\t\t\t<div class=\"elementor-widget-wrap elementor-element-populated\">\n\t\t\t\t\t\t<div class=\"elementor-element elementor-element-4ee03027 elementor-widget elementor-widget-text-editor\" data-id=\"4ee03027\" data-element_type=\"widget\" data-e-type=\"widget\" data-widget_type=\"text-editor.default\">\n\t\t\t\t<div class=\"elementor-widget-container\">\n\t\t\t\t\t\t\t\t\t<p>TERMINI E CONDIZIONI<\/p>\t\t\t\t\t\t\t\t<\/div>\n\t\t\t\t<\/div>\n\t\t\t\t<section class=\"elementor-section elementor-inner-section elementor-element elementor-element-59e94759 elementor-section-boxed elementor-section-gap-beside-yes elementor-section-height-default elementor-section-height-default elementor-section-content-align-center elementor-section-column-vertical-align-stretch\" data-id=\"59e94759\" data-element_type=\"section\" data-e-type=\"section\">\n\t\t\t\t\t\t<div class=\"elementor-container elementor-column-gap-extended\">\n\t\t\t\t\t<div class=\"elementor-column elementor-col-100 elementor-inner-column elementor-element elementor-element-e007a10\" data-id=\"e007a10\" data-element_type=\"column\" data-e-type=\"column\">\n\t\t\t<div class=\"elementor-widget-wrap elementor-element-populated\">\n\t\t\t\t\t\t<div class=\"elementor-element elementor-element-6c89f92b elementor-widget elementor-widget-text-editor\" data-id=\"6c89f92b\" data-element_type=\"widget\" data-e-type=\"widget\" data-widget_type=\"text-editor.default\">\n\t\t\t\t<div class=\"elementor-widget-container\">\n\t\t\t\t\t\t\t\t\t<p>L&#8217;accesso e l&#8217;utilizzo di questo sito comporta l&#8217;accettazione, da parte Tua, dei termini e delle condizioni di seguito. Per utilizzare il sito nelle migliori condizioni, si raccomanda di leggere attentamente tutti i termini e le condizioni.<\/p><p><strong>Informazioni sui prodotti<\/strong><\/p><p>Stupi.ro presta ogni sforzo per presentarvi i colori, le misure, le dimensioni e le descrizioni dei prodotti, con la massima accuratezza. Tuttavia, a causa del grande volume di dati, possono verificarsi imprecisioni delle informazioni sul prodotto. Inoltre, <strong>i colori visualizzati sullo schermo potrebbero essere diversi dai colori effettivi dei prodotti<\/strong>.<\/p><p><strong>Ordini<\/strong><\/p><p>Non \u00e8 richiesto un ordine minimo. Tutti i prezzi visualizzati sul sito sono espressi in RON e sono comprensivi di IVA. I prezzi visualizzati non sono comprensivi delle spese di spedizione. Queste tasse saranno indicate separatamente sulla fattura fiscale.<\/p><p>La fattura fiscale viene emessa secondo la legislazione vigente in Romania e viene inviata insieme ai prodotti ordinati all&#8217;indirizzo di consegna. Gli ordini effettuati nei giorni lavorativi, fino alle 16:00, ora della Romania, verranno spediti entro e non oltre un giorno lavorativo. La spedizione consiste nel preparare la merce e consegnarla ai corrieri per la consegna.<\/p><p>Secondo le leggi vigenti, l&#8217;ordine effettuato su questo sito Web \u00e8 considerato un contratto tra l&#8217;utente e FAROSTUP SRL e deve essere eseguito da entrambe le parti. Ci\u00f2 significa che FAROSTUP SRL si impegna a consegnare i prodotti e servizi ordinati e l&#8217;utente si impegna a pagare il controvalore dell&#8217;ordine.<\/p><p>Ci riserviamo il diritto di modificare i prezzi visualizzati sul sito web quando lo riteniamo necessario.<\/p><p>FAROSTUP SRL utilizza i servizi di altre societ\u00e0, ad esempio per il trasporto, il pagamento, ecc. La responsabilit\u00e0 di questi servizi ricade interamente sulle societ\u00e0 che forniscono questi servizi. \u00c8 responsabilit\u00e0 dell&#8217;utente che prima di utilizzare questi servizi conoscere e accettare le condizioni e i termini di queste societ\u00e0.<\/p><p><strong>Politica di consegna<\/strong><\/p><p>La consegna viene effettuata tramite Fan Curier o DPD \u2013 il cliente sceglie il corriere al momento dell&#8217;ordine. Con DPD, la tassa di trasporto viene calcolata in base al peso del pacco. Tramite Fan Courier, l&#8217;importo del trasporto verr\u00e0 comunicato al cliente dopo aver effettuato l&#8217;ordine.<\/p><p>Il tempo di consegna \u00e8 di 1-2 giorni lavorativi dalla data di effettuazione dell&#8217;ordine.<\/p><p>La tassa di consegna pu\u00f2 cambiare se l&#8217;indirizzo del cliente non si trova nell&#8217;area di consegna del corriere.<\/p><p><strong>Politica di restituzione<\/strong><\/p><p>Tutte le immagini dei prodotti presentati sul sito sono indicative e sono personalizzate su richiesta, in base all&#8217;ordine effettuato dal cliente, motivo per cui sono esenti dal diritto di restituzione\/ ritorno previsto dagli artt. 9-15 dell\u2019OUG 34\/2014 in materia di contratti a distanza e contratti al di fuori degli spazi commerciali.<\/p><p>Il cliente ha il diritto di annullare l&#8217;ordine entro un massimo di 7 giorni lavorativi dall&#8217;emissione della fattura o, a seconda dei casi, dalla ricezione della merce. Il denaro verr\u00e0 ritrasferito al cliente entro 48 ore dalla data del ritorno. Il costo della restituzione \u00e8 a carico del cliente.<br \/><br \/><\/p><p><strong>Registrazione come utente<\/strong><\/p><p>Al fine di creare l&#8217;account cliente, l&#8217;utente accetta di fornire informazioni veritiere, corrette, aggiornate e complete su di s\u00e9, a seconda delle specifiche nei relativi moduli.<\/p><p>Se riteniamo che questo obbligo non venga rispettato, ci riserviamo il diritto di bloccargli l&#8217;accesso ai nostri servizi senza preavviso, per un periodo determinato o indefinito.<\/p><p>L&#8217;accesso come membro su questo sito comporta la scelta di un nome utente e una parola di accesso. Mantenere la Tua password di accesso al sicuro \u00e8 Tua responsabilit\u00e0, le conseguenze di qualsiasi attivit\u00e0 svolta utilizzando la parola di accesso spetta completamente a Te.<\/p><p>Accetti di informarci immediatamente di qualsiasi perdita della parola di ordine o di possibili segni di attivit\u00e0 non autorizzate sotto il Tuo nome utente.<\/p><p><strong>Riservatezza dei dati personali<\/strong><\/p><p>Stupi.ro si impegna a rispettare rigorosamente la riservatezza dei dati dei propri clienti e si impegna a non trasmettere tali dati personali a terzi.<\/p><p>I dati richiesti su questo sito web sono: cognome, nome, numero di telefono, domicilio e indirizzo e-mail. Quando desideri effettuare un ordine online, Ti verranno inoltre chiesti: indirizzo di consegna, indirizzo di fatturazione e metodo di pagamento.<\/p><p>I dati personali dell&#8217;utente possono essere utilizzati da Stupi.ro solo per lo scopo dichiarato di questo sito Web, ovvero per la conferma e la consegna dell&#8217;ordine all&#8217;utente.<\/p><p><strong>Diritto d\u2019autore<\/strong><\/p><p>Il Sito e tutti i suoi elementi (grafica Web, testi, programmi, ecc.) sono protetti dalla legge per la tutela del diritto d&#8217;autore. L&#8217;utilizzo senza il nostro consenso di qualsiasi elemento contenuto in questo sito \u00e8 punibile secondo le leggi vigenti. Ricordiamo che tutti i prodotti Farostup rientrano nell&#8217;ambito di un brevetto, cos\u00ec come di un modello di utilit\u00e0.<\/p><p><strong>Limitazione di responsabilit\u00e0<\/strong><\/p><p>Per effetto della legislazione vigente, il negozio non ha alcuna responsabilit\u00e0 in merito a:<\/p><ul><li>ritardi nella consegna dovuti al fornitore, al corriere o per altri motivi.<\/li><li>danni, distruzioni, perdite durante il trasporto al destinatario che sono a carico del vettore.<\/li><li>informazioni errate fornite dall&#8217;acquirente. Ha la possibilit\u00e0 di correggere in qualsiasi momento i dati personali dall&#8217;account creato sul sito.<\/li><li>la possibilit\u00e0 di contattare virus accedendo a questo negozio o ricevendo e-mail di natura informativa o promozionale.<\/li><li>l&#8217;inconveniente creato dall&#8217;interruzione dell&#8217;accesso al negozio a causa del fornitore di servizi Internet (ISP).<\/li><li>il contenuto o la natura dei siti attraverso quali un cliente arriva nel negozio.<\/li><\/ul><p>Ci riserviamo il diritto di rifiutare un ordine in qualsiasi momento, durante la procedura di ordinazione, per una serie di motivi, tra cui:<\/p><ul><li>il prodotto ordinato non \u00e8 disponibile a magazzino;<\/li><li>identificare un errore nelle informazioni sul prodotto, incluso il prezzo o un&#8217;offerta promozionale.<\/li><\/ul><p>Se ci sono problemi con un ordine, Ti contatteremo via e-mail o telefono.<\/p><p><strong>Disposizioni finali<\/strong><\/p><p>Ci riserviamo il diritto di apportare modifiche a questi termini e condizioni, nonch\u00e9 eventuali modifiche al sito, senza la necessit\u00e0 di alcun preavviso agli utenti.<\/p><p>SC FAROSTUP SRL<\/p><ul><li><strong>Sede legale:<\/strong> Cristesti \u2013 Str. Pasunii 362C Jud. Mures<\/li><li><strong>E-mail:<\/strong><a href=\"mailto:comenzi@faroger.ro\"> comenzi@faroger.ro<\/a> e <a href=\"mailto:office@faroger.ro\">office@faroger.ro<\/a> e <a href=\"mailto:lungugrigore75@gmail.com\">lungugrigore75@gmail.com<\/a><\/li><li><strong>telefono: <\/strong>0726-262300; 0726-262301<\/li><li><strong>Registro delle Imprese:<\/strong> J26\/1108\/2015<\/li><li><strong>Codice fiscale:<\/strong> RO35209175<\/li><\/ul>\t\t\t\t\t\t\t\t<\/div>\n\t\t\t\t<\/div>\n\t\t\t\t\t<\/div>\n\t\t<\/div>\n\t\t\t\t\t<\/div>\n\t\t<\/section>\n\t\t\t\t\t<\/div>\n\t\t<\/div>\n\t\t\t\t\t<\/div>\n\t\t<\/section>\n\t\t\t\t<\/div>\n\t\t","protected":false},"excerpt":{"rendered":"<p>TERMINI E CONDIZIONI L&#8217;accesso e l&#8217;utilizzo di questo sito comporta l&#8217;accettazione, da parte Tua, dei termini e delle condizioni di seguito. Per utilizzare il sito nelle migliori condizioni, si raccomanda di leggere attentamente tutti i termini e le condizioni. Informazioni sui prodotti Stupi.ro presta ogni sforzo per presentarvi i colori, le misure, le dimensioni e le descrizioni dei prodotti, con la massima accuratezza. Tuttavia, a causa del grande volume di dati, possono verificarsi imprecisioni delle informazioni sul prodotto. Inoltre, i colori visualizzati sullo schermo potrebbero essere diversi dai colori effettivi dei prodotti. Ordini Non \u00e8 richiesto un ordine minimo. Tutti i prezzi visualizzati sul sito sono espressi in RON e sono comprensivi di IVA. I prezzi visualizzati non sono comprensivi delle spese di spedizione. Queste tasse saranno indicate separatamente sulla fattura fiscale. La fattura fiscale viene emessa secondo la legislazione vigente in Romania e viene inviata insieme ai prodotti ordinati all&#8217;indirizzo di consegna. Gli ordini effettuati nei giorni lavorativi, fino alle 16:00, ora della Romania, verranno spediti entro e non oltre un giorno lavorativo. La spedizione consiste nel preparare la merce e consegnarla ai corrieri per la consegna. Secondo le leggi vigenti, l&#8217;ordine effettuato su questo sito Web \u00e8 considerato un contratto tra l&#8217;utente e FAROSTUP SRL e deve essere eseguito da entrambe le parti. Ci\u00f2 significa che FAROSTUP SRL si impegna a consegnare i prodotti e servizi ordinati e l&#8217;utente si impegna a pagare il controvalore dell&#8217;ordine. Ci riserviamo il diritto di modificare i prezzi visualizzati sul sito web quando lo riteniamo necessario. FAROSTUP SRL utilizza i servizi di altre societ\u00e0, ad esempio per il trasporto, il pagamento, ecc. La responsabilit\u00e0 di questi servizi ricade interamente sulle societ\u00e0 che forniscono questi servizi. \u00c8 responsabilit\u00e0 dell&#8217;utente che prima di utilizzare questi servizi conoscere e accettare le condizioni e i termini di queste societ\u00e0. Politica di consegna La consegna viene effettuata tramite Fan Curier o DPD \u2013 il cliente sceglie il corriere al momento dell&#8217;ordine. Con DPD, la tassa di trasporto viene calcolata in base al peso del pacco. Tramite Fan Courier, l&#8217;importo del trasporto verr\u00e0 comunicato al cliente dopo aver effettuato l&#8217;ordine. Il tempo di consegna \u00e8 di 1-2 giorni lavorativi dalla data di effettuazione dell&#8217;ordine. La tassa di consegna pu\u00f2 cambiare se l&#8217;indirizzo del cliente non si trova nell&#8217;area di consegna del corriere. Politica di restituzione Tutte le immagini dei prodotti presentati sul sito sono indicative e sono personalizzate su richiesta, in base all&#8217;ordine effettuato dal cliente, motivo per cui sono esenti dal diritto di restituzione\/ ritorno previsto dagli artt. 9-15 dell\u2019OUG 34\/2014 in materia di contratti a distanza e contratti al di fuori degli spazi commerciali. Il cliente ha il diritto di annullare l&#8217;ordine entro un massimo di 7 giorni lavorativi dall&#8217;emissione della fattura o, a seconda dei casi, dalla ricezione della merce. Il denaro verr\u00e0 ritrasferito al cliente entro 48 ore dalla data del ritorno. Il costo della restituzione \u00e8 a carico del cliente. Registrazione come utente Al fine di creare l&#8217;account cliente, l&#8217;utente accetta di fornire informazioni veritiere, corrette, aggiornate e complete su di s\u00e9, a seconda delle specifiche nei relativi moduli. Se riteniamo che questo obbligo non venga rispettato, ci riserviamo il diritto di bloccargli l&#8217;accesso ai nostri servizi senza preavviso, per un periodo determinato o indefinito. L&#8217;accesso come membro su questo sito comporta la scelta di un nome utente e una parola di accesso. Mantenere la Tua password di accesso al sicuro \u00e8 Tua responsabilit\u00e0, le conseguenze di qualsiasi attivit\u00e0 svolta utilizzando la parola di accesso spetta completamente a Te. Accetti di informarci immediatamente di qualsiasi perdita della parola di ordine o di possibili segni di attivit\u00e0 non autorizzate sotto il Tuo nome utente. Riservatezza dei dati personali Stupi.ro si impegna a rispettare rigorosamente la riservatezza dei dati dei propri clienti e si impegna a non trasmettere tali dati personali a terzi. I dati richiesti su questo sito web sono: cognome, nome, numero di telefono, domicilio e indirizzo e-mail. Quando desideri effettuare un ordine online, Ti verranno inoltre chiesti: indirizzo di consegna, indirizzo di fatturazione e metodo di pagamento. I dati personali dell&#8217;utente possono essere utilizzati da Stupi.ro solo per lo scopo dichiarato di questo sito Web, ovvero per la conferma e la consegna dell&#8217;ordine all&#8217;utente. Diritto d\u2019autore Il Sito e tutti i suoi elementi (grafica Web, testi, programmi, ecc.) sono protetti dalla legge per la tutela del diritto d&#8217;autore. L&#8217;utilizzo senza il nostro consenso di qualsiasi elemento contenuto in questo sito \u00e8 punibile secondo le leggi vigenti. Ricordiamo che tutti i prodotti Farostup rientrano nell&#8217;ambito di un brevetto, cos\u00ec come di un modello di utilit\u00e0. Limitazione di responsabilit\u00e0 Per effetto della legislazione vigente, il negozio non ha alcuna responsabilit\u00e0 in merito a: ritardi nella consegna dovuti al fornitore, al corriere o per altri motivi. danni, distruzioni, perdite durante il trasporto al destinatario che sono a carico del vettore. informazioni errate fornite dall&#8217;acquirente. Ha la possibilit\u00e0 di correggere in qualsiasi momento i dati personali dall&#8217;account creato sul sito. la possibilit\u00e0 di contattare virus accedendo a questo negozio o ricevendo e-mail di natura informativa o promozionale. l&#8217;inconveniente creato dall&#8217;interruzione dell&#8217;accesso al negozio a causa del fornitore di servizi Internet (ISP). il contenuto o la natura dei siti attraverso quali un cliente arriva nel negozio. Ci riserviamo il diritto di rifiutare un ordine in qualsiasi momento, durante la procedura di ordinazione, per una serie di motivi, tra cui: il prodotto ordinato non \u00e8 disponibile a magazzino; identificare un errore nelle informazioni sul prodotto, incluso il prezzo o un&#8217;offerta promozionale. Se ci sono problemi con un ordine, Ti contatteremo via e-mail o telefono. Disposizioni finali Ci riserviamo il diritto di apportare modifiche a questi termini e condizioni, nonch\u00e9 eventuali modifiche al sito, senza la necessit\u00e0 di alcun preavviso agli utenti. SC FAROSTUP SRL Sede legale: Cristesti \u2013 Str. Pasunii 362C Jud. Mures E-mail: comenzi@faroger.ro e office@faroger.ro e lungugrigore75@gmail.com telefono: 0726-262300; 0726-262301 Registro delle Imprese: J26\/1108\/2015 Codice fiscale: RO35209175<\/p>\n","protected":false},"author":1,"featured_media":0,"parent":0,"menu_order":0,"comment_status":"closed","ping_status":"closed","template":"elementor_header_footer","meta":{"footnotes":""},"class_list":["post-13","page","type-page","status-publish","hentry","post-no-thumbnail"],"_links":{"self":[{"href":"https:\/\/stupi.ro\/it\/wp-json\/wp\/v2\/pages\/13","targetHints":{"allow":["GET"]}}],"collection":[{"href":"https:\/\/stupi.ro\/it\/wp-json\/wp\/v2\/pages"}],"about":[{"href":"https:\/\/stupi.ro\/it\/wp-json\/wp\/v2\/types\/page"}],"author":[{"embeddable":true,"href":"https:\/\/stupi.ro\/it\/wp-json\/wp\/v2\/users\/1"}],"replies":[{"embeddable":true,"href":"https:\/\/stupi.ro\/it\/wp-json\/wp\/v2\/comments?post=13"}],"version-history":[{"count":4,"href":"https:\/\/stupi.ro\/it\/wp-json\/wp\/v2\/pages\/13\/revisions"}],"predecessor-version":[{"id":1472,"href":"https:\/\/stupi.ro\/it\/wp-json\/wp\/v2\/pages\/13\/revisions\/1472"}],"wp:attachment":[{"href":"https:\/\/stupi.ro\/it\/wp-json\/wp\/v2\/media?parent=13"}],"curies":[{"name":"wp","href":"https:\/\/api.w.org\/{rel}","templated":true}]}}