{"id":772,"date":"2023-02-21T16:49:52","date_gmt":"2023-02-21T16:49:52","guid":{"rendered":"https:\/\/stupi.ro\/fr\/?page_id=772"},"modified":"2023-04-25T12:08:41","modified_gmt":"2023-04-25T12:08:41","slug":"politique-de-cookies","status":"publish","type":"page","link":"https:\/\/stupi.ro\/fr\/politique-de-cookies\/","title":{"rendered":"Politique de cookies"},"content":{"rendered":"\t\t<div data-elementor-type=\"wp-page\" data-elementor-id=\"772\" class=\"elementor elementor-772\">\n\t\t\t\t\t\t<section class=\"elementor-section elementor-top-section elementor-element elementor-element-1a99c014 elementor-section-boxed elementor-section-gap-beside-yes elementor-section-height-default elementor-section-height-default elementor-section-content-align-center elementor-section-column-vertical-align-stretch\" data-id=\"1a99c014\" data-element_type=\"section\" data-e-type=\"section\">\n\t\t\t\t\t\t<div class=\"elementor-container elementor-column-gap-extended\">\n\t\t\t\t\t<div class=\"elementor-column elementor-col-100 elementor-top-column elementor-element elementor-element-61ef530e\" data-id=\"61ef530e\" data-element_type=\"column\" data-e-type=\"column\">\n\t\t\t<div class=\"elementor-widget-wrap elementor-element-populated\">\n\t\t\t\t\t\t<div class=\"elementor-element elementor-element-6bda9293 elementor-widget elementor-widget-text-editor\" data-id=\"6bda9293\" data-element_type=\"widget\" data-e-type=\"widget\" data-widget_type=\"text-editor.default\">\n\t\t\t\t<div class=\"elementor-widget-container\">\n\t\t\t\t\t\t\t\t\t<p>Politique de cookies<\/p>\t\t\t\t\t\t\t\t<\/div>\n\t\t\t\t<\/div>\n\t\t\t\t<section class=\"elementor-section elementor-inner-section elementor-element elementor-element-58b0ac9b elementor-section-boxed elementor-section-gap-beside-yes elementor-section-height-default elementor-section-height-default elementor-section-content-align-center elementor-section-column-vertical-align-stretch\" data-id=\"58b0ac9b\" data-element_type=\"section\" data-e-type=\"section\">\n\t\t\t\t\t\t<div class=\"elementor-container elementor-column-gap-extended\">\n\t\t\t\t\t<div class=\"elementor-column elementor-col-100 elementor-inner-column elementor-element elementor-element-3079bfcd\" data-id=\"3079bfcd\" data-element_type=\"column\" data-e-type=\"column\">\n\t\t\t<div class=\"elementor-widget-wrap elementor-element-populated\">\n\t\t\t\t\t\t<div class=\"elementor-element elementor-element-163d5a7d elementor-widget elementor-widget-text-editor\" data-id=\"163d5a7d\" data-element_type=\"widget\" data-e-type=\"widget\" data-widget_type=\"text-editor.default\">\n\t\t\t\t<div class=\"elementor-widget-container\">\n\t\t\t\t\t\t\t\t\t<p><strong>1. Introduction<\/strong><\/p><p>Cette politique de cookies s\u2019applique \u00e0 tous les utilisateurs du site Web www.stupi.ro. Les informations pr\u00e9sent\u00e9es ci-dessous sont destin\u00e9es \u00e0 informer les utilisateurs de ce site Web sur le placement, l\u2019utilisation et l\u2019administration de cookies par FAROSTUP SRL dans le cadre de la navigation des utilisateurs sur ce site.<strong><br \/><br \/><\/strong><\/p><p><strong>2. Qu\u2019est-ce qu\u2019un cookie ?<\/strong><\/p><p>On emploie le terme \u00ab cookies \u00bb pour d\u00e9signer les cookies et les technologies similaires gr\u00e2ce auxquelles les informations peuvent \u00eatre collect\u00e9es automatiquement.<\/p><p>Un \u00ab cookie Internet \u00bb (\u00e9galement appel\u00e9 \u00ab browser cookie\u00bb ou \u00ab cookie HTTP \u00bb ou \u00ab cookie \u00bb) est un petit fichier compos\u00e9 de lettres et de chiffres qui sera stock\u00e9 sur votre ordinateur, sur le terminal portable ou bien, sur un autre \u00e9quipement d\u2019un utilisateur par lequel on acc\u00e8de \u00e0 l\u2019 Internet.<\/p><p>Les cookies sont install\u00e9s par une demande \u00e9mise par un serveur Web \u00e0 un browser (par exemple: Internet Explorer, Firefox, Chrome). Les cookies une fois install\u00e9s ont une dur\u00e9e de vie fixe, restant \u00ab\u00a0passifs\u00a0\u00bb, en ce sens qu\u2019ils ne contiennent pas de logiciels, de virus ou de logiciels espions et n\u2019acc\u00e9deront pas aux informations sur le disque dur de l\u2019utilisateur sur l\u2019\u00e9quipement duquel ils ont \u00e9t\u00e9 install\u00e9s. Un cookie se compose de deux parties : le nom du cookie et le contenu ou la valeur du cookie.<\/p><p>D\u2019un point de vue technique, seul le serveur Web qui a envoy\u00e9 le cookie peut y acc\u00e9der \u00e0 nouveau lorsqu\u2019un utilisateur revient sur le site Web associ\u00e9 \u00e0 ce serveur Web.<strong><br \/><br \/><\/strong><\/p><p><strong>3. \u00c0 quelles fins les cookies sont utilis\u00e9s via ce site Web:<\/strong><\/p><p>Les cookies sont utilis\u00e9s pour fournir aux utilisateurs de ce site Web une meilleure exp\u00e9rience de navigation et des services adapt\u00e9s aux besoins et aux int\u00e9r\u00eats de chaque utilisateur, \u00e0 savoir:<\/p><ul><li>am\u00e9liorer l\u2019utilisation de ce site Web, y compris en identifiant toute erreur qui se produit lors de la visite \/ de l\u2019utilisation par les utilisateurs;<\/li><li>fournir des statistiques anonymes sur la fa\u00e7on dont ce site Web est utilis\u00e9 \u00e0 FAROSTUP SRL, en tant que propri\u00e9taire de ce site Web;<\/li><li>anticiper des biens \u00e9ventuels qui seront mis \u00e0 la disposition des utilisateurs \u00e0 l\u2019avenir via ce site Web, en fonction des services \/ produits consult\u00e9s.<\/li><\/ul><p>Sur la base des feedback transmis par les cookies concernant la mani\u00e8re dont ce site Web est utilis\u00e9, FAROSTUP SRL peut adopter des mesures pour rendre ce site Web plus efficace et plus accessible aux utilisateurs.<\/p><p>Ainsi, l\u2019utilisation de cookies permet le stockage de certains param\u00e8tres \/ pr\u00e9f\u00e9rences d\u00e9finis par les utilisateurs de ce site, tels que:<br \/><br \/><\/p><ul><li>la langue dans laquelle un site Web est consult\u00e9;<\/li><li>la monnaie dans laquelle certains prix ou tarifs sont exprim\u00e9s;<\/li><li>faciliter l\u2019acc\u00e8s au compte des utilisateurs ;<\/li><li>publier des commentaires sur le site.<br \/><br \/><\/li><\/ul><p><strong>4. Quelle est la dur\u00e9e de vie des cookies ?<\/strong><\/p><p>La dur\u00e9e de vie des cookies peut varier consid\u00e9rablement, en fonction de l\u2019objectif pour lequel ils sont plac\u00e9s. Il existe les cat\u00e9gories de cookies suivantes qui d\u00e9terminent \u00e9galement leur dur\u00e9e de vie :<\/p><ul><li><strong>Cookies de session <\/strong>\u2013 Un \u00ab cookie de session \u00bb est un cookie qui est automatiquement supprim\u00e9 lorsque l\u2019utilisateur ferme son navigateur.<\/li><li><strong>Cookies persistants ou fixes <\/strong>\u2013 Un cookie \u00ab persistant \u00bb ou cookie \u00ab fixe \u00bb est un cookie qui reste stock\u00e9 dans le terminal de l\u2019utilisateur jusqu\u2019\u00e0 ce qu\u2019il atteigne une certaine date d\u2019expiration (qui peut \u00eatre de quelques minutes, jours ou quelques ann\u00e9es dans le futur) ou jusqu\u2019\u00e0 ce qu\u2019il soit supprim\u00e9 par l\u2019utilisateur \u00e0 tout moment via les param\u00e8tres du navigateur.<br \/><br \/><\/li><\/ul><p><strong>5. Que sont les cookies plac\u00e9s par des tiers ?<\/strong><\/p><p>Certaines sections de contenu du site Web peuvent \u00eatre fournies par des tiers, c\u2019est-\u00e0-dire pas par FAROSTUP SRL, auquel cas ces cookies sont appel\u00e9s cookies plac\u00e9s par des tiers (\u00ab third party cookie \u00bb). Les fournisseurs de cookies tiers doivent \u00e9galement se conformer aux r\u00e8gles de protection des donn\u00e9es et \u00e0 la<a href=\"https:\/\/stupii.anndesign.ro\/politica-de-confidentialitate\/\"> Politique de confidentialit\u00e9<\/a> disponibles sur ce site.<\/p><p>\u00a0Ces cookies peuvent provenir des tiers suivants : Google Analytics, Facebook.<br \/><br \/><\/p><p><strong>6. Quels cookies sont utilis\u00e9s via ce site:<\/strong><\/p><p>En utilisant \/ visitant le site Web, les cookies suivants peuvent \u00eatre plac\u00e9s:<\/p><ol><li>Cookies de performance de la page web;<\/li><li>Cookies d\u2019analyse des utilisateurs;<\/li><li>Cookies pour geotargetting;<\/li><li>Cookies d\u2019enregistrement;<\/li><\/ol><p>Cookies de publicit\u00e9. <br \/><br \/><strong>1. Cookies de performance<\/strong><\/p><p>Gr\u00e2ce \u00e0 ce type de cookies, les pr\u00e9f\u00e9rences de l\u2019utilisateur de ce site Web sont stock\u00e9es, de sorte qu\u2019il n\u2019est plus n\u00e9cessaire de les d\u00e9finir \u00e0 nouveau en cas de visite ult\u00e9rieure sur le site Web.<\/p><p><strong>2. Cookies d\u2019analyse utilisateur<\/strong><\/p><p>Ces cookies nous informent si un utilisateur particulier du site Web a d\u00e9j\u00e0 visit\u00e9 \/ utilis\u00e9 ce site Web. Ces cookies sont utilis\u00e9s \u00e0 des fins statistiques uniquement. <br \/><br \/><strong>3. Cookies de geotargetting<\/strong><\/p><p>Ces cookies sont utilis\u00e9s par un logiciel qui d\u00e9termine le pays d\u2019origine de l\u2019utilisateur du site. Les m\u00eames annonces seront re\u00e7ues, quelle que soit la langue s\u00e9lectionn\u00e9e. <br \/><br \/><strong>4. Cookies d\u2019enregistrement<\/strong><\/p><p>Lorsque vous vous inscrivez sur ce site, des cookies sont g\u00e9n\u00e9r\u00e9s qui stockent cette approche. Les serveurs utilisent ces cookies pour nous montrer le compte avec lequel vous \u00eates enregistr\u00e9. En outre, l\u2019utilisation de ces cookies nous permet d\u2019associer tout commentaire publi\u00e9 sur le site Web au nom d\u2019utilisateur du compte utilis\u00e9. Si l\u2019option \u00ab Me garder enregistr\u00e9 \u00bb n\u2019a pas \u00e9t\u00e9 s\u00e9lectionn\u00e9e, ces cookies seront automatiquement supprim\u00e9s au moment de la fin de la session de navigation. <br \/><br \/><strong>5. Cookies de publicit\u00e9<\/strong><\/p><p>Ces cookies permettent \u00e0 un utilisateur de visualiser une publicit\u00e9 en ligne, son type et le temps \u00e9coul\u00e9 \u00e0 partir du moment de la visualisation du message publicitaire concern\u00e9. En tant que tels, ces cookies sont utilis\u00e9s pour cibler la publicit\u00e9 en ligne. Ces cookies sont anonymes, stockant des informations sur le contenu consult\u00e9, pas sur les utilisateurs.<br \/><br \/><\/p><p><strong>7. Quel type d\u2019informations est stock\u00e9 et acc\u00e9d\u00e9 via les cookies ?<\/strong><\/p><p>Les cookies stockent des informations dans un petit fichier texte qui permet de reconna\u00eetre le navigateur. Ce site Web reconna\u00eet votre navigateur jusqu\u2019\u00e0 ce que les cookies expirent ou soient supprim\u00e9s.<br \/><br \/><\/p><p><strong>8. Personnalisation des param\u00e8tres de votre navigateur concernant les cookies<\/strong><\/p><p>Si l\u2019utilisation de cookies n\u2019est pas d\u00e9rangeante et que l\u2019ordinateur ou l\u2019\u00e9quipement technique utilis\u00e9 pour naviguer sur ce site Web est utilis\u00e9 uniquement par vous, de longues dates d\u2019expiration peuvent \u00eatre d\u00e9finies pour stocker l\u2019historique de navigation. Si l\u2019ordinateur ou l\u2019\u00e9quipement technique utilis\u00e9 pour naviguer sur ce site Web est utilis\u00e9 par plus d\u2019une personne, le param\u00e8tre de suppression des donn\u00e9es de navigation individuelles peut \u00eatre pris en compte \u00e0 chaque fermeture du navigateur.<br \/><br \/><br \/><\/p><p><strong>9. Comment arr\u00eater les cookies ?<\/strong><\/p><p>La d\u00e9sactivation et le refus de recevoir des cookies peuvent rendre ce site Web difficile \u00e0 visiter, ce qui entra\u00eene des limitations sur ses possibilit\u00e9s d\u2019utilisation. Les utilisateurs peuvent configurer leur navigateur pour refuser les cookies ou pour accepter les cookies d\u2019un certain site Web. Tous les navigateurs modernes offrent la possibilit\u00e9 de modifier les param\u00e8tres des cookies. Ces param\u00e8tres sont g\u00e9n\u00e9ralement accessibles dans la section \u00ab options \u00bb ou dans le menu \u00ab pr\u00e9f\u00e9rences \u00bb de votre navigateur. Cependant, refuser ou d\u00e9sactiver les cookies ne signifie pas que vous ne recevrez plus de publicit\u00e9 en ligne \u2013 mais seulement qu\u2019elle ne sera pas adapt\u00e9e \u00e0 vos pr\u00e9f\u00e9rences et int\u00e9r\u00eats, mis en \u00e9vidence par votre comportement de navigation.<\/p><p>Pour comprendre ces param\u00e8tres, les liens suivants peuvent \u00eatre utiles :<\/p><ul><li><a href=\"https:\/\/support.microsoft.com\/en-us\/help\/17442\/windows-internet-explorer-delete-manage-cookies\">Param\u00e8tres des cookies dans Internet Explorer<\/a><\/li><li><a href=\"https:\/\/support.mozilla.org\/en-US\/kb\/enable-and-disable-cookies-website-preferences\">Param\u00e8tres des cookies dans Firefox<\/a><\/li><li><a href=\"https:\/\/support.google.com\/chrome\/answer\/95647\">Param\u00e8tres des cookies dans Chrome<\/a><\/li><li><a href=\"https:\/\/support.apple.com\/kb\/ph21411\">Param\u00e8tres des cookies dans Safari<\/a><\/li><\/ul><p>Pour toute autre question concernant la fa\u00e7on dont les cookies sont utilis\u00e9s sur ce site, veuillez nous contacter \u00e0: <a href=\"mailto:office@faroger.ro\">office@faroger.ro<\/a><u>.<\/u><\/p>\t\t\t\t\t\t\t\t<\/div>\n\t\t\t\t<\/div>\n\t\t\t\t\t<\/div>\n\t\t<\/div>\n\t\t\t\t\t<\/div>\n\t\t<\/section>\n\t\t\t\t\t<\/div>\n\t\t<\/div>\n\t\t\t\t\t<\/div>\n\t\t<\/section>\n\t\t\t\t<\/div>\n\t\t","protected":false},"excerpt":{"rendered":"<p>Politique de cookies 1. Introduction Cette politique de cookies s\u2019applique \u00e0 tous les utilisateurs du site Web www.stupi.ro. Les informations pr\u00e9sent\u00e9es ci-dessous sont destin\u00e9es \u00e0 informer les utilisateurs de ce site Web sur le placement, l\u2019utilisation et l\u2019administration de cookies par FAROSTUP SRL dans le cadre de la navigation des utilisateurs sur ce site. 2. Qu\u2019est-ce qu\u2019un cookie ? On emploie le terme \u00ab cookies \u00bb pour d\u00e9signer les cookies et les technologies similaires gr\u00e2ce auxquelles les informations peuvent \u00eatre collect\u00e9es automatiquement. Un \u00ab cookie Internet \u00bb (\u00e9galement appel\u00e9 \u00ab browser cookie\u00bb ou \u00ab cookie HTTP \u00bb ou \u00ab cookie \u00bb) est un petit fichier compos\u00e9 de lettres et de chiffres qui sera stock\u00e9 sur votre ordinateur, sur le terminal portable ou bien, sur un autre \u00e9quipement d\u2019un utilisateur par lequel on acc\u00e8de \u00e0 l\u2019 Internet. Les cookies sont install\u00e9s par une demande \u00e9mise par un serveur Web \u00e0 un browser (par exemple: Internet Explorer, Firefox, Chrome). Les cookies une fois install\u00e9s ont une dur\u00e9e de vie fixe, restant \u00ab\u00a0passifs\u00a0\u00bb, en ce sens qu\u2019ils ne contiennent pas de logiciels, de virus ou de logiciels espions et n\u2019acc\u00e9deront pas aux informations sur le disque dur de l\u2019utilisateur sur l\u2019\u00e9quipement duquel ils ont \u00e9t\u00e9 install\u00e9s. Un cookie se compose de deux parties : le nom du cookie et le contenu ou la valeur du cookie. D\u2019un point de vue technique, seul le serveur Web qui a envoy\u00e9 le cookie peut y acc\u00e9der \u00e0 nouveau lorsqu\u2019un utilisateur revient sur le site Web associ\u00e9 \u00e0 ce serveur Web. 3. \u00c0 quelles fins les cookies sont utilis\u00e9s via ce site Web: Les cookies sont utilis\u00e9s pour fournir aux utilisateurs de ce site Web une meilleure exp\u00e9rience de navigation et des services adapt\u00e9s aux besoins et aux int\u00e9r\u00eats de chaque utilisateur, \u00e0 savoir: am\u00e9liorer l\u2019utilisation de ce site Web, y compris en identifiant toute erreur qui se produit lors de la visite \/ de l\u2019utilisation par les utilisateurs; fournir des statistiques anonymes sur la fa\u00e7on dont ce site Web est utilis\u00e9 \u00e0 FAROSTUP SRL, en tant que propri\u00e9taire de ce site Web; anticiper des biens \u00e9ventuels qui seront mis \u00e0 la disposition des utilisateurs \u00e0 l\u2019avenir via ce site Web, en fonction des services \/ produits consult\u00e9s. Sur la base des feedback transmis par les cookies concernant la mani\u00e8re dont ce site Web est utilis\u00e9, FAROSTUP SRL peut adopter des mesures pour rendre ce site Web plus efficace et plus accessible aux utilisateurs. Ainsi, l\u2019utilisation de cookies permet le stockage de certains param\u00e8tres \/ pr\u00e9f\u00e9rences d\u00e9finis par les utilisateurs de ce site, tels que: la langue dans laquelle un site Web est consult\u00e9; la monnaie dans laquelle certains prix ou tarifs sont exprim\u00e9s; faciliter l\u2019acc\u00e8s au compte des utilisateurs ; publier des commentaires sur le site. 4. Quelle est la dur\u00e9e de vie des cookies ? La dur\u00e9e de vie des cookies peut varier consid\u00e9rablement, en fonction de l\u2019objectif pour lequel ils sont plac\u00e9s. Il existe les cat\u00e9gories de cookies suivantes qui d\u00e9terminent \u00e9galement leur dur\u00e9e de vie : Cookies de session \u2013 Un \u00ab cookie de session \u00bb est un cookie qui est automatiquement supprim\u00e9 lorsque l\u2019utilisateur ferme son navigateur. Cookies persistants ou fixes \u2013 Un cookie \u00ab persistant \u00bb ou cookie \u00ab fixe \u00bb est un cookie qui reste stock\u00e9 dans le terminal de l\u2019utilisateur jusqu\u2019\u00e0 ce qu\u2019il atteigne une certaine date d\u2019expiration (qui peut \u00eatre de quelques minutes, jours ou quelques ann\u00e9es dans le futur) ou jusqu\u2019\u00e0 ce qu\u2019il soit supprim\u00e9 par l\u2019utilisateur \u00e0 tout moment via les param\u00e8tres du navigateur. 5. Que sont les cookies plac\u00e9s par des tiers ? Certaines sections de contenu du site Web peuvent \u00eatre fournies par des tiers, c\u2019est-\u00e0-dire pas par FAROSTUP SRL, auquel cas ces cookies sont appel\u00e9s cookies plac\u00e9s par des tiers (\u00ab third party cookie \u00bb). Les fournisseurs de cookies tiers doivent \u00e9galement se conformer aux r\u00e8gles de protection des donn\u00e9es et \u00e0 la Politique de confidentialit\u00e9 disponibles sur ce site. \u00a0Ces cookies peuvent provenir des tiers suivants : Google Analytics, Facebook. 6. Quels cookies sont utilis\u00e9s via ce site: En utilisant \/ visitant le site Web, les cookies suivants peuvent \u00eatre plac\u00e9s: Cookies de performance de la page web; Cookies d\u2019analyse des utilisateurs; Cookies pour geotargetting; Cookies d\u2019enregistrement; Cookies de publicit\u00e9. 1. Cookies de performance Gr\u00e2ce \u00e0 ce type de cookies, les pr\u00e9f\u00e9rences de l\u2019utilisateur de ce site Web sont stock\u00e9es, de sorte qu\u2019il n\u2019est plus n\u00e9cessaire de les d\u00e9finir \u00e0 nouveau en cas de visite ult\u00e9rieure sur le site Web. 2. Cookies d\u2019analyse utilisateur Ces cookies nous informent si un utilisateur particulier du site Web a d\u00e9j\u00e0 visit\u00e9 \/ utilis\u00e9 ce site Web. Ces cookies sont utilis\u00e9s \u00e0 des fins statistiques uniquement. 3. Cookies de geotargetting Ces cookies sont utilis\u00e9s par un logiciel qui d\u00e9termine le pays d\u2019origine de l\u2019utilisateur du site. Les m\u00eames annonces seront re\u00e7ues, quelle que soit la langue s\u00e9lectionn\u00e9e. 4. Cookies d\u2019enregistrement Lorsque vous vous inscrivez sur ce site, des cookies sont g\u00e9n\u00e9r\u00e9s qui stockent cette approche. Les serveurs utilisent ces cookies pour nous montrer le compte avec lequel vous \u00eates enregistr\u00e9. En outre, l\u2019utilisation de ces cookies nous permet d\u2019associer tout commentaire publi\u00e9 sur le site Web au nom d\u2019utilisateur du compte utilis\u00e9. Si l\u2019option \u00ab Me garder enregistr\u00e9 \u00bb n\u2019a pas \u00e9t\u00e9 s\u00e9lectionn\u00e9e, ces cookies seront automatiquement supprim\u00e9s au moment de la fin de la session de navigation. 5. Cookies de publicit\u00e9 Ces cookies permettent \u00e0 un utilisateur de visualiser une publicit\u00e9 en ligne, son type et le temps \u00e9coul\u00e9 \u00e0 partir du moment de la visualisation du message publicitaire concern\u00e9. En tant que tels, ces cookies sont utilis\u00e9s pour cibler la publicit\u00e9 en ligne. Ces cookies sont anonymes, stockant des informations sur le contenu consult\u00e9, pas sur les utilisateurs. 7. Quel type d\u2019informations est stock\u00e9 et acc\u00e9d\u00e9 via les cookies ? Les cookies stockent des informations dans un petit fichier texte qui permet de reconna\u00eetre le navigateur. Ce site Web reconna\u00eet votre navigateur jusqu\u2019\u00e0 ce que les cookies expirent ou soient supprim\u00e9s. 8. Personnalisation [&hellip;]<\/p>\n","protected":false},"author":1,"featured_media":0,"parent":0,"menu_order":0,"comment_status":"closed","ping_status":"closed","template":"elementor_header_footer","meta":{"footnotes":""},"class_list":["post-772","page","type-page","status-publish","hentry","post-no-thumbnail"],"_links":{"self":[{"href":"https:\/\/stupi.ro\/fr\/wp-json\/wp\/v2\/pages\/772","targetHints":{"allow":["GET"]}}],"collection":[{"href":"https:\/\/stupi.ro\/fr\/wp-json\/wp\/v2\/pages"}],"about":[{"href":"https:\/\/stupi.ro\/fr\/wp-json\/wp\/v2\/types\/page"}],"author":[{"embeddable":true,"href":"https:\/\/stupi.ro\/fr\/wp-json\/wp\/v2\/users\/1"}],"replies":[{"embeddable":true,"href":"https:\/\/stupi.ro\/fr\/wp-json\/wp\/v2\/comments?post=772"}],"version-history":[{"count":7,"href":"https:\/\/stupi.ro\/fr\/wp-json\/wp\/v2\/pages\/772\/revisions"}],"predecessor-version":[{"id":1646,"href":"https:\/\/stupi.ro\/fr\/wp-json\/wp\/v2\/pages\/772\/revisions\/1646"}],"wp:attachment":[{"href":"https:\/\/stupi.ro\/fr\/wp-json\/wp\/v2\/media?parent=772"}],"curies":[{"name":"wp","href":"https:\/\/api.w.org\/{rel}","templated":true}]}}