{"id":517,"date":"2023-02-09T17:28:44","date_gmt":"2023-02-09T17:28:44","guid":{"rendered":"https:\/\/stupi.ro\/fr\/?page_id=517"},"modified":"2023-04-01T14:14:33","modified_gmt":"2023-04-01T14:14:33","slug":"la-ruche-portable-v6","status":"publish","type":"page","link":"https:\/\/stupi.ro\/fr\/la-ruche-portable-v6\/","title":{"rendered":"La ruche portable V6"},"content":{"rendered":"\t\t<div data-elementor-type=\"wp-page\" data-elementor-id=\"517\" class=\"elementor elementor-517\">\n\t\t\t\t\t\t<section class=\"elementor-section elementor-top-section elementor-element elementor-element-1277f0cc elementor-section-boxed elementor-section-gap-beside-yes elementor-section-height-default elementor-section-height-default elementor-section-content-align-center elementor-section-column-vertical-align-stretch\" data-id=\"1277f0cc\" data-element_type=\"section\" data-e-type=\"section\">\n\t\t\t\t\t\t<div class=\"elementor-container elementor-column-gap-extended\">\n\t\t\t\t\t<div class=\"elementor-column elementor-col-100 elementor-top-column elementor-element elementor-element-658eb714\" data-id=\"658eb714\" data-element_type=\"column\" data-e-type=\"column\">\n\t\t\t<div class=\"elementor-widget-wrap elementor-element-populated\">\n\t\t\t\t\t\t<div class=\"elementor-element elementor-element-157b7f4c elementor-widget elementor-widget-text-editor\" data-id=\"157b7f4c\" data-element_type=\"widget\" data-e-type=\"widget\" data-widget_type=\"text-editor.default\">\n\t\t\t\t<div class=\"elementor-widget-container\">\n\t\t\t\t\t\t\t\t\t<p>FAROSTUP<\/p>\t\t\t\t\t\t\t\t<\/div>\n\t\t\t\t<\/div>\n\t\t\t\t<div class=\"elementor-element elementor-element-65ac0292 elementor-widget elementor-widget-text-editor\" data-id=\"65ac0292\" data-element_type=\"widget\" data-e-type=\"widget\" data-widget_type=\"text-editor.default\">\n\t\t\t\t<div class=\"elementor-widget-container\">\n\t\t\t\t\t\t\t\t\t<p>La ruche portable V6<\/p>\t\t\t\t\t\t\t\t<\/div>\n\t\t\t\t<\/div>\n\t\t\t\t<div class=\"elementor-element elementor-element-78eb8cb elementor-widget elementor-widget-text-editor\" data-id=\"78eb8cb\" data-element_type=\"widget\" data-e-type=\"widget\" data-widget_type=\"text-editor.default\">\n\t\t\t\t<div class=\"elementor-widget-container\">\n\t\t\t\t\t\t\t\t\t<p><span class=\"HwtZe\" lang=\"en\"><span class=\"jCAhz ChMk0b C1N51c\"><span class=\"ryNqvb\">3 marines: 1\/1 3\/4 SI 1\/2<\/span><\/span><\/span><\/p>\t\t\t\t\t\t\t\t<\/div>\n\t\t\t\t<\/div>\n\t\t\t\t<section class=\"elementor-section elementor-inner-section elementor-element elementor-element-c91285b elementor-section-boxed elementor-section-gap-beside-yes elementor-section-height-default elementor-section-height-default elementor-section-content-align-center elementor-section-column-vertical-align-stretch\" data-id=\"c91285b\" data-element_type=\"section\" data-e-type=\"section\">\n\t\t\t\t\t\t<div class=\"elementor-container elementor-column-gap-extended\">\n\t\t\t\t\t<div class=\"elementor-column elementor-col-100 elementor-inner-column elementor-element elementor-element-aefc0fd\" data-id=\"aefc0fd\" data-element_type=\"column\" data-e-type=\"column\">\n\t\t\t<div class=\"elementor-widget-wrap elementor-element-populated\">\n\t\t\t\t\t\t<div class=\"elementor-element elementor-element-ef196dc elementor-widget elementor-widget-text-editor\" data-id=\"ef196dc\" data-element_type=\"widget\" data-e-type=\"widget\" data-widget_type=\"text-editor.default\">\n\t\t\t\t<div class=\"elementor-widget-container\">\n\t\t\t\t\t\t\t\t\t<p>La ruche portable V6 (3+3) est en PUR, avec une \u00e9paisseur de paroi de 20 mm. La ruche portable est con\u00e7ue pour abriter une famille d\u2019abeilles sur 6 cadres ou 2 familles sur 3 cadres chacun. La s\u00e9paration de la ruche portable dans deux enceintes se fait \u00e0 l\u2019aide d\u2019un diaphragme mobile. Chaque enceinte a une entr\u00e9e avec une planche de vol. Les composants de la ruche portable sont : socle anti-varroa avec plateau et deux entr\u00e9es ; parois lat\u00e9rales; diaphragme; nourrisseur avec deux compartiments; couvercle avec bride de fixation. Les pieds du socle et sur le couvercle permettent la superposition des ruches.<\/p><p>Les composants sont assembl\u00e9s avec des vis. La livraison se fait sous forme de kit ; L\u2019assemblage est effectu\u00e9 par l\u2019apiculteur.<\/p>\t\t\t\t\t\t\t\t<\/div>\n\t\t\t\t<\/div>\n\t\t\t\t\t<\/div>\n\t\t<\/div>\n\t\t\t\t\t<\/div>\n\t\t<\/section>\n\t\t\t\t<section class=\"elementor-section elementor-inner-section elementor-element elementor-element-5c89b10 elementor-section-boxed elementor-section-gap-beside-yes elementor-section-height-default elementor-section-height-default elementor-section-content-align-center elementor-section-column-vertical-align-stretch\" data-id=\"5c89b10\" data-element_type=\"section\" data-e-type=\"section\">\n\t\t\t\t\t\t<div class=\"elementor-container elementor-column-gap-extended\">\n\t\t\t\t\t<div class=\"elementor-column elementor-col-33 elementor-inner-column elementor-element elementor-element-109c733\" data-id=\"109c733\" data-element_type=\"column\" data-e-type=\"column\">\n\t\t\t<div class=\"elementor-widget-wrap elementor-element-populated\">\n\t\t\t\t\t\t<div class=\"elementor-element elementor-element-8a10755 elementor-widget elementor-widget-image\" data-id=\"8a10755\" data-element_type=\"widget\" data-e-type=\"widget\" data-widget_type=\"image.default\">\n\t\t\t\t<div class=\"elementor-widget-container\">\n\t\t\t\t\t\t\t\t\t\t\t\t\t\t\t<img fetchpriority=\"high\" decoding=\"async\" width=\"640\" height=\"960\" src=\"https:\/\/stupi.ro\/fr\/wp-content\/uploads\/2023\/02\/IMG_5400-min-683x1024.png\" class=\"attachment-large size-large wp-image-526\" alt=\"\" srcset=\"https:\/\/stupi.ro\/fr\/wp-content\/uploads\/2023\/02\/IMG_5400-min-683x1024.png 683w, https:\/\/stupi.ro\/fr\/wp-content\/uploads\/2023\/02\/IMG_5400-min-200x300.png 200w, https:\/\/stupi.ro\/fr\/wp-content\/uploads\/2023\/02\/IMG_5400-min-768x1152.png 768w, https:\/\/stupi.ro\/fr\/wp-content\/uploads\/2023\/02\/IMG_5400-min-1024x1536.png 1024w, https:\/\/stupi.ro\/fr\/wp-content\/uploads\/2023\/02\/IMG_5400-min-1365x2048.png 1365w, https:\/\/stupi.ro\/fr\/wp-content\/uploads\/2023\/02\/IMG_5400-min-300x450.png 300w, https:\/\/stupi.ro\/fr\/wp-content\/uploads\/2023\/02\/IMG_5400-min-600x900.png 600w\" sizes=\"(max-width: 640px) 100vw, 640px\" \/>\t\t\t\t\t\t\t\t\t\t\t\t\t\t\t<\/div>\n\t\t\t\t<\/div>\n\t\t\t\t\t<\/div>\n\t\t<\/div>\n\t\t\t\t<div class=\"elementor-column elementor-col-33 elementor-inner-column elementor-element elementor-element-dc566b9\" data-id=\"dc566b9\" data-element_type=\"column\" data-e-type=\"column\">\n\t\t\t<div class=\"elementor-widget-wrap elementor-element-populated\">\n\t\t\t\t\t\t<div class=\"elementor-element elementor-element-fb9ef97 elementor-widget elementor-widget-image\" data-id=\"fb9ef97\" data-element_type=\"widget\" data-e-type=\"widget\" data-widget_type=\"image.default\">\n\t\t\t\t<div class=\"elementor-widget-container\">\n\t\t\t\t\t\t\t\t\t\t\t\t\t\t\t<img decoding=\"async\" width=\"640\" height=\"960\" src=\"https:\/\/stupi.ro\/fr\/wp-content\/uploads\/2023\/02\/IMG_5401-min-683x1024.png\" class=\"attachment-large size-large wp-image-527\" alt=\"\" srcset=\"https:\/\/stupi.ro\/fr\/wp-content\/uploads\/2023\/02\/IMG_5401-min-683x1024.png 683w, https:\/\/stupi.ro\/fr\/wp-content\/uploads\/2023\/02\/IMG_5401-min-200x300.png 200w, https:\/\/stupi.ro\/fr\/wp-content\/uploads\/2023\/02\/IMG_5401-min-768x1152.png 768w, https:\/\/stupi.ro\/fr\/wp-content\/uploads\/2023\/02\/IMG_5401-min-1024x1536.png 1024w, https:\/\/stupi.ro\/fr\/wp-content\/uploads\/2023\/02\/IMG_5401-min-1365x2048.png 1365w, https:\/\/stupi.ro\/fr\/wp-content\/uploads\/2023\/02\/IMG_5401-min-300x450.png 300w, https:\/\/stupi.ro\/fr\/wp-content\/uploads\/2023\/02\/IMG_5401-min-600x900.png 600w\" sizes=\"(max-width: 640px) 100vw, 640px\" \/>\t\t\t\t\t\t\t\t\t\t\t\t\t\t\t<\/div>\n\t\t\t\t<\/div>\n\t\t\t\t\t<\/div>\n\t\t<\/div>\n\t\t\t\t<div class=\"elementor-column elementor-col-33 elementor-inner-column elementor-element elementor-element-306936b\" data-id=\"306936b\" data-element_type=\"column\" data-e-type=\"column\">\n\t\t\t<div class=\"elementor-widget-wrap elementor-element-populated\">\n\t\t\t\t\t\t<div class=\"elementor-element elementor-element-43eaefc elementor-widget elementor-widget-image\" data-id=\"43eaefc\" data-element_type=\"widget\" data-e-type=\"widget\" data-widget_type=\"image.default\">\n\t\t\t\t<div class=\"elementor-widget-container\">\n\t\t\t\t\t\t\t\t\t\t\t\t\t\t\t<img decoding=\"async\" width=\"640\" height=\"960\" src=\"https:\/\/stupi.ro\/fr\/wp-content\/uploads\/2023\/02\/IMG_5402-min-683x1024.png\" class=\"attachment-large size-large wp-image-528\" alt=\"\" srcset=\"https:\/\/stupi.ro\/fr\/wp-content\/uploads\/2023\/02\/IMG_5402-min-683x1024.png 683w, https:\/\/stupi.ro\/fr\/wp-content\/uploads\/2023\/02\/IMG_5402-min-200x300.png 200w, https:\/\/stupi.ro\/fr\/wp-content\/uploads\/2023\/02\/IMG_5402-min-768x1152.png 768w, https:\/\/stupi.ro\/fr\/wp-content\/uploads\/2023\/02\/IMG_5402-min-1024x1536.png 1024w, https:\/\/stupi.ro\/fr\/wp-content\/uploads\/2023\/02\/IMG_5402-min-1365x2048.png 1365w, https:\/\/stupi.ro\/fr\/wp-content\/uploads\/2023\/02\/IMG_5402-min-300x450.png 300w, https:\/\/stupi.ro\/fr\/wp-content\/uploads\/2023\/02\/IMG_5402-min-600x900.png 600w\" sizes=\"(max-width: 640px) 100vw, 640px\" \/>\t\t\t\t\t\t\t\t\t\t\t\t\t\t\t<\/div>\n\t\t\t\t<\/div>\n\t\t\t\t\t<\/div>\n\t\t<\/div>\n\t\t\t\t\t<\/div>\n\t\t<\/section>\n\t\t\t\t<div class=\"elementor-element elementor-element-9b39360 elementor-widget elementor-widget-text-editor\" data-id=\"9b39360\" data-element_type=\"widget\" data-e-type=\"widget\" data-widget_type=\"text-editor.default\">\n\t\t\t\t<div class=\"elementor-widget-container\">\n\t\t\t\t\t\t\t\t\t<p>Le corps de la ruche portable est compos\u00e9 de 2 parois courtes et de 2 parois longues; L\u2019assemblage des parois se fait par vis. Le corps est fix\u00e9 par des vis sur le socle. La ruche portable est con\u00e7ue pour abriter une famille d\u2019abeilles sur un maximum de 6 cadres ou deux familles sur chacun des 3 cadres.<\/p><p>Pour la s\u00e9paration des deux familles, l\u2019espace int\u00e9rieur est s\u00e9par\u00e9 en deux enceintes \u00e0 l\u2019aide d\u2019un diaphragme amovible. Chaque enceinte a ses propres entr\u00e9es, une \u00e0 l\u2019avant, une \u00e0 l\u2019arri\u00e8re. Les entr\u00e9es ont une planche de vol qui est \u00e9galement la porte de fermeture de l\u2019enceinte. Le nourrisseur se pr\u00e9sente sous la forme d\u2019un plateau pour le sirop, divis\u00e9 en deux, chaque partie ayant des trous de passage pour les abeilles.<\/p><p>Le couvercle a une plus grande surface que la ruche pour la prot\u00e9ger contre les pr\u00e9cipitations. Sur sa surface, il y a quatre empreintes qui se trouvent \u00e9galement sur le fond de la ruche et permettent la superposition de plusieurs ruches.<\/p>\t\t\t\t\t\t\t\t<\/div>\n\t\t\t\t<\/div>\n\t\t\t\t<section class=\"elementor-section elementor-inner-section elementor-element elementor-element-cf829d5 elementor-section-content-middle elementor-section-boxed elementor-section-gap-beside-yes elementor-section-height-default elementor-section-height-default elementor-section-content-align-center elementor-section-column-vertical-align-stretch\" data-id=\"cf829d5\" data-element_type=\"section\" data-e-type=\"section\">\n\t\t\t\t\t\t<div class=\"elementor-container elementor-column-gap-extended\">\n\t\t\t\t\t<div class=\"elementor-column elementor-col-50 elementor-inner-column elementor-element elementor-element-7caecb0\" data-id=\"7caecb0\" data-element_type=\"column\" data-e-type=\"column\">\n\t\t\t<div class=\"elementor-widget-wrap elementor-element-populated\">\n\t\t\t\t\t\t<div class=\"elementor-element elementor-element-d978f1c elementor-widget elementor-widget-image\" data-id=\"d978f1c\" data-element_type=\"widget\" data-e-type=\"widget\" data-widget_type=\"image.default\">\n\t\t\t\t<div class=\"elementor-widget-container\">\n\t\t\t\t\t\t\t\t\t\t\t\t\t\t\t<img loading=\"lazy\" decoding=\"async\" width=\"640\" height=\"443\" src=\"https:\/\/stupi.ro\/fr\/wp-content\/uploads\/2023\/02\/Schita_De_Montaj.jpg\" class=\"attachment-large size-large wp-image-529\" alt=\"\" srcset=\"https:\/\/stupi.ro\/fr\/wp-content\/uploads\/2023\/02\/Schita_De_Montaj.jpg 866w, https:\/\/stupi.ro\/fr\/wp-content\/uploads\/2023\/02\/Schita_De_Montaj-300x208.jpg 300w, https:\/\/stupi.ro\/fr\/wp-content\/uploads\/2023\/02\/Schita_De_Montaj-768x531.jpg 768w, https:\/\/stupi.ro\/fr\/wp-content\/uploads\/2023\/02\/Schita_De_Montaj-600x415.jpg 600w\" sizes=\"(max-width: 640px) 100vw, 640px\" \/>\t\t\t\t\t\t\t\t\t\t\t\t\t\t\t<\/div>\n\t\t\t\t<\/div>\n\t\t\t\t\t<\/div>\n\t\t<\/div>\n\t\t\t\t<div class=\"elementor-column elementor-col-50 elementor-inner-column elementor-element elementor-element-3f70feb\" data-id=\"3f70feb\" data-element_type=\"column\" data-e-type=\"column\" data-settings=\"{&quot;background_background&quot;:&quot;classic&quot;}\">\n\t\t\t<div class=\"elementor-widget-wrap elementor-element-populated\">\n\t\t\t\t\t\t<div class=\"elementor-element elementor-element-a4dad98 elementor-widget elementor-widget-text-editor\" data-id=\"a4dad98\" data-element_type=\"widget\" data-e-type=\"widget\" data-widget_type=\"text-editor.default\">\n\t\t\t\t<div class=\"elementor-widget-container\">\n\t\t\t\t\t\t\t\t\t<p><strong>La ruche portable est fabriqu\u00e9e en 3 marines:<\/strong> <br \/>V6 \u2013 1\/1 pour le cadre de 300mm; <br \/>V6 \u2013 3\/4 pour le cadre 230mm et <br \/>V6 \u2013 1\/2 pour le cadre 162mm.<\/p>\t\t\t\t\t\t\t\t<\/div>\n\t\t\t\t<\/div>\n\t\t\t\t<div class=\"elementor-element elementor-element-a883084 elementor-widget elementor-widget-text-editor\" data-id=\"a883084\" data-element_type=\"widget\" data-e-type=\"widget\" data-widget_type=\"text-editor.default\">\n\t\t\t\t<div class=\"elementor-widget-container\">\n\t\t\t\t\t\t\t\t\t<p><strong>Les sous-assemblages de la ruche portable sont:<br \/><\/strong>1. Socle avec fen\u00eatre anti-varroa et plateau; <br \/>2. Corps pour l\u2019ensemble du cadre (1\/1); <br \/>3. Nourrisseur; <br \/>4. Couvercle et bride couvercle<\/p><p>Les sous-assemblages de la ruche portable sont en polyur\u00e9thane rigide ; les parois ayant une \u00e9paisseur de 20 mm<\/p>\t\t\t\t\t\t\t\t<\/div>\n\t\t\t\t<\/div>\n\t\t\t\t\t<\/div>\n\t\t<\/div>\n\t\t\t\t\t<\/div>\n\t\t<\/section>\n\t\t\t\t\t<\/div>\n\t\t<\/div>\n\t\t\t\t\t<\/div>\n\t\t<\/section>\n\t\t\t\t<\/div>\n\t\t","protected":false},"excerpt":{"rendered":"<p>FAROSTUP La ruche portable V6 3 marines: 1\/1 3\/4 SI 1\/2 La ruche portable V6 (3+3) est en PUR, avec une \u00e9paisseur de paroi de 20 mm. La ruche portable est con\u00e7ue pour abriter une famille d\u2019abeilles sur 6 cadres ou 2 familles sur 3 cadres chacun. La s\u00e9paration de la ruche portable dans deux enceintes se fait \u00e0 l\u2019aide d\u2019un diaphragme mobile. Chaque enceinte a une entr\u00e9e avec une planche de vol. Les composants de la ruche portable sont : socle anti-varroa avec plateau et deux entr\u00e9es ; parois lat\u00e9rales; diaphragme; nourrisseur avec deux compartiments; couvercle avec bride de fixation. Les pieds du socle et sur le couvercle permettent la superposition des ruches. Les composants sont assembl\u00e9s avec des vis. La livraison se fait sous forme de kit ; L\u2019assemblage est effectu\u00e9 par l\u2019apiculteur. Le corps de la ruche portable est compos\u00e9 de 2 parois courtes et de 2 parois longues; L\u2019assemblage des parois se fait par vis. Le corps est fix\u00e9 par des vis sur le socle. La ruche portable est con\u00e7ue pour abriter une famille d\u2019abeilles sur un maximum de 6 cadres ou deux familles sur chacun des 3 cadres. Pour la s\u00e9paration des deux familles, l\u2019espace int\u00e9rieur est s\u00e9par\u00e9 en deux enceintes \u00e0 l\u2019aide d\u2019un diaphragme amovible. Chaque enceinte a ses propres entr\u00e9es, une \u00e0 l\u2019avant, une \u00e0 l\u2019arri\u00e8re. Les entr\u00e9es ont une planche de vol qui est \u00e9galement la porte de fermeture de l\u2019enceinte. Le nourrisseur se pr\u00e9sente sous la forme d\u2019un plateau pour le sirop, divis\u00e9 en deux, chaque partie ayant des trous de passage pour les abeilles. Le couvercle a une plus grande surface que la ruche pour la prot\u00e9ger contre les pr\u00e9cipitations. Sur sa surface, il y a quatre empreintes qui se trouvent \u00e9galement sur le fond de la ruche et permettent la superposition de plusieurs ruches. La ruche portable est fabriqu\u00e9e en 3 marines: V6 \u2013 1\/1 pour le cadre de 300mm; V6 \u2013 3\/4 pour le cadre 230mm et V6 \u2013 1\/2 pour le cadre 162mm. Les sous-assemblages de la ruche portable sont:1. Socle avec fen\u00eatre anti-varroa et plateau; 2. Corps pour l\u2019ensemble du cadre (1\/1); 3. Nourrisseur; 4. Couvercle et bride couvercle Les sous-assemblages de la ruche portable sont en polyur\u00e9thane rigide ; les parois ayant une \u00e9paisseur de 20 mm<\/p>\n","protected":false},"author":1,"featured_media":0,"parent":0,"menu_order":0,"comment_status":"closed","ping_status":"closed","template":"elementor_header_footer","meta":{"footnotes":""},"class_list":["post-517","page","type-page","status-publish","hentry","post-no-thumbnail"],"_links":{"self":[{"href":"https:\/\/stupi.ro\/fr\/wp-json\/wp\/v2\/pages\/517","targetHints":{"allow":["GET"]}}],"collection":[{"href":"https:\/\/stupi.ro\/fr\/wp-json\/wp\/v2\/pages"}],"about":[{"href":"https:\/\/stupi.ro\/fr\/wp-json\/wp\/v2\/types\/page"}],"author":[{"embeddable":true,"href":"https:\/\/stupi.ro\/fr\/wp-json\/wp\/v2\/users\/1"}],"replies":[{"embeddable":true,"href":"https:\/\/stupi.ro\/fr\/wp-json\/wp\/v2\/comments?post=517"}],"version-history":[{"count":4,"href":"https:\/\/stupi.ro\/fr\/wp-json\/wp\/v2\/pages\/517\/revisions"}],"predecessor-version":[{"id":1525,"href":"https:\/\/stupi.ro\/fr\/wp-json\/wp\/v2\/pages\/517\/revisions\/1525"}],"wp:attachment":[{"href":"https:\/\/stupi.ro\/fr\/wp-json\/wp\/v2\/media?parent=517"}],"curies":[{"name":"wp","href":"https:\/\/api.w.org\/{rel}","templated":true}]}}