{"id":407,"date":"2023-01-31T07:33:20","date_gmt":"2023-01-31T07:33:20","guid":{"rendered":"https:\/\/stupi.ro\/fr\/?page_id=407"},"modified":"2023-04-01T13:56:43","modified_gmt":"2023-04-01T13:56:43","slug":"ruche-en-polyurethane","status":"publish","type":"page","link":"https:\/\/stupi.ro\/fr\/ruche-en-polyurethane\/","title":{"rendered":"Ruche en polyurethane"},"content":{"rendered":"\t\t<div data-elementor-type=\"wp-page\" data-elementor-id=\"407\" class=\"elementor elementor-407\">\n\t\t\t\t\t\t<section class=\"elementor-section elementor-top-section elementor-element elementor-element-48736e43 elementor-section-boxed elementor-section-gap-beside-yes elementor-section-height-default elementor-section-height-default elementor-section-content-align-center elementor-section-column-vertical-align-stretch\" data-id=\"48736e43\" data-element_type=\"section\" data-e-type=\"section\">\n\t\t\t\t\t\t<div class=\"elementor-container elementor-column-gap-extended\">\n\t\t\t\t\t<div class=\"elementor-column elementor-col-100 elementor-top-column elementor-element elementor-element-1e3e0ded\" data-id=\"1e3e0ded\" data-element_type=\"column\" data-e-type=\"column\">\n\t\t\t<div class=\"elementor-widget-wrap elementor-element-populated\">\n\t\t\t\t\t\t<div class=\"elementor-element elementor-element-204dddd1 elementor-widget elementor-widget-text-editor\" data-id=\"204dddd1\" data-element_type=\"widget\" data-e-type=\"widget\" data-widget_type=\"text-editor.default\">\n\t\t\t\t<div class=\"elementor-widget-container\">\n\t\t\t\t\t\t\t\t\t<p>FAROSTUP<\/p>\t\t\t\t\t\t\t\t<\/div>\n\t\t\t\t<\/div>\n\t\t\t\t<div class=\"elementor-element elementor-element-64c04ab7 elementor-widget elementor-widget-text-editor\" data-id=\"64c04ab7\" data-element_type=\"widget\" data-e-type=\"widget\" data-widget_type=\"text-editor.default\">\n\t\t\t\t<div class=\"elementor-widget-container\">\n\t\t\t\t\t\t\t\t\t<p>Ruche en polyurethane<\/p>\t\t\t\t\t\t\t\t<\/div>\n\t\t\t\t<\/div>\n\t\t\t\t<section class=\"elementor-section elementor-inner-section elementor-element elementor-element-31b1461 elementor-section-boxed elementor-section-gap-beside-yes elementor-section-height-default elementor-section-height-default elementor-section-content-align-center elementor-section-column-vertical-align-stretch\" data-id=\"31b1461\" data-element_type=\"section\" data-e-type=\"section\">\n\t\t\t\t\t\t<div class=\"elementor-container elementor-column-gap-extended\">\n\t\t\t\t\t<div class=\"elementor-column elementor-col-100 elementor-inner-column elementor-element elementor-element-1e46bc6d\" data-id=\"1e46bc6d\" data-element_type=\"column\" data-e-type=\"column\">\n\t\t\t<div class=\"elementor-widget-wrap elementor-element-populated\">\n\t\t\t\t\t\t<div class=\"elementor-element elementor-element-a2735b8 elementor-widget elementor-widget-text-editor\" data-id=\"a2735b8\" data-element_type=\"widget\" data-e-type=\"widget\" data-widget_type=\"text-editor.default\">\n\t\t\t\t<div class=\"elementor-widget-container\">\n\t\t\t\t\t\t\t\t\t<p>NOTRE HISTOIRE<\/p>\t\t\t\t\t\t\t\t<\/div>\n\t\t\t\t<\/div>\n\t\t\t\t<div class=\"elementor-element elementor-element-48d53514 elementor-widget elementor-widget-text-editor\" data-id=\"48d53514\" data-element_type=\"widget\" data-e-type=\"widget\" data-widget_type=\"text-editor.default\">\n\t\t\t\t<div class=\"elementor-widget-container\">\n\t\t\t\t\t\t\t\t\t<p>&#8220;En 2004, en faisant la lecture de la presse, plus pr\u00e9cis\u00e9ment du journal Adevarul, attire mon attention un titre qui disait quelque chose comme-\u00e7a \u00ab Il a \u00e9t\u00e9 financ\u00e9 \u00e0 Tecuci un rucher avec des ruches en polyur\u00e9thane \u00bb. Il faut mettre en contexte le fait qu\u2019en tant que groupe de soci\u00e9t\u00e9s FAROGER \/ FAROSTUP, nous travaillons en polyur\u00e9thane rigide diverses pi\u00e8ces pour l\u2019industrie depuis 1994.<\/p><p>En faisant une \u00e9tude plus approfondie, nous avons d\u00e9couvert que les apiculteurs d\u2019Allemagne et des pays scandinaves \u00e9l\u00e8vent des familles d\u2019abeilles dans des ruches en polyur\u00e9thane. C\u2019\u00e9tait le premier moment de FAROSTUP et de l\u2019ensemble du syst\u00e8me cr\u00e9\u00e9 jusqu\u2019\u00e0 pr\u00e9sent. \u00c0 partir de ce moment, c\u2019est-\u00e0-dire de l\u2019ann\u00e9e 2004 jusqu\u2019aux premiers mois de 2005, nous avons eu d\u2019innombrables discussions avec diff\u00e9rents apiculteurs, qui nous ont apport\u00e9 les premi\u00e8res informations sur les normes utilis\u00e9es en apiculture et sur les probl\u00e8mes de l\u2019apiculture et surtout des ruches.<\/p><p>C\u2019est \u00e0 ce moment-l\u00e0 que j\u2019ai vraiment r\u00e9alis\u00e9 que le polyur\u00e9thane et la technologie que nous utilisions d\u00e9j\u00e0 pouvaient \u00eatre utilis\u00e9s et, faire avec la collaboration des apiculteurs qui nous fournisses des informations de nature apicole, on pourrait cr\u00e9er un produit NOUVEAU et r\u00e9volutionnaire. Ainsi, depuis 2005, les premi\u00e8res versions de Farostup V10 sont apparues, et la rouche portable Farostup V6.&#8221;<\/p>\t\t\t\t\t\t\t\t<\/div>\n\t\t\t\t<\/div>\n\t\t\t\t<div class=\"elementor-element elementor-element-65ba3cb elementor-widget elementor-widget-text-editor\" data-id=\"65ba3cb\" data-element_type=\"widget\" data-e-type=\"widget\" data-widget_type=\"text-editor.default\">\n\t\t\t\t<div class=\"elementor-widget-container\">\n\t\t\t\t\t\t\t\t\t<p>Lungu Gh. Iuliu<\/p>\t\t\t\t\t\t\t\t<\/div>\n\t\t\t\t<\/div>\n\t\t\t\t\t<\/div>\n\t\t<\/div>\n\t\t\t\t\t<\/div>\n\t\t<\/section>\n\t\t\t\t<section class=\"elementor-section elementor-inner-section elementor-element elementor-element-e45b47d elementor-section-boxed elementor-section-gap-beside-yes elementor-section-height-default elementor-section-height-default elementor-section-content-align-center elementor-section-column-vertical-align-stretch\" data-id=\"e45b47d\" data-element_type=\"section\" data-e-type=\"section\">\n\t\t\t\t\t\t<div class=\"elementor-container elementor-column-gap-extended\">\n\t\t\t\t\t<div class=\"elementor-column elementor-col-100 elementor-inner-column elementor-element elementor-element-2258920\" data-id=\"2258920\" data-element_type=\"column\" data-e-type=\"column\">\n\t\t\t<div class=\"elementor-widget-wrap elementor-element-populated\">\n\t\t\t\t\t\t<div class=\"elementor-element elementor-element-4688a10 elementor-widget elementor-widget-text-editor\" data-id=\"4688a10\" data-element_type=\"widget\" data-e-type=\"widget\" data-widget_type=\"text-editor.default\">\n\t\t\t\t<div class=\"elementor-widget-container\">\n\t\t\t\t\t\t\t\t\t<p>\u00c0 L\u2019HEURE ACTUELLE<\/p>\t\t\t\t\t\t\t\t<\/div>\n\t\t\t\t<\/div>\n\t\t\t\t<div class=\"elementor-element elementor-element-462fd64 elementor-widget elementor-widget-text-editor\" data-id=\"462fd64\" data-element_type=\"widget\" data-e-type=\"widget\" data-widget_type=\"text-editor.default\">\n\t\t\t\t<div class=\"elementor-widget-container\">\n\t\t\t\t\t\t\t\t\t<p>Notre soci\u00e9t\u00e9, \u00e0 l\u2019heure actuelle, pr\u00e9sente la famille de ruches verticales V6-V10 et V12; accompagn\u00e9e d\u2019une s\u00e9rie d\u2019accessoires. Dans la construction de ces produits, nous avons combin\u00e9 les propri\u00e9t\u00e9s sp\u00e9ciales du mat\u00e9riau polyur\u00e9thane (PUR) avec un certain nombre de solutions constructives que nous avons brevet\u00e9es (BREVET D\u2019INVENTION n \u00b0 122242 \/ 2009, ainsi qu\u2019un mod\u00e8le d\u2019utilit\u00e9, tous deux enregistr\u00e9s internationalement aupr\u00e8s de l\u2019OSIM); l\u2019objectif \u00e9tant de r\u00e9soudre les principales exigences des apiculteurs.<\/p><p>Le d\u00e9veloppement de produits est une pr\u00e9occupation constante de notre entreprise. \u00c0 cette fin, nous sommes ouverts aux suggestions qui peuvent nous \u00eatre envoy\u00e9es par tous les moyens de communication affich\u00e9s sur le site.<\/p>\t\t\t\t\t\t\t\t<\/div>\n\t\t\t\t<\/div>\n\t\t\t\t\t<\/div>\n\t\t<\/div>\n\t\t\t\t\t<\/div>\n\t\t<\/section>\n\t\t\t\t\t<\/div>\n\t\t<\/div>\n\t\t\t\t\t<\/div>\n\t\t<\/section>\n\t\t\t\t<\/div>\n\t\t","protected":false},"excerpt":{"rendered":"<p>FAROSTUP Ruche en polyurethane NOTRE HISTOIRE &#8220;En 2004, en faisant la lecture de la presse, plus pr\u00e9cis\u00e9ment du journal Adevarul, attire mon attention un titre qui disait quelque chose comme-\u00e7a \u00ab Il a \u00e9t\u00e9 financ\u00e9 \u00e0 Tecuci un rucher avec des ruches en polyur\u00e9thane \u00bb. Il faut mettre en contexte le fait qu\u2019en tant que groupe de soci\u00e9t\u00e9s FAROGER \/ FAROSTUP, nous travaillons en polyur\u00e9thane rigide diverses pi\u00e8ces pour l\u2019industrie depuis 1994. En faisant une \u00e9tude plus approfondie, nous avons d\u00e9couvert que les apiculteurs d\u2019Allemagne et des pays scandinaves \u00e9l\u00e8vent des familles d\u2019abeilles dans des ruches en polyur\u00e9thane. C\u2019\u00e9tait le premier moment de FAROSTUP et de l\u2019ensemble du syst\u00e8me cr\u00e9\u00e9 jusqu\u2019\u00e0 pr\u00e9sent. \u00c0 partir de ce moment, c\u2019est-\u00e0-dire de l\u2019ann\u00e9e 2004 jusqu\u2019aux premiers mois de 2005, nous avons eu d\u2019innombrables discussions avec diff\u00e9rents apiculteurs, qui nous ont apport\u00e9 les premi\u00e8res informations sur les normes utilis\u00e9es en apiculture et sur les probl\u00e8mes de l\u2019apiculture et surtout des ruches. C\u2019est \u00e0 ce moment-l\u00e0 que j\u2019ai vraiment r\u00e9alis\u00e9 que le polyur\u00e9thane et la technologie que nous utilisions d\u00e9j\u00e0 pouvaient \u00eatre utilis\u00e9s et, faire avec la collaboration des apiculteurs qui nous fournisses des informations de nature apicole, on pourrait cr\u00e9er un produit NOUVEAU et r\u00e9volutionnaire. Ainsi, depuis 2005, les premi\u00e8res versions de Farostup V10 sont apparues, et la rouche portable Farostup V6.&#8221; Lungu Gh. Iuliu \u00c0 L\u2019HEURE ACTUELLE Notre soci\u00e9t\u00e9, \u00e0 l\u2019heure actuelle, pr\u00e9sente la famille de ruches verticales V6-V10 et V12; accompagn\u00e9e d\u2019une s\u00e9rie d\u2019accessoires. Dans la construction de ces produits, nous avons combin\u00e9 les propri\u00e9t\u00e9s sp\u00e9ciales du mat\u00e9riau polyur\u00e9thane (PUR) avec un certain nombre de solutions constructives que nous avons brevet\u00e9es (BREVET D\u2019INVENTION n \u00b0 122242 \/ 2009, ainsi qu\u2019un mod\u00e8le d\u2019utilit\u00e9, tous deux enregistr\u00e9s internationalement aupr\u00e8s de l\u2019OSIM); l\u2019objectif \u00e9tant de r\u00e9soudre les principales exigences des apiculteurs. Le d\u00e9veloppement de produits est une pr\u00e9occupation constante de notre entreprise. \u00c0 cette fin, nous sommes ouverts aux suggestions qui peuvent nous \u00eatre envoy\u00e9es par tous les moyens de communication affich\u00e9s sur le site.<\/p>\n","protected":false},"author":1,"featured_media":0,"parent":0,"menu_order":0,"comment_status":"closed","ping_status":"closed","template":"elementor_header_footer","meta":{"footnotes":""},"class_list":["post-407","page","type-page","status-publish","hentry","post-no-thumbnail"],"_links":{"self":[{"href":"https:\/\/stupi.ro\/fr\/wp-json\/wp\/v2\/pages\/407","targetHints":{"allow":["GET"]}}],"collection":[{"href":"https:\/\/stupi.ro\/fr\/wp-json\/wp\/v2\/pages"}],"about":[{"href":"https:\/\/stupi.ro\/fr\/wp-json\/wp\/v2\/types\/page"}],"author":[{"embeddable":true,"href":"https:\/\/stupi.ro\/fr\/wp-json\/wp\/v2\/users\/1"}],"replies":[{"embeddable":true,"href":"https:\/\/stupi.ro\/fr\/wp-json\/wp\/v2\/comments?post=407"}],"version-history":[{"count":4,"href":"https:\/\/stupi.ro\/fr\/wp-json\/wp\/v2\/pages\/407\/revisions"}],"predecessor-version":[{"id":1515,"href":"https:\/\/stupi.ro\/fr\/wp-json\/wp\/v2\/pages\/407\/revisions\/1515"}],"wp:attachment":[{"href":"https:\/\/stupi.ro\/fr\/wp-json\/wp\/v2\/media?parent=407"}],"curies":[{"name":"wp","href":"https:\/\/api.w.org\/{rel}","templated":true}]}}