{"id":373,"date":"2023-01-30T20:31:37","date_gmt":"2023-01-30T20:31:37","guid":{"rendered":"https:\/\/stupi.ro\/fr\/?page_id=373"},"modified":"2023-04-01T14:00:51","modified_gmt":"2023-04-01T14:00:51","slug":"entretien-et-reparations","status":"publish","type":"page","link":"https:\/\/stupi.ro\/fr\/entretien-et-reparations\/","title":{"rendered":"Entretien et reparations"},"content":{"rendered":"\t\t<div data-elementor-type=\"wp-page\" data-elementor-id=\"373\" class=\"elementor elementor-373\">\n\t\t\t\t\t\t<section class=\"elementor-section elementor-top-section elementor-element elementor-element-10bd15d elementor-section-boxed elementor-section-gap-beside-yes elementor-section-height-default elementor-section-height-default elementor-section-content-align-center elementor-section-column-vertical-align-stretch\" data-id=\"10bd15d\" data-element_type=\"section\" data-e-type=\"section\">\n\t\t\t\t\t\t<div class=\"elementor-container elementor-column-gap-extended\">\n\t\t\t\t\t<div class=\"elementor-column elementor-col-100 elementor-top-column elementor-element elementor-element-2903959b\" data-id=\"2903959b\" data-element_type=\"column\" data-e-type=\"column\">\n\t\t\t<div class=\"elementor-widget-wrap elementor-element-populated\">\n\t\t\t\t\t\t<div class=\"elementor-element elementor-element-d427851 elementor-widget elementor-widget-text-editor\" data-id=\"d427851\" data-element_type=\"widget\" data-e-type=\"widget\" data-widget_type=\"text-editor.default\">\n\t\t\t\t<div class=\"elementor-widget-container\">\n\t\t\t\t\t\t\t\t\t<p>FAROSTUP<\/p>\t\t\t\t\t\t\t\t<\/div>\n\t\t\t\t<\/div>\n\t\t\t\t<div class=\"elementor-element elementor-element-1384e69b elementor-widget elementor-widget-text-editor\" data-id=\"1384e69b\" data-element_type=\"widget\" data-e-type=\"widget\" data-widget_type=\"text-editor.default\">\n\t\t\t\t<div class=\"elementor-widget-container\">\n\t\t\t\t\t\t\t\t\t<p>Entretien et reparations<\/p>\t\t\t\t\t\t\t\t<\/div>\n\t\t\t\t<\/div>\n\t\t\t\t<section class=\"elementor-section elementor-inner-section elementor-element elementor-element-3bdbc3ca elementor-section-boxed elementor-section-gap-beside-yes elementor-section-height-default elementor-section-height-default elementor-section-content-align-center elementor-section-column-vertical-align-stretch\" data-id=\"3bdbc3ca\" data-element_type=\"section\" data-e-type=\"section\">\n\t\t\t\t\t\t<div class=\"elementor-container elementor-column-gap-extended\">\n\t\t\t\t\t<div class=\"elementor-column elementor-col-100 elementor-inner-column elementor-element elementor-element-d95effd\" data-id=\"d95effd\" data-element_type=\"column\" data-e-type=\"column\">\n\t\t\t<div class=\"elementor-widget-wrap elementor-element-populated\">\n\t\t\t\t\t\t<div class=\"elementor-element elementor-element-8eee98f elementor-widget elementor-widget-text-editor\" data-id=\"8eee98f\" data-element_type=\"widget\" data-e-type=\"widget\" data-widget_type=\"text-editor.default\">\n\t\t\t\t<div class=\"elementor-widget-container\">\n\t\t\t\t\t\t\t\t\t<p>Peu importe les soins prest\u00e9s \u00e0 la ruche, une s\u00e9rie de dysfonctionnements se produiront lors de l\u2019exploitation, tels que : empreintes de coups, \u00e9caillage des bords, ruptures, perforations. Dans le cas de la ruche en PUR, ces dysfonctionnements sont r\u00e9par\u00e9s tr\u00e8s facilement. La plupart du temps sans avoir besoin de vider la ruche. Par exemple : <em><u>Les coups ou les \u00e9caillages<\/u><\/em> sur les surfaces ext\u00e9rieures sont r\u00e9par\u00e9s par masticage. Pour les petites surfaces, nous recommandons l\u2019utilisation de mastic \u00e0 bois \u00e0 base d\u2019eau ; Pour les coups plus importants, nous recommandons l\u2019utilisation de polyur\u00e9thane ou de mastic polyester. Les indications de travail trouv\u00e9es sur l\u2019emballage du mastic respectif seront respect\u00e9es.<\/p>\t\t\t\t\t\t\t\t<\/div>\n\t\t\t\t<\/div>\n\t\t\t\t<div class=\"elementor-element elementor-element-c72f6de elementor-widget elementor-widget-text-editor\" data-id=\"c72f6de\" data-element_type=\"widget\" data-e-type=\"widget\" data-widget_type=\"text-editor.default\">\n\t\t\t\t<div class=\"elementor-widget-container\">\n\t\t\t\t\t\t\t\t\t<p>La perforation<\/p>\t\t\t\t\t\t\t\t<\/div>\n\t\t\t\t<\/div>\n\t\t\t\t<div class=\"elementor-element elementor-element-b8afe04 elementor-widget elementor-widget-text-editor\" data-id=\"b8afe04\" data-element_type=\"widget\" data-e-type=\"widget\" data-widget_type=\"text-editor.default\">\n\t\t\t\t<div class=\"elementor-widget-container\">\n\t\t\t\t\t\t\t\t\t<p>La perforation d\u2019un mur ou d\u2019un couvercle est r\u00e9par\u00e9e par remplissage avec des bouchons de polyur\u00e9thane. Tout d\u2019abord, en meulant, il donnera au trou une forme aussi r\u00e9guli\u00e8re que possible, puis un bouchon sera fait de mat\u00e9riau PUR avec une forme et des dimensions aussi proches que possible du trou. Enfin, le bouchon est coll\u00e9 dans le trou avec du mastic polyur\u00e9thane ou du mastic \u00e9poxy, le mastic se retrouve dans le commerce. Nous recommandons de respecter les instructions de travail indiqu\u00e9es sur l\u2019emballage du produit. Bien s\u00fbr, des situations peuvent survenir dans lesquelles la r\u00e9paration n\u2019est pas r\u00e9alisable ; Dans ce cas vous devez faire appel \u00e0 Farostup qui peut vous livrer n\u2019importe quelle pi\u00e8ce qui compose la ruche.<\/p>\t\t\t\t\t\t\t\t<\/div>\n\t\t\t\t<\/div>\n\t\t\t\t<div class=\"elementor-element elementor-element-f0df637 elementor-widget elementor-widget-text-editor\" data-id=\"f0df637\" data-element_type=\"widget\" data-e-type=\"widget\" data-widget_type=\"text-editor.default\">\n\t\t\t\t<div class=\"elementor-widget-container\">\n\t\t\t\t\t\t\t\t\t<p>Peinture de la ruche en polyur\u00e9thane<\/p>\t\t\t\t\t\t\t\t<\/div>\n\t\t\t\t<\/div>\n\t\t\t\t<div class=\"elementor-element elementor-element-38051e9 elementor-widget elementor-widget-text-editor\" data-id=\"38051e9\" data-element_type=\"widget\" data-e-type=\"widget\" data-widget_type=\"text-editor.default\">\n\t\t\t\t<div class=\"elementor-widget-container\">\n\t\t\t\t\t\t\t\t\t<p>Compte tenu de la tr\u00e8s grande r\u00e9sistance aux intemp\u00e9ries du mat\u00e9riau polyur\u00e9thane, la soci\u00e9t\u00e9 FAROSTOP ne recommande pas de peindre la ruche. Pour les apiculteurs qui veulent encore peindre les ruches de PUR, nous faisons les recommandations suivantes:<\/p><p>\u2013 Peinture \u00e0 faire avec des peintures \u00e9cologiques.<br \/>\u2013 La peinture ne doit \u00eatre faite qu\u2019apr\u00e8s que la ruche a \u00e9t\u00e9 expos\u00e9e aux intemp\u00e9ries pendant environ 1 mois et que sa surface est devenue un peu rugueuse. Si vous souhaitez raccourcir cet intervalle, nous vous recommandons avant de peindre les surfaces de la ruche d\u2019\u00eatre l\u00e9g\u00e8rement rugueuses avec du papier abrasif d\u2019une granulation de 120.<br \/>\u2013 Pendant la peinture, les instructions sur l\u2019emballage de peinture seront suivies.<\/p>\t\t\t\t\t\t\t\t<\/div>\n\t\t\t\t<\/div>\n\t\t\t\t<div class=\"elementor-element elementor-element-11070d5 elementor-widget elementor-widget-text-editor\" data-id=\"11070d5\" data-element_type=\"widget\" data-e-type=\"widget\" data-widget_type=\"text-editor.default\">\n\t\t\t\t<div class=\"elementor-widget-container\">\n\t\t\t\t\t\t\t\t\t<p>Le nettoyage et la st\u00e9rilisation<\/p>\t\t\t\t\t\t\t\t<\/div>\n\t\t\t\t<\/div>\n\t\t\t\t<div class=\"elementor-element elementor-element-513a15b elementor-widget elementor-widget-text-editor\" data-id=\"513a15b\" data-element_type=\"widget\" data-e-type=\"widget\" data-widget_type=\"text-editor.default\">\n\t\t\t\t<div class=\"elementor-widget-container\">\n\t\t\t\t\t\t\t\t\t<p>Le nettoyage et la st\u00e9rilisation de la ruche en polyur\u00e9thane V10 se font avec des solutions aqueuses. Nous recommandons une solution avec du soda \u00e0 lessive qui dissout la propolis et nettoie toute la salet\u00e9. Vous pouvez \u00e9galement utiliser des solutions aqueuses avec des produits destin\u00e9s pour laver la vaisselle. Dans les deux cas, la concentration indiqu\u00e9e sur les emballages dans lesquels les produits respectifs sont vendus doit \u00eatre respect\u00e9e. Afin d\u2019obtenir un effet rapide, il est recommand\u00e9 de chauffer les solutions de nettoyage aqueuses \u00e0 une temp\u00e9rature de 50-60 \u00b0 C. Compte tenu de la duret\u00e9 suffisamment \u00e9lev\u00e9e de la surface des pi\u00e8ces qui composent la ruche en polyur\u00e9thane, des dispositifs \u00e0 jet de pression du type utilis\u00e9 dans les lave-autos peuvent \u00eatre utilis\u00e9s lors du lavage de la ruche. Nous recommandons que la distance entre la buse et la surface de la pi\u00e8ce soit de min. 40 cm.<\/p>\t\t\t\t\t\t\t\t<\/div>\n\t\t\t\t<\/div>\n\t\t\t\t<div class=\"elementor-element elementor-element-e9a77d0 elementor-widget elementor-widget-text-editor\" data-id=\"e9a77d0\" data-element_type=\"widget\" data-e-type=\"widget\" data-widget_type=\"text-editor.default\">\n\t\t\t\t<div class=\"elementor-widget-container\">\n\t\t\t\t\t\t\t\t\t<p><strong>NOTE:<\/strong> Les personnes qui effectueront des op\u00e9rations de montage, de nettoyage et de st\u00e9rilisation, ainsi que la peinture de la ruche, doivent savoir que, pour leur propre s\u00e9curit\u00e9, elles doivent utiliser un \u00e9quipement de protection appropri\u00e9, tel que: lunettes, gants, tabliers, etc.; et n\u2019utiliser que du mat\u00e9riel et des outils approuv\u00e9s.<\/p>\t\t\t\t\t\t\t\t<\/div>\n\t\t\t\t<\/div>\n\t\t\t\t\t<\/div>\n\t\t<\/div>\n\t\t\t\t\t<\/div>\n\t\t<\/section>\n\t\t\t\t\t<\/div>\n\t\t<\/div>\n\t\t\t\t\t<\/div>\n\t\t<\/section>\n\t\t\t\t<\/div>\n\t\t","protected":false},"excerpt":{"rendered":"<p>FAROSTUP Entretien et reparations Peu importe les soins prest\u00e9s \u00e0 la ruche, une s\u00e9rie de dysfonctionnements se produiront lors de l\u2019exploitation, tels que : empreintes de coups, \u00e9caillage des bords, ruptures, perforations. Dans le cas de la ruche en PUR, ces dysfonctionnements sont r\u00e9par\u00e9s tr\u00e8s facilement. La plupart du temps sans avoir besoin de vider la ruche. Par exemple : Les coups ou les \u00e9caillages sur les surfaces ext\u00e9rieures sont r\u00e9par\u00e9s par masticage. Pour les petites surfaces, nous recommandons l\u2019utilisation de mastic \u00e0 bois \u00e0 base d\u2019eau ; Pour les coups plus importants, nous recommandons l\u2019utilisation de polyur\u00e9thane ou de mastic polyester. Les indications de travail trouv\u00e9es sur l\u2019emballage du mastic respectif seront respect\u00e9es. La perforation La perforation d\u2019un mur ou d\u2019un couvercle est r\u00e9par\u00e9e par remplissage avec des bouchons de polyur\u00e9thane. Tout d\u2019abord, en meulant, il donnera au trou une forme aussi r\u00e9guli\u00e8re que possible, puis un bouchon sera fait de mat\u00e9riau PUR avec une forme et des dimensions aussi proches que possible du trou. Enfin, le bouchon est coll\u00e9 dans le trou avec du mastic polyur\u00e9thane ou du mastic \u00e9poxy, le mastic se retrouve dans le commerce. Nous recommandons de respecter les instructions de travail indiqu\u00e9es sur l\u2019emballage du produit. Bien s\u00fbr, des situations peuvent survenir dans lesquelles la r\u00e9paration n\u2019est pas r\u00e9alisable ; Dans ce cas vous devez faire appel \u00e0 Farostup qui peut vous livrer n\u2019importe quelle pi\u00e8ce qui compose la ruche. Peinture de la ruche en polyur\u00e9thane Compte tenu de la tr\u00e8s grande r\u00e9sistance aux intemp\u00e9ries du mat\u00e9riau polyur\u00e9thane, la soci\u00e9t\u00e9 FAROSTOP ne recommande pas de peindre la ruche. Pour les apiculteurs qui veulent encore peindre les ruches de PUR, nous faisons les recommandations suivantes: \u2013 Peinture \u00e0 faire avec des peintures \u00e9cologiques.\u2013 La peinture ne doit \u00eatre faite qu\u2019apr\u00e8s que la ruche a \u00e9t\u00e9 expos\u00e9e aux intemp\u00e9ries pendant environ 1 mois et que sa surface est devenue un peu rugueuse. Si vous souhaitez raccourcir cet intervalle, nous vous recommandons avant de peindre les surfaces de la ruche d\u2019\u00eatre l\u00e9g\u00e8rement rugueuses avec du papier abrasif d\u2019une granulation de 120.\u2013 Pendant la peinture, les instructions sur l\u2019emballage de peinture seront suivies. Le nettoyage et la st\u00e9rilisation Le nettoyage et la st\u00e9rilisation de la ruche en polyur\u00e9thane V10 se font avec des solutions aqueuses. Nous recommandons une solution avec du soda \u00e0 lessive qui dissout la propolis et nettoie toute la salet\u00e9. Vous pouvez \u00e9galement utiliser des solutions aqueuses avec des produits destin\u00e9s pour laver la vaisselle. Dans les deux cas, la concentration indiqu\u00e9e sur les emballages dans lesquels les produits respectifs sont vendus doit \u00eatre respect\u00e9e. Afin d\u2019obtenir un effet rapide, il est recommand\u00e9 de chauffer les solutions de nettoyage aqueuses \u00e0 une temp\u00e9rature de 50-60 \u00b0 C. Compte tenu de la duret\u00e9 suffisamment \u00e9lev\u00e9e de la surface des pi\u00e8ces qui composent la ruche en polyur\u00e9thane, des dispositifs \u00e0 jet de pression du type utilis\u00e9 dans les lave-autos peuvent \u00eatre utilis\u00e9s lors du lavage de la ruche. Nous recommandons que la distance entre la buse et la surface de la pi\u00e8ce soit de min. 40 cm. NOTE: Les personnes qui effectueront des op\u00e9rations de montage, de nettoyage et de st\u00e9rilisation, ainsi que la peinture de la ruche, doivent savoir que, pour leur propre s\u00e9curit\u00e9, elles doivent utiliser un \u00e9quipement de protection appropri\u00e9, tel que: lunettes, gants, tabliers, etc.; et n\u2019utiliser que du mat\u00e9riel et des outils approuv\u00e9s.<\/p>\n","protected":false},"author":1,"featured_media":0,"parent":0,"menu_order":0,"comment_status":"closed","ping_status":"closed","template":"elementor_header_footer","meta":{"footnotes":""},"class_list":["post-373","page","type-page","status-publish","hentry","post-no-thumbnail"],"_links":{"self":[{"href":"https:\/\/stupi.ro\/fr\/wp-json\/wp\/v2\/pages\/373","targetHints":{"allow":["GET"]}}],"collection":[{"href":"https:\/\/stupi.ro\/fr\/wp-json\/wp\/v2\/pages"}],"about":[{"href":"https:\/\/stupi.ro\/fr\/wp-json\/wp\/v2\/types\/page"}],"author":[{"embeddable":true,"href":"https:\/\/stupi.ro\/fr\/wp-json\/wp\/v2\/users\/1"}],"replies":[{"embeddable":true,"href":"https:\/\/stupi.ro\/fr\/wp-json\/wp\/v2\/comments?post=373"}],"version-history":[{"count":4,"href":"https:\/\/stupi.ro\/fr\/wp-json\/wp\/v2\/pages\/373\/revisions"}],"predecessor-version":[{"id":1520,"href":"https:\/\/stupi.ro\/fr\/wp-json\/wp\/v2\/pages\/373\/revisions\/1520"}],"wp:attachment":[{"href":"https:\/\/stupi.ro\/fr\/wp-json\/wp\/v2\/media?parent=373"}],"curies":[{"name":"wp","href":"https:\/\/api.w.org\/{rel}","templated":true}]}}