{"id":341,"date":"2023-01-30T19:34:43","date_gmt":"2023-01-30T19:34:43","guid":{"rendered":"https:\/\/stupi.ro\/fr\/?page_id=341"},"modified":"2023-04-25T11:59:14","modified_gmt":"2023-04-25T11:59:14","slug":"certifications-et-tests","status":"publish","type":"page","link":"https:\/\/stupi.ro\/fr\/certifications-et-tests\/","title":{"rendered":"Certifications et tests"},"content":{"rendered":"\t\t<div data-elementor-type=\"wp-page\" data-elementor-id=\"341\" class=\"elementor elementor-341\">\n\t\t\t\t\t\t<section class=\"elementor-section elementor-top-section elementor-element elementor-element-60da6556 elementor-section-boxed elementor-section-gap-beside-yes elementor-section-height-default elementor-section-height-default elementor-section-content-align-center elementor-section-column-vertical-align-stretch\" data-id=\"60da6556\" data-element_type=\"section\" data-e-type=\"section\">\n\t\t\t\t\t\t<div class=\"elementor-container elementor-column-gap-extended\">\n\t\t\t\t\t<div class=\"elementor-column elementor-col-100 elementor-top-column elementor-element elementor-element-2791faca\" data-id=\"2791faca\" data-element_type=\"column\" data-e-type=\"column\">\n\t\t\t<div class=\"elementor-widget-wrap elementor-element-populated\">\n\t\t\t\t\t\t<div class=\"elementor-element elementor-element-6d5bb08b elementor-widget elementor-widget-text-editor\" data-id=\"6d5bb08b\" data-element_type=\"widget\" data-e-type=\"widget\" data-widget_type=\"text-editor.default\">\n\t\t\t\t<div class=\"elementor-widget-container\">\n\t\t\t\t\t\t\t\t\t<p>FAROSTUP<\/p>\t\t\t\t\t\t\t\t<\/div>\n\t\t\t\t<\/div>\n\t\t\t\t<div class=\"elementor-element elementor-element-2971a338 elementor-widget elementor-widget-text-editor\" data-id=\"2971a338\" data-element_type=\"widget\" data-e-type=\"widget\" data-widget_type=\"text-editor.default\">\n\t\t\t\t<div class=\"elementor-widget-container\">\n\t\t\t\t\t\t\t\t\t<p>Certifications et tests<\/p>\t\t\t\t\t\t\t\t<\/div>\n\t\t\t\t<\/div>\n\t\t\t\t<div class=\"elementor-element elementor-element-29f981a elementor-widget elementor-widget-text-editor\" data-id=\"29f981a\" data-element_type=\"widget\" data-e-type=\"widget\" data-widget_type=\"text-editor.default\">\n\t\t\t\t<div class=\"elementor-widget-container\">\n\t\t\t\t\t\t\t\t\t<p>Le mat\u00e9riau PUR rend la ruche trois fois plus l\u00e9g\u00e8re que la ruche en bois et 10 fois plus isolante thermiquement (1,5 cm PUR = 15 cm de bois de sapin). La ruche dans le PUR, r\u00e9siste tr\u00e8s bien \u00e0 l\u2019agression des facteurs environnementaux: vent, pr\u00e9cipitations, gel, chaleur; Il n\u2019absorbe pas l\u2019eau, ne pourrit pas, ne craque pas, ne fournit pas d\u2019environnement pour le d\u00e9veloppement de bact\u00e9ries et d\u2019insectes nuisibles. La ruche en polyur\u00e9thane est tr\u00e8s bien accept\u00e9e par les abeilles et, gr\u00e2ce \u00e0 l\u2019excellente isolation thermique, en hiver, les abeilles consomment moins de nourriture, restent en bonne sant\u00e9, vivent plus longtemps et au printemps, la famille se d\u00e9veloppe fortement. Pendant la chaleur, les abeilles n\u2019ont pas \u00e0 ventiler la ruche. Les \u00e9conomies d\u2019\u00e9nergie gr\u00e2ce \u00e0 l\u2019isolation thermique sont utilis\u00e9es par les abeilles pour le d\u00e9veloppement de la colonie et pour la production. Les donn\u00e9es de la litt\u00e9rature montrent que dans les ruches de PUR, la production augmente d\u2019environ 30%.<\/p>\t\t\t\t\t\t\t\t<\/div>\n\t\t\t\t<\/div>\n\t\t\t\t<div class=\"elementor-element elementor-element-1dcdff1 elementor-widget elementor-widget-text-editor\" data-id=\"1dcdff1\" data-element_type=\"widget\" data-e-type=\"widget\" data-widget_type=\"text-editor.default\">\n\t\t\t\t<div class=\"elementor-widget-container\">\n\t\t\t\t\t\t\t\t\t<p>Le polyur\u00e9thane duquel les ruches Farostup sont fabriqu\u00e9es, d\u00e9tient la certification europ\u00e9enne de \u2013 ad\u00e9quat comme emballage alimentaire.<\/p>\t\t\t\t\t\t\t\t<\/div>\n\t\t\t\t<\/div>\n\t\t\t\t<section class=\"elementor-section elementor-inner-section elementor-element elementor-element-1411dfc7 elementor-section-boxed elementor-section-gap-beside-yes elementor-section-height-default elementor-section-height-default elementor-section-content-align-center elementor-section-column-vertical-align-stretch\" data-id=\"1411dfc7\" data-element_type=\"section\" data-e-type=\"section\">\n\t\t\t\t\t\t<div class=\"elementor-container elementor-column-gap-extended\">\n\t\t\t\t\t<div class=\"elementor-column elementor-col-50 elementor-inner-column elementor-element elementor-element-4a8c2d75\" data-id=\"4a8c2d75\" data-element_type=\"column\" data-e-type=\"column\">\n\t\t\t<div class=\"elementor-widget-wrap elementor-element-populated\">\n\t\t\t\t\t\t<div class=\"elementor-element elementor-element-45b10c09 elementor-widget elementor-widget-image\" data-id=\"45b10c09\" data-element_type=\"widget\" data-e-type=\"widget\" data-widget_type=\"image.default\">\n\t\t\t\t<div class=\"elementor-widget-container\">\n\t\t\t\t\t\t\t\t\t\t\t\t\t\t\t\t<a href=\"https:\/\/stupi.ro\/fr\/wp-content\/uploads\/2023\/01\/RAPORT-TESTE-RO.pdf\">\n\t\t\t\t\t\t\t<img fetchpriority=\"high\" decoding=\"async\" width=\"239\" height=\"268\" src=\"https:\/\/stupi.ro\/fr\/wp-content\/uploads\/2023\/01\/ISO-17025.png\" class=\"attachment-full size-full wp-image-345\" alt=\"\" \/>\t\t\t\t\t\t\t\t<\/a>\n\t\t\t\t\t\t\t\t\t\t\t\t\t\t\t<\/div>\n\t\t\t\t<\/div>\n\t\t\t\t<div class=\"elementor-element elementor-element-8706eaa elementor-widget elementor-widget-text-editor\" data-id=\"8706eaa\" data-element_type=\"widget\" data-e-type=\"widget\" data-widget_type=\"text-editor.default\">\n\t\t\t\t<div class=\"elementor-widget-container\">\n\t\t\t\t\t\t\t\t\t<p><a href=\"https:\/\/stupi.ro\/fr\/wp-content\/uploads\/2023\/01\/RAPORT-TESTE-RO.pdf\" data-wplink-edit=\"true\">RAPORT TESTE RO<\/a><\/p>\t\t\t\t\t\t\t\t<\/div>\n\t\t\t\t<\/div>\n\t\t\t\t\t<\/div>\n\t\t<\/div>\n\t\t\t\t<div class=\"elementor-column elementor-col-50 elementor-inner-column elementor-element elementor-element-6cee3767\" data-id=\"6cee3767\" data-element_type=\"column\" data-e-type=\"column\">\n\t\t\t<div class=\"elementor-widget-wrap elementor-element-populated\">\n\t\t\t\t\t\t<div class=\"elementor-element elementor-element-c5fddb2 elementor-widget elementor-widget-image\" data-id=\"c5fddb2\" data-element_type=\"widget\" data-e-type=\"widget\" data-widget_type=\"image.default\">\n\t\t\t\t<div class=\"elementor-widget-container\">\n\t\t\t\t\t\t\t\t\t\t\t\t\t\t\t\t<a href=\"https:\/\/stupi.ro\/fr\/wp-content\/uploads\/2023\/01\/TEST-REPORT-EN.pdf\">\n\t\t\t\t\t\t\t<img fetchpriority=\"high\" decoding=\"async\" width=\"239\" height=\"268\" src=\"https:\/\/stupi.ro\/fr\/wp-content\/uploads\/2023\/01\/ISO-17025.png\" class=\"attachment-full size-full wp-image-345\" alt=\"\" \/>\t\t\t\t\t\t\t\t<\/a>\n\t\t\t\t\t\t\t\t\t\t\t\t\t\t\t<\/div>\n\t\t\t\t<\/div>\n\t\t\t\t<div class=\"elementor-element elementor-element-d1207d4 elementor-widget elementor-widget-text-editor\" data-id=\"d1207d4\" data-element_type=\"widget\" data-e-type=\"widget\" data-widget_type=\"text-editor.default\">\n\t\t\t\t<div class=\"elementor-widget-container\">\n\t\t\t\t\t\t\t\t\t<p><a href=\"https:\/\/stupi.ro\/fr\/wp-content\/uploads\/2023\/01\/TEST-REPORT-EN.pdf\">TEST REPORT EN<\/a><\/p>\t\t\t\t\t\t\t\t<\/div>\n\t\t\t\t<\/div>\n\t\t\t\t\t<\/div>\n\t\t<\/div>\n\t\t\t\t\t<\/div>\n\t\t<\/section>\n\t\t\t\t\t<\/div>\n\t\t<\/div>\n\t\t\t\t\t<\/div>\n\t\t<\/section>\n\t\t\t\t<\/div>\n\t\t","protected":false},"excerpt":{"rendered":"<p>FAROSTUP Certifications et tests Le mat\u00e9riau PUR rend la ruche trois fois plus l\u00e9g\u00e8re que la ruche en bois et 10 fois plus isolante thermiquement (1,5 cm PUR = 15 cm de bois de sapin). La ruche dans le PUR, r\u00e9siste tr\u00e8s bien \u00e0 l\u2019agression des facteurs environnementaux: vent, pr\u00e9cipitations, gel, chaleur; Il n\u2019absorbe pas l\u2019eau, ne pourrit pas, ne craque pas, ne fournit pas d\u2019environnement pour le d\u00e9veloppement de bact\u00e9ries et d\u2019insectes nuisibles. La ruche en polyur\u00e9thane est tr\u00e8s bien accept\u00e9e par les abeilles et, gr\u00e2ce \u00e0 l\u2019excellente isolation thermique, en hiver, les abeilles consomment moins de nourriture, restent en bonne sant\u00e9, vivent plus longtemps et au printemps, la famille se d\u00e9veloppe fortement. Pendant la chaleur, les abeilles n\u2019ont pas \u00e0 ventiler la ruche. Les \u00e9conomies d\u2019\u00e9nergie gr\u00e2ce \u00e0 l\u2019isolation thermique sont utilis\u00e9es par les abeilles pour le d\u00e9veloppement de la colonie et pour la production. Les donn\u00e9es de la litt\u00e9rature montrent que dans les ruches de PUR, la production augmente d\u2019environ 30%. Le polyur\u00e9thane duquel les ruches Farostup sont fabriqu\u00e9es, d\u00e9tient la certification europ\u00e9enne de \u2013 ad\u00e9quat comme emballage alimentaire. RAPORT TESTE RO TEST REPORT EN<\/p>\n","protected":false},"author":1,"featured_media":0,"parent":0,"menu_order":0,"comment_status":"closed","ping_status":"closed","template":"elementor_header_footer","meta":{"footnotes":""},"class_list":["post-341","page","type-page","status-publish","hentry","post-no-thumbnail"],"_links":{"self":[{"href":"https:\/\/stupi.ro\/fr\/wp-json\/wp\/v2\/pages\/341","targetHints":{"allow":["GET"]}}],"collection":[{"href":"https:\/\/stupi.ro\/fr\/wp-json\/wp\/v2\/pages"}],"about":[{"href":"https:\/\/stupi.ro\/fr\/wp-json\/wp\/v2\/types\/page"}],"author":[{"embeddable":true,"href":"https:\/\/stupi.ro\/fr\/wp-json\/wp\/v2\/users\/1"}],"replies":[{"embeddable":true,"href":"https:\/\/stupi.ro\/fr\/wp-json\/wp\/v2\/comments?post=341"}],"version-history":[{"count":7,"href":"https:\/\/stupi.ro\/fr\/wp-json\/wp\/v2\/pages\/341\/revisions"}],"predecessor-version":[{"id":1634,"href":"https:\/\/stupi.ro\/fr\/wp-json\/wp\/v2\/pages\/341\/revisions\/1634"}],"wp:attachment":[{"href":"https:\/\/stupi.ro\/fr\/wp-json\/wp\/v2\/media?parent=341"}],"curies":[{"name":"wp","href":"https:\/\/api.w.org\/{rel}","templated":true}]}}