{"id":13,"date":"2023-02-21T16:47:31","date_gmt":"2023-02-21T16:47:31","guid":{"rendered":"https:\/\/stupi.ro\/fr\/?page_id=13"},"modified":"2023-04-25T12:09:33","modified_gmt":"2023-04-25T12:09:33","slug":"termes-et-conditions","status":"publish","type":"page","link":"https:\/\/stupi.ro\/fr\/termes-et-conditions\/","title":{"rendered":"Termes et conditions"},"content":{"rendered":"\t\t<div data-elementor-type=\"wp-page\" data-elementor-id=\"13\" class=\"elementor elementor-13\">\n\t\t\t\t\t\t<section class=\"elementor-section elementor-top-section elementor-element elementor-element-5406a0c elementor-section-boxed elementor-section-gap-beside-yes elementor-section-height-default elementor-section-height-default elementor-section-content-align-center elementor-section-column-vertical-align-stretch\" data-id=\"5406a0c\" data-element_type=\"section\" data-e-type=\"section\">\n\t\t\t\t\t\t<div class=\"elementor-container elementor-column-gap-extended\">\n\t\t\t\t\t<div class=\"elementor-column elementor-col-100 elementor-top-column elementor-element elementor-element-1254aa13\" data-id=\"1254aa13\" data-element_type=\"column\" data-e-type=\"column\">\n\t\t\t<div class=\"elementor-widget-wrap elementor-element-populated\">\n\t\t\t\t\t\t<div class=\"elementor-element elementor-element-4ee03027 elementor-widget elementor-widget-text-editor\" data-id=\"4ee03027\" data-element_type=\"widget\" data-e-type=\"widget\" data-widget_type=\"text-editor.default\">\n\t\t\t\t<div class=\"elementor-widget-container\">\n\t\t\t\t\t\t\t\t\t<p>Termes et conditions<\/p>\t\t\t\t\t\t\t\t<\/div>\n\t\t\t\t<\/div>\n\t\t\t\t<section class=\"elementor-section elementor-inner-section elementor-element elementor-element-59e94759 elementor-section-boxed elementor-section-gap-beside-yes elementor-section-height-default elementor-section-height-default elementor-section-content-align-center elementor-section-column-vertical-align-stretch\" data-id=\"59e94759\" data-element_type=\"section\" data-e-type=\"section\">\n\t\t\t\t\t\t<div class=\"elementor-container elementor-column-gap-extended\">\n\t\t\t\t\t<div class=\"elementor-column elementor-col-100 elementor-inner-column elementor-element elementor-element-e007a10\" data-id=\"e007a10\" data-element_type=\"column\" data-e-type=\"column\">\n\t\t\t<div class=\"elementor-widget-wrap elementor-element-populated\">\n\t\t\t\t\t\t<div class=\"elementor-element elementor-element-6c89f92b elementor-widget elementor-widget-text-editor\" data-id=\"6c89f92b\" data-element_type=\"widget\" data-e-type=\"widget\" data-widget_type=\"text-editor.default\">\n\t\t\t\t<div class=\"elementor-widget-container\">\n\t\t\t\t\t\t\t\t\t<p>L\u2019acc\u00e8s et l\u2019utilisation de ce site comporte votre acceptation des termes et conditions ci-dessous. Pour utiliser le site dans les meilleures conditions, il est recommand\u00e9 de lire attentivement l\u2019ensemble des conditions g\u00e9n\u00e9rales.<\/p><p><strong>Informations sur le produit<\/strong><\/p><p>Stupi.ro met tout en \u0153uvre pour vous pr\u00e9senter les couleurs, tailles, dimensions et descriptions de produits avec la plus grande pr\u00e9cision. Cependant, en raison du grand volume de donn\u00e9es, des inexactitudes peuvent survenir dans les informations sur le produit. En outre, <strong>les couleurs que vous voyez sur le moniteur peuvent \u00eatre diff\u00e9rentes des couleurs r\u00e9elles des produits<\/strong>.<\/p><p><strong>Commandes<\/strong><\/p><p>Il n\u2019y a pas de commande minimum requis. Tous les prix affich\u00e9s sur le site sont en RON et incluent la TVA. Les prix affich\u00e9s ne contiennent pas les frais d\u2019exp\u00e9dition. Ces taxes seront indiqu\u00e9es s\u00e9par\u00e9ment sur la facture fiscale.<\/p><p>La facture fiscale est \u00e9mise conform\u00e9ment \u00e0 la l\u00e9gislation en vigueur en Roumanie et est envoy\u00e9e avec les produits command\u00e9s \u00e0 l\u2019adresse de livraison. Les commandes pass\u00e9es les jours ouvrables, jusqu\u2019\u00e0 16 heures, heure de Roumanie, doivent \u00eatre exp\u00e9di\u00e9es dans un d\u00e9lai maximal d\u2019un jour ouvrable. L\u2019exp\u00e9dition signifie pr\u00e9parer les marchandises et les remettre aux entreprises de messagerie pour la livraison.<\/p><p>Selon les lois en vigueur, la commande effectu\u00e9e sur ce site est consid\u00e9r\u00e9e comme un contrat entre l\u2019utilisateur et FAROSTUP SRL et doit \u00eatre ex\u00e9cut\u00e9e par les deux parties. Cela signifie que FAROSTUP SRL s\u2019engage \u00e0 livrer les produits et services command\u00e9s, et l\u2019utilisateur s\u2019engage \u00e0 payer la valeur de la commande.<\/p><p>Nous nous r\u00e9servons le droit de modifier les prix affich\u00e9s sur le site lorsque nous le jugeons n\u00e9cessaire.<\/p><p>FAROSTUP SRL utilise les services d\u2019autres soci\u00e9t\u00e9s, par exemple pour le transport, le paiement, etc. La responsabilit\u00e9 de ces services incombe enti\u00e8rement aux entreprises prestataires de services. Il est de la responsabilit\u00e9 de l\u2019utilisateur qu\u2019avant d\u2019utiliser ces services de conna\u00eetre et d\u2019accepter les conditions et les termes de ces soci\u00e9t\u00e9s.<\/p><p><strong>Politique de livraison<\/strong><\/p><p>La livraison est effectu\u00e9e par Fan Curier ou DPD \u2013 le client choisit la soci\u00e9t\u00e9 de messagerie lors de la commande. Par DPD, les frais de transport sont calcul\u00e9s en fonction du poids du colis. Par Fan Courier, le montant du transport sera communiqu\u00e9 au client apr\u00e8s avoir pass\u00e9 la commande.<\/p><p>Le d\u00e9lai de livraison est de 1-2 jours ouvrables \u00e0 compter de la date de passation de la commande.<\/p><p>Les frais de livraison peuvent changer si l\u2019adresse du client n\u2019est pas dans la zone de livraison de la soci\u00e9t\u00e9 de messagerie.<\/p><p><strong>Politique de retour<\/strong><\/p><p>Toutes les images des produits pr\u00e9sent\u00e9s sur le site sont indicatives et sont personnalis\u00e9es sur demande, en fonction de la commande effectu\u00e9e par le client, c\u2019est pourquoi ils sont exempt\u00e9s du droit de retour \/ retrait pr\u00e9vu \u00e0 l\u2019art. 9-15 de l\u2019OUG 34\/2014 concernant les contrats \u00e0 distance et les contrats en dehors des espaces commerciaux.<\/p><p>Le client a le droit d\u2019annuler la commande dans un d\u00e9lai maximum de 7 jours ouvrables \u00e0 compter de l\u2019\u00e9mission de la facture ou, le cas \u00e9ch\u00e9ant, apr\u00e8s r\u00e9ception de la marchandise. L\u2019argent sera revers\u00e9 au client dans les 48 heures suivant la date de retour. Les frais de retour sont \u00e0 la charge du client.<\/p><p><strong>S\u2019inscrire en tant qu\u2019utilisateur<\/strong><\/p><p>Afin de cr\u00e9er le compte client, vous acceptez de fournir des informations v\u00e9ridiques, correctes, actuelles et compl\u00e8tes sur vous-m\u00eame, en fonction des sp\u00e9cifications dans les formulaires correspondants.<\/p><p>Si nous estimons que cette obligation n\u2019est pas respect\u00e9e, nous nous r\u00e9servons le droit de bloquer votre acc\u00e8s \u00e0 nos services sans pr\u00e9avis, pour une dur\u00e9e d\u00e9termin\u00e9e ou ind\u00e9termin\u00e9e.<\/p><p>L\u2019authentification en tant que membre sur ce site implique le choix d\u2019un nom d\u2019utilisateur et d\u2019un mot de passe. Garder le mot de passe d\u2019acc\u00e8s en s\u00e9curit\u00e9 est de votre responsabilit\u00e9, les cons\u00e9quences de toute activit\u00e9 effectu\u00e9e en utilisant le mot de passe vous incombe enti\u00e8rement.<\/p><p>Vous acceptez de nous informer imm\u00e9diatement de toute perte de mot de passe ou de tout signe possible d\u2019activit\u00e9 non autoris\u00e9e sous votre nom d\u2019utilisateur.<\/p><p><strong>Confidentialit\u00e9 des donn\u00e9es personnelles<\/strong><\/p><p>Stupi.ro s\u2019engage \u00e0 respecter strictement la confidentialit\u00e9 des donn\u00e9es de ses clients et s\u2019engage \u00e0 ne pas transmettre ces donn\u00e9es personnelles \u00e0 des tiers.<\/p><p>Les donn\u00e9es demand\u00e9es sur ce site sont : nom, pr\u00e9nom, num\u00e9ro de t\u00e9l\u00e9phone, domicile et adresse courriel. Lorsque vous souhaitez passer une commande en ligne, il vous sera \u00e9galement demand\u00e9: adresse de livraison, adresse de facturation et mode de paiement.<\/p><p>Les donn\u00e9es personnelles de l\u2019utilisateur ne peuvent \u00eatre utilis\u00e9es par le Stupi.ro qu\u2019aux fins d\u00e9clar\u00e9es de ce site Web, c\u2019est-\u00e0-dire pour la confirmation et la livraison de la commande \u00e0 l\u2019utilisateur.<\/p><p><strong>Copyright<\/strong><\/p><p>Le Site et tous ses \u00e9l\u00e9ments (graphiques Web, textes, programmes, etc.) sont prot\u00e9g\u00e9s par la loi pour la protection du droit d\u2019auteur. L\u2019utilisation sans notre consentement de tout \u00e9l\u00e9ment contenu dans ce site est punissable selon les lois en vigueur. On pr\u00e9cise aussi que tous les produits Farostup rel\u00e8vent d\u2019un brevet d\u2019invention, ainsi que d\u2019un mod\u00e8le d\u2019utilit\u00e9.<\/p><p><strong>Limitation de responsabilit\u00e9<\/strong><\/p><p>En raison de la l\u00e9gislation en vigueur, le magasin n\u2019a aucune responsabilit\u00e9 en ce qui concerne:<\/p><ul><li>Les retards de livraison dus au fournisseur, au transporteur ou pour d\u2019autres raisons.<\/li><li>les dommages, les destructions, les pertes enregistr\u00e9es pendant le transport jusqu\u2019au destinataire qui sont \u00e0 la charge du transporteur.<\/li><li>Des informations incorrectes fournies par l\u2019acheteur. Il a la possibilit\u00e9 de corriger \u00e0 tout moment les donn\u00e9es personnelles du compte cr\u00e9\u00e9 sur le site.<\/li><li>la possibilit\u00e9 de contacter des virus en acc\u00e9dant \u00e0 ce magasin ou en recevant des courriels \u00e0 caract\u00e8re informatif ou promotionnel.<\/li><li>les inconv\u00e9nients cr\u00e9\u00e9s par l\u2019interruption de l\u2019acc\u00e8s au magasin en raison du fournisseur d\u2019acc\u00e8s Internet (ISP).<\/li><li>le contenu ou la nature des sites par lesquels liens un client arrive dans le magasin.<\/li><\/ul><p>Nous nous r\u00e9servons le droit de refuser une commande \u00e0 tout moment au cours de la proc\u00e9dure de commande pour un certain nombre de raisons, notamment:<\/p><ul><li>le produit command\u00e9 n\u2019est pas en stock<\/li><li>identifier une erreur dans les informations sur le produit, y compris le prix ou une offre promotionnelle.<\/li><\/ul><p>S\u2019il y a des probl\u00e8mes avec une commande, nous vous contacterons par courriel ou par t\u00e9l\u00e9phone.<\/p><p><strong>Dispositions finales<\/strong><\/p><p>Nous nous r\u00e9servons le droit d\u2019apporter des modifications \u00e0 ces termes et conditions, ainsi que des modifications au site, sans pr\u00e9avis aux utilisateurs.<\/p><p>SC FAROSTUP SRL<\/p><ul><li><strong>Si\u00e8ge social :<\/strong> Loc. Cristesti \u2013 Str. Pasunii 362C Jud. Mures<\/li><li><strong>Courriel :<\/strong><a href=\"mailto:comenzi@faroger.ro\"> comenzi@faroger.ro<\/a> et <a href=\"mailto:office@faroger.ro\">office@faroger.ro<\/a> et <a href=\"mailto:lungugrigore75@gmail.com\">lungugrigore75@gmail.com<\/a><\/li><li><strong>T\u00e9l\u00e9phone: <\/strong>0726-262300 ; 0726-262301<\/li><li><strong>Registre du Commerce et des Soci\u00e9t\u00e9s:<\/strong> J26\/1108\/2015<\/li><li><strong>Code fiscal:<\/strong> RO35209175<\/li><\/ul>\t\t\t\t\t\t\t\t<\/div>\n\t\t\t\t<\/div>\n\t\t\t\t\t<\/div>\n\t\t<\/div>\n\t\t\t\t\t<\/div>\n\t\t<\/section>\n\t\t\t\t\t<\/div>\n\t\t<\/div>\n\t\t\t\t\t<\/div>\n\t\t<\/section>\n\t\t\t\t<\/div>\n\t\t","protected":false},"excerpt":{"rendered":"<p>Termes et conditions L\u2019acc\u00e8s et l\u2019utilisation de ce site comporte votre acceptation des termes et conditions ci-dessous. Pour utiliser le site dans les meilleures conditions, il est recommand\u00e9 de lire attentivement l\u2019ensemble des conditions g\u00e9n\u00e9rales. Informations sur le produit Stupi.ro met tout en \u0153uvre pour vous pr\u00e9senter les couleurs, tailles, dimensions et descriptions de produits avec la plus grande pr\u00e9cision. Cependant, en raison du grand volume de donn\u00e9es, des inexactitudes peuvent survenir dans les informations sur le produit. En outre, les couleurs que vous voyez sur le moniteur peuvent \u00eatre diff\u00e9rentes des couleurs r\u00e9elles des produits. Commandes Il n\u2019y a pas de commande minimum requis. Tous les prix affich\u00e9s sur le site sont en RON et incluent la TVA. Les prix affich\u00e9s ne contiennent pas les frais d\u2019exp\u00e9dition. Ces taxes seront indiqu\u00e9es s\u00e9par\u00e9ment sur la facture fiscale. La facture fiscale est \u00e9mise conform\u00e9ment \u00e0 la l\u00e9gislation en vigueur en Roumanie et est envoy\u00e9e avec les produits command\u00e9s \u00e0 l\u2019adresse de livraison. Les commandes pass\u00e9es les jours ouvrables, jusqu\u2019\u00e0 16 heures, heure de Roumanie, doivent \u00eatre exp\u00e9di\u00e9es dans un d\u00e9lai maximal d\u2019un jour ouvrable. L\u2019exp\u00e9dition signifie pr\u00e9parer les marchandises et les remettre aux entreprises de messagerie pour la livraison. Selon les lois en vigueur, la commande effectu\u00e9e sur ce site est consid\u00e9r\u00e9e comme un contrat entre l\u2019utilisateur et FAROSTUP SRL et doit \u00eatre ex\u00e9cut\u00e9e par les deux parties. Cela signifie que FAROSTUP SRL s\u2019engage \u00e0 livrer les produits et services command\u00e9s, et l\u2019utilisateur s\u2019engage \u00e0 payer la valeur de la commande. Nous nous r\u00e9servons le droit de modifier les prix affich\u00e9s sur le site lorsque nous le jugeons n\u00e9cessaire. FAROSTUP SRL utilise les services d\u2019autres soci\u00e9t\u00e9s, par exemple pour le transport, le paiement, etc. La responsabilit\u00e9 de ces services incombe enti\u00e8rement aux entreprises prestataires de services. Il est de la responsabilit\u00e9 de l\u2019utilisateur qu\u2019avant d\u2019utiliser ces services de conna\u00eetre et d\u2019accepter les conditions et les termes de ces soci\u00e9t\u00e9s. Politique de livraison La livraison est effectu\u00e9e par Fan Curier ou DPD \u2013 le client choisit la soci\u00e9t\u00e9 de messagerie lors de la commande. Par DPD, les frais de transport sont calcul\u00e9s en fonction du poids du colis. Par Fan Courier, le montant du transport sera communiqu\u00e9 au client apr\u00e8s avoir pass\u00e9 la commande. Le d\u00e9lai de livraison est de 1-2 jours ouvrables \u00e0 compter de la date de passation de la commande. Les frais de livraison peuvent changer si l\u2019adresse du client n\u2019est pas dans la zone de livraison de la soci\u00e9t\u00e9 de messagerie. Politique de retour Toutes les images des produits pr\u00e9sent\u00e9s sur le site sont indicatives et sont personnalis\u00e9es sur demande, en fonction de la commande effectu\u00e9e par le client, c\u2019est pourquoi ils sont exempt\u00e9s du droit de retour \/ retrait pr\u00e9vu \u00e0 l\u2019art. 9-15 de l\u2019OUG 34\/2014 concernant les contrats \u00e0 distance et les contrats en dehors des espaces commerciaux. Le client a le droit d\u2019annuler la commande dans un d\u00e9lai maximum de 7 jours ouvrables \u00e0 compter de l\u2019\u00e9mission de la facture ou, le cas \u00e9ch\u00e9ant, apr\u00e8s r\u00e9ception de la marchandise. L\u2019argent sera revers\u00e9 au client dans les 48 heures suivant la date de retour. Les frais de retour sont \u00e0 la charge du client. S\u2019inscrire en tant qu\u2019utilisateur Afin de cr\u00e9er le compte client, vous acceptez de fournir des informations v\u00e9ridiques, correctes, actuelles et compl\u00e8tes sur vous-m\u00eame, en fonction des sp\u00e9cifications dans les formulaires correspondants. Si nous estimons que cette obligation n\u2019est pas respect\u00e9e, nous nous r\u00e9servons le droit de bloquer votre acc\u00e8s \u00e0 nos services sans pr\u00e9avis, pour une dur\u00e9e d\u00e9termin\u00e9e ou ind\u00e9termin\u00e9e. L\u2019authentification en tant que membre sur ce site implique le choix d\u2019un nom d\u2019utilisateur et d\u2019un mot de passe. Garder le mot de passe d\u2019acc\u00e8s en s\u00e9curit\u00e9 est de votre responsabilit\u00e9, les cons\u00e9quences de toute activit\u00e9 effectu\u00e9e en utilisant le mot de passe vous incombe enti\u00e8rement. Vous acceptez de nous informer imm\u00e9diatement de toute perte de mot de passe ou de tout signe possible d\u2019activit\u00e9 non autoris\u00e9e sous votre nom d\u2019utilisateur. Confidentialit\u00e9 des donn\u00e9es personnelles Stupi.ro s\u2019engage \u00e0 respecter strictement la confidentialit\u00e9 des donn\u00e9es de ses clients et s\u2019engage \u00e0 ne pas transmettre ces donn\u00e9es personnelles \u00e0 des tiers. Les donn\u00e9es demand\u00e9es sur ce site sont : nom, pr\u00e9nom, num\u00e9ro de t\u00e9l\u00e9phone, domicile et adresse courriel. Lorsque vous souhaitez passer une commande en ligne, il vous sera \u00e9galement demand\u00e9: adresse de livraison, adresse de facturation et mode de paiement. Les donn\u00e9es personnelles de l\u2019utilisateur ne peuvent \u00eatre utilis\u00e9es par le Stupi.ro qu\u2019aux fins d\u00e9clar\u00e9es de ce site Web, c\u2019est-\u00e0-dire pour la confirmation et la livraison de la commande \u00e0 l\u2019utilisateur. Copyright Le Site et tous ses \u00e9l\u00e9ments (graphiques Web, textes, programmes, etc.) sont prot\u00e9g\u00e9s par la loi pour la protection du droit d\u2019auteur. L\u2019utilisation sans notre consentement de tout \u00e9l\u00e9ment contenu dans ce site est punissable selon les lois en vigueur. On pr\u00e9cise aussi que tous les produits Farostup rel\u00e8vent d\u2019un brevet d\u2019invention, ainsi que d\u2019un mod\u00e8le d\u2019utilit\u00e9. Limitation de responsabilit\u00e9 En raison de la l\u00e9gislation en vigueur, le magasin n\u2019a aucune responsabilit\u00e9 en ce qui concerne: Les retards de livraison dus au fournisseur, au transporteur ou pour d\u2019autres raisons. les dommages, les destructions, les pertes enregistr\u00e9es pendant le transport jusqu\u2019au destinataire qui sont \u00e0 la charge du transporteur. Des informations incorrectes fournies par l\u2019acheteur. Il a la possibilit\u00e9 de corriger \u00e0 tout moment les donn\u00e9es personnelles du compte cr\u00e9\u00e9 sur le site. la possibilit\u00e9 de contacter des virus en acc\u00e9dant \u00e0 ce magasin ou en recevant des courriels \u00e0 caract\u00e8re informatif ou promotionnel. les inconv\u00e9nients cr\u00e9\u00e9s par l\u2019interruption de l\u2019acc\u00e8s au magasin en raison du fournisseur d\u2019acc\u00e8s Internet (ISP). le contenu ou la nature des sites par lesquels liens un client arrive dans le magasin. Nous nous r\u00e9servons le droit de refuser une commande \u00e0 tout moment au cours de la proc\u00e9dure de commande pour un certain nombre de raisons, notamment: le produit command\u00e9 n\u2019est pas en stock identifier une erreur dans les informations sur le produit, y compris le prix ou une offre promotionnelle. S\u2019il y a des probl\u00e8mes [&hellip;]<\/p>\n","protected":false},"author":1,"featured_media":0,"parent":0,"menu_order":0,"comment_status":"closed","ping_status":"closed","template":"elementor_header_footer","meta":{"footnotes":""},"class_list":["post-13","page","type-page","status-publish","hentry","post-no-thumbnail"],"_links":{"self":[{"href":"https:\/\/stupi.ro\/fr\/wp-json\/wp\/v2\/pages\/13","targetHints":{"allow":["GET"]}}],"collection":[{"href":"https:\/\/stupi.ro\/fr\/wp-json\/wp\/v2\/pages"}],"about":[{"href":"https:\/\/stupi.ro\/fr\/wp-json\/wp\/v2\/types\/page"}],"author":[{"embeddable":true,"href":"https:\/\/stupi.ro\/fr\/wp-json\/wp\/v2\/users\/1"}],"replies":[{"embeddable":true,"href":"https:\/\/stupi.ro\/fr\/wp-json\/wp\/v2\/comments?post=13"}],"version-history":[{"count":7,"href":"https:\/\/stupi.ro\/fr\/wp-json\/wp\/v2\/pages\/13\/revisions"}],"predecessor-version":[{"id":1649,"href":"https:\/\/stupi.ro\/fr\/wp-json\/wp\/v2\/pages\/13\/revisions\/1649"}],"wp:attachment":[{"href":"https:\/\/stupi.ro\/fr\/wp-json\/wp\/v2\/media?parent=13"}],"curies":[{"name":"wp","href":"https:\/\/api.w.org\/{rel}","templated":true}]}}