{"id":1038,"date":"2023-03-22T21:05:47","date_gmt":"2023-03-22T21:05:47","guid":{"rendered":"https:\/\/stupi.ro\/fr\/?page_id=1038"},"modified":"2023-04-25T12:00:12","modified_gmt":"2023-04-25T12:00:12","slug":"emballage-et-livraison","status":"publish","type":"page","link":"https:\/\/stupi.ro\/fr\/emballage-et-livraison\/","title":{"rendered":"Emballage et livraison"},"content":{"rendered":"\t\t<div data-elementor-type=\"wp-page\" data-elementor-id=\"1038\" class=\"elementor elementor-1038\">\n\t\t\t\t\t\t<section class=\"elementor-section elementor-top-section elementor-element elementor-element-1f45ed43 elementor-section-boxed elementor-section-gap-beside-yes elementor-section-height-default elementor-section-height-default elementor-section-content-align-center elementor-section-column-vertical-align-stretch\" data-id=\"1f45ed43\" data-element_type=\"section\" data-e-type=\"section\">\n\t\t\t\t\t\t<div class=\"elementor-container elementor-column-gap-extended\">\n\t\t\t\t\t<div class=\"elementor-column elementor-col-100 elementor-top-column elementor-element elementor-element-7274f8c6\" data-id=\"7274f8c6\" data-element_type=\"column\" data-e-type=\"column\">\n\t\t\t<div class=\"elementor-widget-wrap elementor-element-populated\">\n\t\t\t\t\t\t<div class=\"elementor-element elementor-element-7ff92fe3 elementor-widget elementor-widget-text-editor\" data-id=\"7ff92fe3\" data-element_type=\"widget\" data-e-type=\"widget\" data-widget_type=\"text-editor.default\">\n\t\t\t\t<div class=\"elementor-widget-container\">\n\t\t\t\t\t\t\t\t\t<p>FAROSTUP<\/p>\t\t\t\t\t\t\t\t<\/div>\n\t\t\t\t<\/div>\n\t\t\t\t<div class=\"elementor-element elementor-element-3f739afe elementor-widget elementor-widget-text-editor\" data-id=\"3f739afe\" data-element_type=\"widget\" data-e-type=\"widget\" data-widget_type=\"text-editor.default\">\n\t\t\t\t<div class=\"elementor-widget-container\">\n\t\t\t\t\t\t\t\t\t<p>Emballage et livraison<\/p>\t\t\t\t\t\t\t\t<\/div>\n\t\t\t\t<\/div>\n\t\t\t\t<section class=\"elementor-section elementor-inner-section elementor-element elementor-element-1439e3b6 elementor-section-boxed elementor-section-gap-beside-yes elementor-section-height-default elementor-section-height-default elementor-section-content-align-center elementor-section-column-vertical-align-stretch\" data-id=\"1439e3b6\" data-element_type=\"section\" data-e-type=\"section\">\n\t\t\t\t\t\t<div class=\"elementor-container elementor-column-gap-extended\">\n\t\t\t\t\t<div class=\"elementor-column elementor-col-100 elementor-inner-column elementor-element elementor-element-1b09ae59\" data-id=\"1b09ae59\" data-element_type=\"column\" data-e-type=\"column\">\n\t\t\t<div class=\"elementor-widget-wrap elementor-element-populated\">\n\t\t\t\t\t\t<div class=\"elementor-element elementor-element-4da4f404 elementor-widget elementor-widget-text-editor\" data-id=\"4da4f404\" data-element_type=\"widget\" data-e-type=\"widget\" data-widget_type=\"text-editor.default\">\n\t\t\t\t<div class=\"elementor-widget-container\">\n\t\t\t\t\t\t\t\t\t<p>Tous les corps de ruches arrivent chez le client d\u00e9mont\u00e9s, sous la forme d\u2019un kit, ce qui nous permet de livrer un grand nombre de pi\u00e8ces sans perte d\u2019espace. <br \/><br \/>Un corps d\u00e9mont\u00e9 se compose de 4 parois avec le kit de vis pour le montage.<\/p><p>Outre l\u2019avantage offert lors des livraisons, si quelque chose se passe en exploitation avec une pi\u00e8ce ou un c\u00f4t\u00e9, seule cette pi\u00e8ce peut \u00eatre achet\u00e9e ou remplac\u00e9e.<\/p><p>Nous livrons g\u00e9n\u00e9ralement de petites quantit\u00e9s de ruches (jusqu\u2019\u00e0 15 pi\u00e8ces) dans des bo\u00eetes en carton. Et pour ce qui d\u00e9passe 15 pi\u00e8ces, nous avons cr\u00e9\u00e9 un syst\u00e8me dans lequel nous palettisons les ruches, afin de pouvoir les transporter le moins cher possible \u2013 d\u2019une mani\u00e8re bien compactis\u00e9e et dans des conditions de s\u00e9curit\u00e9 maximale.<\/p><p>Nous faisons attention \u00e0 l\u2019emballage de nos ruches, pour nous assurer qu\u2019elles vous parviennent intactes et que vous puissiez en profiter le plus rapidement possible. Les d\u00e9lais de livraison sont g\u00e9n\u00e9ralement courts. Nous essayons d\u2019avoir suffisamment de stocks tout au long de l\u2019ann\u00e9e.<\/p>\t\t\t\t\t\t\t\t<\/div>\n\t\t\t\t<\/div>\n\t\t\t\t<div class=\"elementor-element elementor-element-713c1f8 elementor-widget elementor-widget-tm-image-gallery\" data-id=\"713c1f8\" data-element_type=\"widget\" data-e-type=\"widget\" data-widget_type=\"tm-image-gallery.default\">\n\t\t\t\t<div class=\"elementor-widget-container\">\n\t\t\t\t\t\t\t<div class=\"minimog-grid-wrapper\" data-grid=\"{&quot;type&quot;:&quot;grid&quot;,&quot;columns&quot;:3,&quot;gutter&quot;:30,&quot;gutterMobile&quot;:15}\">\n\t\t\t<div class=\"minimog-grid lazy-grid\">\n\t\t\t\t<div class=\"grid-sizer\"><\/div>\n\n\t\t\t\t\t\t\t\t\t\t\t\t<div class=\"grid-item\">\n\t\t\t\t\t\t<div class=\"minimog-box\">\t\t<div class=\"minimog-image image\">\n\t\t\t<m-image class=\"minimog-lazy-image\" style=\"--lazy-image-width: 600px;--lazy-image-height: 100%;\" data-image-loading><img loading=\"lazy\" decoding=\"async\"  src=\"https:\/\/stupi.ro\/fr\/wp-content\/uploads\/2023\/03\/IMG20210824120911-min-600x600.jpg\" width=\"600\" height=\"600\" alt=\"IMG20210824120911-min\" loading=\"lazy\" class=\"attachment-600x600 size-600x600\" \/><\/m-image>\t\t<\/div>\n\t\t\t\t<\/div>\t\t\t\t\t<\/div>\n\t\t\t\t\t\t<div class=\"grid-item\">\n\t\t\t\t\t\t<div class=\"minimog-box\">\t\t<div class=\"minimog-image image\">\n\t\t\t<m-image class=\"minimog-lazy-image\" style=\"--lazy-image-width: 600px;--lazy-image-height: 100%;\" data-image-loading><img loading=\"lazy\" decoding=\"async\"  src=\"https:\/\/stupi.ro\/fr\/wp-content\/uploads\/2023\/03\/IMG20210830121548-min-600x600.jpg\" width=\"600\" height=\"600\" alt=\"IMG20210830121548-min\" loading=\"lazy\" class=\"attachment-600x600 size-600x600\" \/><\/m-image>\t\t<\/div>\n\t\t\t\t<\/div>\t\t\t\t\t<\/div>\n\t\t\t\t\t\t<div class=\"grid-item\">\n\t\t\t\t\t\t<div class=\"minimog-box\">\t\t<div class=\"minimog-image image\">\n\t\t\t<m-image class=\"minimog-lazy-image\" style=\"--lazy-image-width: 600px;--lazy-image-height: 100%;\" data-image-loading><img loading=\"lazy\" decoding=\"async\"  src=\"https:\/\/stupi.ro\/fr\/wp-content\/uploads\/2023\/03\/IMG20210825172404-min-600x600.jpg\" width=\"600\" height=\"600\" alt=\"IMG20210825172404-min\" loading=\"lazy\" class=\"attachment-600x600 size-600x600\" \/><\/m-image>\t\t<\/div>\n\t\t\t\t<\/div>\t\t\t\t\t<\/div>\n\t\t\t\t\t\t\t\n\t\t\t<\/div>\n\t\t<\/div>\n\t\t\t\t\t\t<\/div>\n\t\t\t\t<\/div>\n\t\t\t\t\t<\/div>\n\t\t<\/div>\n\t\t\t\t\t<\/div>\n\t\t<\/section>\n\t\t\t\t\t<\/div>\n\t\t<\/div>\n\t\t\t\t\t<\/div>\n\t\t<\/section>\n\t\t\t\t<\/div>\n\t\t","protected":false},"excerpt":{"rendered":"<p>FAROSTUP Emballage et livraison Tous les corps de ruches arrivent chez le client d\u00e9mont\u00e9s, sous la forme d\u2019un kit, ce qui nous permet de livrer un grand nombre de pi\u00e8ces sans perte d\u2019espace. Un corps d\u00e9mont\u00e9 se compose de 4 parois avec le kit de vis pour le montage. Outre l\u2019avantage offert lors des livraisons, si quelque chose se passe en exploitation avec une pi\u00e8ce ou un c\u00f4t\u00e9, seule cette pi\u00e8ce peut \u00eatre achet\u00e9e ou remplac\u00e9e. Nous livrons g\u00e9n\u00e9ralement de petites quantit\u00e9s de ruches (jusqu\u2019\u00e0 15 pi\u00e8ces) dans des bo\u00eetes en carton. Et pour ce qui d\u00e9passe 15 pi\u00e8ces, nous avons cr\u00e9\u00e9 un syst\u00e8me dans lequel nous palettisons les ruches, afin de pouvoir les transporter le moins cher possible \u2013 d\u2019une mani\u00e8re bien compactis\u00e9e et dans des conditions de s\u00e9curit\u00e9 maximale. Nous faisons attention \u00e0 l\u2019emballage de nos ruches, pour nous assurer qu\u2019elles vous parviennent intactes et que vous puissiez en profiter le plus rapidement possible. Les d\u00e9lais de livraison sont g\u00e9n\u00e9ralement courts. Nous essayons d\u2019avoir suffisamment de stocks tout au long de l\u2019ann\u00e9e.<\/p>\n","protected":false},"author":1,"featured_media":0,"parent":0,"menu_order":0,"comment_status":"closed","ping_status":"closed","template":"elementor_header_footer","meta":{"footnotes":""},"class_list":["post-1038","page","type-page","status-publish","hentry","post-no-thumbnail"],"_links":{"self":[{"href":"https:\/\/stupi.ro\/fr\/wp-json\/wp\/v2\/pages\/1038","targetHints":{"allow":["GET"]}}],"collection":[{"href":"https:\/\/stupi.ro\/fr\/wp-json\/wp\/v2\/pages"}],"about":[{"href":"https:\/\/stupi.ro\/fr\/wp-json\/wp\/v2\/types\/page"}],"author":[{"embeddable":true,"href":"https:\/\/stupi.ro\/fr\/wp-json\/wp\/v2\/users\/1"}],"replies":[{"embeddable":true,"href":"https:\/\/stupi.ro\/fr\/wp-json\/wp\/v2\/comments?post=1038"}],"version-history":[{"count":7,"href":"https:\/\/stupi.ro\/fr\/wp-json\/wp\/v2\/pages\/1038\/revisions"}],"predecessor-version":[{"id":1637,"href":"https:\/\/stupi.ro\/fr\/wp-json\/wp\/v2\/pages\/1038\/revisions\/1637"}],"wp:attachment":[{"href":"https:\/\/stupi.ro\/fr\/wp-json\/wp\/v2\/media?parent=1038"}],"curies":[{"name":"wp","href":"https:\/\/api.w.org\/{rel}","templated":true}]}}